{"id":10707,"date":"2020-04-26T23:17:54","date_gmt":"2020-04-26T23:17:54","guid":{"rendered":"https:\/\/www.utsvirtual.edu.co\/sitio\/?page_id=10707"},"modified":"2025-10-14T21:08:17","modified_gmt":"2025-10-14T21:08:17","slug":"conexionbienestar","status":"publish","type":"page","link":"https:\/\/www.utsvirtual.edu.co\/sitio\/conexionbienestar\/","title":{"rendered":"Conexi\u00f3n Bienestar"},"content":{"rendered":"<div class=\"wpb-content-wrapper\"><section class=\"vc_section\"><div class=\"vc_row wpb_row vc_row-fluid\"><div class=\"wpb_column vc_column_container vc_col-sm-12\"><div class=\"vc_column-inner\"><div class=\"wpb_wrapper\">\n\t<div  class=\"wpb_single_image wpb_content_element vc_align_center wpb_content_element\">\n\t\t\n\t\t<figure class=\"wpb_wrapper vc_figure\">\n\t\t\t<div class=\"vc_single_image-wrapper   vc_box_border_grey\"><img loading=\"lazy\" decoding=\"async\" width=\"1600\" height=\"630\" src=\"https:\/\/www.utsvirtual.edu.co\/sitio\/wp-content\/uploads\/2023\/09\/BANNER-CONEXION-BIENESTAR.jpg\" class=\"vc_single_image-img attachment-full\" alt=\"\" title=\"BANNER CONEXI\u00d3N BIENESTAR\" srcset=\"https:\/\/www.utsvirtual.edu.co\/sitio\/wp-content\/uploads\/2023\/09\/BANNER-CONEXION-BIENESTAR.jpg 1600w, https:\/\/www.utsvirtual.edu.co\/sitio\/wp-content\/uploads\/2023\/09\/BANNER-CONEXION-BIENESTAR-300x118.jpg 300w, https:\/\/www.utsvirtual.edu.co\/sitio\/wp-content\/uploads\/2023\/09\/BANNER-CONEXION-BIENESTAR-1024x403.jpg 1024w, https:\/\/www.utsvirtual.edu.co\/sitio\/wp-content\/uploads\/2023\/09\/BANNER-CONEXION-BIENESTAR-150x59.jpg 150w, https:\/\/www.utsvirtual.edu.co\/sitio\/wp-content\/uploads\/2023\/09\/BANNER-CONEXION-BIENESTAR-768x302.jpg 768w, https:\/\/www.utsvirtual.edu.co\/sitio\/wp-content\/uploads\/2023\/09\/BANNER-CONEXION-BIENESTAR-1536x605.jpg 1536w\" sizes=\"auto, (max-width: 1600px) 100vw, 1600px\" \/><\/div>\n\t\t<\/figure>\n\t<\/div>\n<\/div><\/div><\/div><\/div><\/section><div class=\"vc_row wpb_row vc_row-fluid\"><div class=\"wpb_column vc_column_container vc_col-sm-12\"><div class=\"vc_column-inner\"><div class=\"wpb_wrapper\"><div class=\"vc_row wpb_row vc_inner vc_row-fluid\"><div class=\"wpb_column vc_column_container vc_col-sm-4\"><div class=\"vc_column-inner\"><div class=\"wpb_wrapper\"><div class=\"vc_message_box vc_message_box-solid-icon vc_message_box-rounded vc_color-peacoc vc_custom_1760476093570 vc_do_message\" ><div class=\"vc_message_box-icon\"><i class=\"\"><\/i><\/div><p><span style=\"color: #000000;\"><span style=\"color: #008000; font-size: 14pt;\"><strong>Informaci\u00f3n y Contacto:<\/strong><\/span><\/span><\/p>\n<p>MAGDA CAROLINA GONZALEZ ALVAREZ<br \/>\n<span style=\"color: #000000;\"><strong>Coordinador Grupo de Bienestar Institucional<br \/>\n<\/strong><\/span><span style=\"color: #000000;\">E-mail:<strong> bienestararteycultura@correo.uts.edu.co<\/strong><\/span><\/p>\n<p><span style=\"color: #000000;\">Tel\u00e9fono: 6917700 <\/span><br \/>\n<span style=\"color: #000000;\">Extensiones: 1229 &#8211; 1230\u00a0<\/span><\/p>\n<p>&nbsp;<\/p>\n<p><a href=\"https:\/\/www.facebook.com\/bienestarinstitucionalutsoficial\" target=\"_blank\" rel=\"noopener\"><img loading=\"lazy\" decoding=\"async\" class=\"alignnone wp-image-15978\" src=\"https:\/\/www.utsvirtual.edu.co\/sitio\/wp-content\/uploads\/2023\/03\/1.jpg\" alt=\"\" width=\"60\" height=\"59\" srcset=\"https:\/\/www.utsvirtual.edu.co\/sitio\/wp-content\/uploads\/2023\/03\/1.jpg 130w, https:\/\/www.utsvirtual.edu.co\/sitio\/wp-content\/uploads\/2023\/03\/1-120x120.jpg 120w\" sizes=\"auto, (max-width: 60px) 100vw, 60px\" \/>\u00a0<\/a> \u00a0\u00a0 \u00a0\u00a0 \u00a0\u00a0 <a href=\"https:\/\/www.instagram.com\/bienestaruts\/?igshid=ZDdkNTZiNTM%3D\" target=\"_blank\" rel=\"noopener\"><img loading=\"lazy\" decoding=\"async\" class=\"alignnone wp-image-15977\" src=\"https:\/\/www.utsvirtual.edu.co\/sitio\/wp-content\/uploads\/2023\/03\/2.jpg\" alt=\"\" width=\"60\" height=\"60\" srcset=\"https:\/\/www.utsvirtual.edu.co\/sitio\/wp-content\/uploads\/2023\/03\/2.jpg 128w, https:\/\/www.utsvirtual.edu.co\/sitio\/wp-content\/uploads\/2023\/03\/2-120x120.jpg 120w\" sizes=\"auto, (max-width: 60px) 100vw, 60px\" \/>\u00a0 \u00a0 \u00a0 \u00a0 \u00a0 \u00a0 <\/a><a href=\"https:\/\/www.tiktok.com\/@bienestaruts?_d=secCgwIARCbDRjEFSACKAESPgo8%2F6kVcO6iev%2F95a4ArNS8SnmSa1lIOCGlohyU390yBtZy6%2FEM0XIMtf3ne%2BAUyGIgNCsV%2FRa3Fv5Edy8VGgA%3D&amp;language=es&amp;sec_uid=MS4wLjABAAAAeJ5vgzXFCxwfWf62q3pjSIDBymlresWaYanki52i2cFO8ao8ymz8eDAN2szNbBWx&amp;sec_user_id=MS4wLjABAAAAeJ5vgzXFCxwfWf62q3pjSIDBymlresWaYanki52i2cFO8ao8ymz8eDAN2szNbBWx&amp;share_app_id=1233&amp;share_author_id=7064981474098168837&amp;share_link_id=46829573-0d81-45e0-bad6-fb6c4315850d&amp;timestamp=1645576182&amp;u_code=e08kbk5iha5h2e&amp;user_id=7064981474098168837&amp;utm_campaign=client_share&amp;utm_medium=android&amp;utm_source=more&amp;source=h5_m&amp;_r=1\" target=\"_blank\" rel=\"noopener\"><img loading=\"lazy\" decoding=\"async\" class=\"alignnone wp-image-15976\" src=\"https:\/\/www.utsvirtual.edu.co\/sitio\/wp-content\/uploads\/2023\/03\/3.png\" alt=\"\" width=\"60\" height=\"60\" srcset=\"https:\/\/www.utsvirtual.edu.co\/sitio\/wp-content\/uploads\/2023\/03\/3.png 128w, https:\/\/www.utsvirtual.edu.co\/sitio\/wp-content\/uploads\/2023\/03\/3-120x120.png 120w\" sizes=\"auto, (max-width: 60px) 100vw, 60px\" \/><\/a><\/p>\n<\/div><\/div><\/div><\/div><div class=\"wpb_column vc_column_container vc_col-sm-8\"><div class=\"vc_column-inner\"><div class=\"wpb_wrapper\"><div class=\"vc_message_box vc_message_box-solid-icon vc_message_box-rounded vc_color-peacoc vc_custom_1678309289437 vc_do_message\" ><div class=\"vc_message_box-icon\"><i class=\"fa fa-solid fa-circle-info\"><\/i><\/div><p style=\"text-align: justify;\"><span style=\"color: #333333;\"><span style=\"color: #008000;\"><strong>\u00bfQu\u00e9 es Conexi\u00f3n Bienestar?<\/strong><\/span><\/span><\/p>\n<p style=\"text-align: justify;\"><span style=\"color: #000000;\">Es la apuesta de las Unidades Tecnol\u00f3gicas de Santander por brindar servicios de bienestar para nuestra comunidad articulado con Bienestar institucional que es la dependencia administrativa que brinda, promueve y trabaja para el buen desarrollo de la actividad acad\u00e9mica, contribuyendo activamente en la formaci\u00f3n integral de la comunidad Ute\u00edsta a trav\u00e9s de la implementaci\u00f3n de programas que orienten el desarrollo f\u00edsico, psico-afectivo, espiritual, potencial individual y colectivo del estudiante, profesores y personal administrativo que propenden por el mejoramiento de su calidad de vida.<\/span><\/p>\n<p><span style=\"color: #3366ff;\"><a style=\"color: #3366ff;\" href=\"http:\/\/www.uts.edu.co\/sitio\/wp-content\/uploads\/normatividad\/acuerdos\/acu-37.pdf?_t=1582322783\" target=\"_blank\" rel=\"noopener\"><strong>Modelo de Bienestar Institucional de las Unidades Tecnol\u00f3gicas de Santander<\/strong><\/a><\/span><\/p>\n<\/div><div class=\"vc_btn3-container vc_btn3-center vc_do_btn\" ><a class=\"vc_general vc_btn3 vc_btn3-size-lg vc_btn3-shape-rounded vc_btn3-style-modern vc_btn3-block vc_btn3-icon-left vc_btn3-color-success\" href=\"https:\/\/www.uts.edu.co\/sitio\/bienestar-institucional\/\" title=\"\" target=\"_blank\"><i class=\"vc_btn3-icon fas fa-heart\"><\/i> Ver m\u00e1s informaci\u00f3n de Bienestar Institucional<\/a><\/div><div class=\"vc_btn3-container vc_btn3-center vc_do_btn\" ><a class=\"vc_general vc_btn3 vc_btn3-size-lg vc_btn3-shape-rounded vc_btn3-style-modern vc_btn3-block vc_btn3-icon-left vc_btn3-color-orange\" href=\"https:\/\/www.uts.edu.co\/sitio\/bienestar-institucional\/eventos-de-bienestar-institucional\/\" title=\"\" target=\"_blank\"><i class=\"vc_btn3-icon far fa-calendar-alt\"><\/i> Ver Eventos de Bienestar Institucional<\/a><\/div><div class=\"vc_btn3-container vc_btn3-center vc_do_btn\" ><a class=\"vc_general vc_btn3 vc_btn3-size-lg vc_btn3-shape-rounded vc_btn3-style-modern vc_btn3-block vc_btn3-icon-left vc_btn3-color-sky\" href=\"https:\/\/www.uts.edu.co\/sitio\/bienestar-institucional\/eventos-de-bienestar-institucional\/\" title=\"\" target=\"_blank\"><i class=\"vc_btn3-icon fas fa-exclamation-triangle\"><\/i> \u00bfQu\u00e9 hacer en caso de accidentes de estudiantes?<\/a><\/div><\/div><\/div><\/div><\/div><div class=\"vc_row wpb_row vc_inner vc_row-fluid vc_row-o-equal-height vc_row-flex\"><div class=\"wpb_column vc_column_container vc_col-sm-12\"><div class=\"vc_column-inner\"><div class=\"wpb_wrapper\"><div class=\"vc_separator wpb_content_element vc_separator_align_center vc_sep_width_100 vc_sep_pos_align_center vc_sep_color_peacoc wpb_content_element vc_separator-has-text\" ><span class=\"vc_sep_holder vc_sep_holder_l\"><span class=\"vc_sep_line\"><\/span><\/span><div class=\"vc_icon_element vc_icon_element-outer vc_do_icon vc_icon_element-align-left\"><div class=\"vc_icon_element-inner vc_icon_element-color-peacoc vc_icon_element-size-md vc_icon_element-style- vc_icon_element-background-color-grey\" ><span class=\"vc_icon_element-icon fas fa-check\" ><\/span><\/div><\/div><h4>Conoce nuestros servicios<\/h4><span class=\"vc_sep_holder vc_sep_holder_r\"><span class=\"vc_sep_line\"><\/span><\/span>\n<\/div><\/div><\/div><\/div><\/div><\/div><\/div><\/div><\/div><div class=\"vc_row wpb_row vc_row-fluid\"><div class=\"wpb_column vc_column_container vc_col-sm-4\"><div class=\"vc_column-inner\"><div class=\"wpb_wrapper\">\n\t<div class=\"wpb_text_column wpb_content_element vc_custom_1588914487692\" >\n\t\t<div class=\"wpb_wrapper\">\n\t\t\t<p style=\"text-align: center;\"><span style=\"color: #008000;\"><strong>Conexi\u00f3n Salud<\/strong><\/span><\/p>\n\n\t\t<\/div>\n\t<\/div>\n\n\t<div  class=\"wpb_single_image wpb_content_element vc_align_center wpb_content_element\">\n\t\t\n\t\t<figure class=\"wpb_wrapper vc_figure\">\n\t\t\t<div class=\"vc_single_image-wrapper vc_box_shadow_border  vc_box_border_grey\"><img decoding=\"async\" class=\"vc_single_image-img \" src=\"https:\/\/www.utsvirtual.edu.co\/sitio\/wp-content\/uploads\/2023\/09\/Conexion-Salud-100-250x250.jpg\" width=\"250\" height=\"250\" alt=\"Conexi\u00f3n Salud-100\" title=\"Conexi\u00f3n Salud-100\" loading=\"lazy\" \/><\/div>\n\t\t<\/figure>\n\t<\/div>\n<div class=\"vc_btn3-container vc_btn3-center vc_custom_1678311075840 vc_do_btn\" ><a class=\"vc_general vc_btn3 vc_btn3-size-sm vc_btn3-shape-rounded vc_btn3-style-classic vc_btn3-icon-left vc_btn3-color-green\" href=\"https:\/\/www.utsvirtual.edu.co\/sitio\/conexion-salud\/\" title=\"Bienestar Deporte y Recreaci\u00f3n\" target=\"_blank\"><i class=\"vc_btn3-icon fas fa-check\"><\/i> Visitar Secci\u00f3n<\/a><\/div>\n\t<div class=\"wpb_text_column wpb_content_element vc_custom_1678310156861\" >\n\t\t<div class=\"wpb_wrapper\">\n\t\t\t<p style=\"text-align: center;\"><span style=\"color: #008000;\"><strong>Diversidad e inclusi\u00f3n<\/strong><\/span><\/p>\n\n\t\t<\/div>\n\t<\/div>\n\n\t<div  class=\"wpb_single_image wpb_content_element vc_align_center wpb_content_element\">\n\t\t\n\t\t<figure class=\"wpb_wrapper vc_figure\">\n\t\t\t<div class=\"vc_single_image-wrapper vc_box_shadow_border  vc_box_border_grey\"><img decoding=\"async\" class=\"vc_single_image-img \" src=\"https:\/\/www.utsvirtual.edu.co\/sitio\/wp-content\/uploads\/2023\/09\/Diversidad-e-inclusion-100-250x250.jpg\" width=\"250\" height=\"250\" alt=\"Diversidad e inclusi\u00f3n-100\" title=\"Diversidad e inclusi\u00f3n-100\" loading=\"lazy\" \/><\/div>\n\t\t<\/figure>\n\t<\/div>\n<div class=\"vc_btn3-container vc_btn3-center vc_custom_1678310272781 vc_do_btn\" ><a class=\"vc_general vc_btn3 vc_btn3-size-sm vc_btn3-shape-rounded vc_btn3-style-classic vc_btn3-icon-left vc_btn3-color-green\" href=\"https:\/\/www.uts.edu.co\/sitio\/bienestar-inclusiva\/\" title=\"Diversidad e inclusi\u00f3n\" target=\"_blank\"><i class=\"vc_btn3-icon fas fa-check\"><\/i> Visitar Secci\u00f3n<\/a><\/div><\/div><\/div><\/div><div class=\"wpb_column vc_column_container vc_col-sm-4\"><div class=\"vc_column-inner\"><div class=\"wpb_wrapper\">\n\t<div class=\"wpb_text_column wpb_content_element vc_custom_1588914541116\" >\n\t\t<div class=\"wpb_wrapper\">\n\t\t\t<p style=\"text-align: center;\"><span style=\"color: #008000;\"><strong>Conexi\u00f3n deporte<\/strong><\/span><\/p>\n\n\t\t<\/div>\n\t<\/div>\n\n\t<div  class=\"wpb_single_image wpb_content_element vc_align_center wpb_content_element\">\n\t\t\n\t\t<figure class=\"wpb_wrapper vc_figure\">\n\t\t\t<div class=\"vc_single_image-wrapper vc_box_shadow_border  vc_box_border_grey\"><img decoding=\"async\" class=\"vc_single_image-img \" src=\"https:\/\/www.utsvirtual.edu.co\/sitio\/wp-content\/uploads\/2023\/09\/Conexion-Deporte-100-250x250.jpg\" width=\"250\" height=\"250\" alt=\"Conexi\u00f3n Deporte-100\" title=\"Conexi\u00f3n Deporte-100\" loading=\"lazy\" \/><\/div>\n\t\t<\/figure>\n\t<\/div>\n<div class=\"vc_btn3-container vc_btn3-center vc_custom_1678311067554 vc_do_btn\" ><a class=\"vc_general vc_btn3 vc_btn3-size-sm vc_btn3-shape-rounded vc_btn3-style-classic vc_btn3-icon-left vc_btn3-color-green\" href=\"http:\/\/www.uts.edu.co\/sitio\/bienestar-deporte-y-recreacion\/\" title=\"Bienestar Deporte y Recreaci\u00f3n\" target=\"_blank\"><i class=\"vc_btn3-icon fas fa-check\"><\/i> Visitar Secci\u00f3n<\/a><\/div>\n\t<div class=\"wpb_text_column wpb_content_element vc_custom_1678310105609\" >\n\t\t<div class=\"wpb_wrapper\">\n\t\t\t<p style=\"text-align: center;\"><span style=\"color: #008000;\"><strong>Desarrollo humano y permanencia<\/strong><\/span><\/p>\n\n\t\t<\/div>\n\t<\/div>\n\n\t<div  class=\"wpb_single_image wpb_content_element vc_align_center wpb_content_element\">\n\t\t\n\t\t<figure class=\"wpb_wrapper vc_figure\">\n\t\t\t<div class=\"vc_single_image-wrapper vc_box_shadow_border  vc_box_border_grey\"><img decoding=\"async\" class=\"vc_single_image-img \" src=\"https:\/\/www.utsvirtual.edu.co\/sitio\/wp-content\/uploads\/2023\/09\/Desarrollo-humano-y-permanencia-100-250x250.jpg\" width=\"250\" height=\"250\" alt=\"Desarrollo humano y permanencia-100\" title=\"Desarrollo humano y permanencia-100\" loading=\"lazy\" \/><\/div>\n\t\t<\/figure>\n\t<\/div>\n<div class=\"vc_btn3-container vc_btn3-center vc_custom_1678310253176 vc_do_btn\" ><a class=\"vc_general vc_btn3 vc_btn3-size-sm vc_btn3-shape-rounded vc_btn3-style-classic vc_btn3-icon-left vc_btn3-color-green\" href=\"https:\/\/www.uts.edu.co\/sitio\/bienestar-desarrollo-humano\/\" title=\"Drllo humano y permanencia\" target=\"_blank\"><i class=\"vc_btn3-icon fas fa-check\"><\/i> Visitar Secci\u00f3n<\/a><\/div><\/div><\/div><\/div><div class=\"wpb_column vc_column_container vc_col-sm-4\"><div class=\"vc_column-inner\"><div class=\"wpb_wrapper\">\n\t<div class=\"wpb_text_column wpb_content_element vc_custom_1588914548836\" >\n\t\t<div class=\"wpb_wrapper\">\n\t\t\t<p style=\"text-align: center;\"><span style=\"color: #008000;\"><strong>Arte y Cultura<\/strong><\/span><\/p>\n\n\t\t<\/div>\n\t<\/div>\n\n\t<div  class=\"wpb_single_image wpb_content_element vc_align_center wpb_content_element\">\n\t\t\n\t\t<figure class=\"wpb_wrapper vc_figure\">\n\t\t\t<div class=\"vc_single_image-wrapper vc_box_shadow_border  vc_box_border_grey\"><img decoding=\"async\" class=\"vc_single_image-img \" src=\"https:\/\/www.utsvirtual.edu.co\/sitio\/wp-content\/uploads\/2023\/09\/Arte-y-Cultura-100-250x250.jpg\" width=\"250\" height=\"250\" alt=\"Arte y Cultura-100\" title=\"Arte y Cultura-100\" loading=\"lazy\" \/><\/div>\n\t\t<\/figure>\n\t<\/div>\n<div class=\"vc_btn3-container vc_btn3-center vc_custom_1678311058461 vc_do_btn\" ><a class=\"vc_general vc_btn3 vc_btn3-size-sm vc_btn3-shape-rounded vc_btn3-style-classic vc_btn3-icon-left vc_btn3-color-green\" href=\"http:\/\/www.uts.edu.co\/sitio\/bienestar-arte-y-cultura\/\" title=\"Bienestar Deporte y Recreaci\u00f3n\" target=\"_blank\"><i class=\"vc_btn3-icon fas fa-check\"><\/i> Visitar Secci\u00f3n<\/a><\/div>\n\t<div class=\"wpb_text_column wpb_content_element vc_custom_1588914556155\" >\n\t\t<div class=\"wpb_wrapper\">\n\t\t\t<p style=\"text-align: center;\"><span style=\"color: #008000;\"><strong>Apoyo Socioecon\u00f3mico<\/strong><\/span><\/p>\n\n\t\t<\/div>\n\t<\/div>\n\n\t<div  class=\"wpb_single_image wpb_content_element vc_align_center wpb_content_element\">\n\t\t\n\t\t<figure class=\"wpb_wrapper vc_figure\">\n\t\t\t<div class=\"vc_single_image-wrapper vc_box_shadow_border  vc_box_border_grey\"><img decoding=\"async\" class=\"vc_single_image-img \" src=\"https:\/\/www.utsvirtual.edu.co\/sitio\/wp-content\/uploads\/2023\/09\/Apoyo-socioeconomico-100-250x250.jpg\" width=\"250\" height=\"250\" alt=\"Apoyo socioecon\u00f3mico-100\" title=\"Apoyo socioecon\u00f3mico-100\" loading=\"lazy\" \/><\/div>\n\t\t<\/figure>\n\t<\/div>\n<div class=\"vc_btn3-container vc_btn3-center vc_custom_1678311049158 vc_do_btn\" ><a class=\"vc_general vc_btn3 vc_btn3-size-sm vc_btn3-shape-rounded vc_btn3-style-classic vc_btn3-icon-left vc_btn3-color-green\" href=\"http:\/\/www.uts.edu.co\/sitio\/bienestar-apoyo-socioeconomico\/\" title=\"Bienestar Deporte y Recreaci\u00f3n\" target=\"_blank\"><i class=\"vc_btn3-icon fas fa-check\"><\/i> Visitar Secci\u00f3n<\/a><\/div><\/div><\/div><\/div><\/div>\n<\/div>","protected":false},"excerpt":{"rendered":"Informaci\u00f3n y Contacto: MAGDA CAROLINA GONZALEZ ALVAREZ Coordinador Grupo de Bienestar Institucional E-mail: bienestararteycultura@correo.uts.edu.co Tel\u00e9fono: 6917700 Extensiones: 1229 - 1230\u00a0 &nbsp; \u00a0 \u00a0\u00a0 \u00a0\u00a0 \u00a0\u00a0 \u00a0 \u00a0 \u00a0 \u00a0 \u00a0&hellip;","protected":false},"author":4,"featured_media":0,"parent":0,"menu_order":0,"comment_status":"closed","ping_status":"closed","template":"","meta":{"_monsterinsights_skip_tracking":false,"_monsterinsights_sitenote_active":false,"_monsterinsights_sitenote_note":"","_monsterinsights_sitenote_category":0,"_uf_show_specific_survey":0,"_uf_disable_surveys":false,"footnotes":""},"class_list":["post-10707","page","type-page","status-publish","hentry"],"aioseo_notices":[],"_links":{"self":[{"href":"https:\/\/www.utsvirtual.edu.co\/sitio\/wp-json\/wp\/v2\/pages\/10707","targetHints":{"allow":["GET"]}}],"collection":[{"href":"https:\/\/www.utsvirtual.edu.co\/sitio\/wp-json\/wp\/v2\/pages"}],"about":[{"href":"https:\/\/www.utsvirtual.edu.co\/sitio\/wp-json\/wp\/v2\/types\/page"}],"author":[{"embeddable":true,"href":"https:\/\/www.utsvirtual.edu.co\/sitio\/wp-json\/wp\/v2\/users\/4"}],"replies":[{"embeddable":true,"href":"https:\/\/www.utsvirtual.edu.co\/sitio\/wp-json\/wp\/v2\/comments?post=10707"}],"version-history":[{"count":16,"href":"https:\/\/www.utsvirtual.edu.co\/sitio\/wp-json\/wp\/v2\/pages\/10707\/revisions"}],"predecessor-version":[{"id":17429,"href":"https:\/\/www.utsvirtual.edu.co\/sitio\/wp-json\/wp\/v2\/pages\/10707\/revisions\/17429"}],"wp:attachment":[{"href":"https:\/\/www.utsvirtual.edu.co\/sitio\/wp-json\/wp\/v2\/media?parent=10707"}],"curies":[{"name":"wp","href":"https:\/\/api.w.org\/{rel}","templated":true}]}}