{"id":10863,"date":"2020-05-01T04:18:15","date_gmt":"2020-05-01T04:18:15","guid":{"rendered":"https:\/\/www.utsvirtual.edu.co\/sitio\/?page_id=10863"},"modified":"2023-09-18T14:14:08","modified_gmt":"2023-09-18T14:14:08","slug":"conexion-medicina","status":"publish","type":"page","link":"https:\/\/www.utsvirtual.edu.co\/sitio\/conexion-medicina\/","title":{"rendered":"Conexi\u00f3n Medicina"},"content":{"rendered":"<div class=\"wpb-content-wrapper\"><section class=\"vc_section\"><div class=\"vc_row wpb_row vc_row-fluid\"><div class=\"wpb_column vc_column_container vc_col-sm-12\"><div class=\"vc_column-inner\"><div class=\"wpb_wrapper\">\n\t<div  class=\"wpb_single_image wpb_content_element vc_align_left wpb_content_element\">\n\t\t\n\t\t<figure class=\"wpb_wrapper vc_figure\">\n\t\t\t<div class=\"vc_single_image-wrapper   vc_box_border_grey\"><img loading=\"lazy\" decoding=\"async\" width=\"1600\" height=\"625\" src=\"https:\/\/www.utsvirtual.edu.co\/sitio\/wp-content\/uploads\/2023\/09\/19-Conexion-Medicina-100.jpg\" class=\"vc_single_image-img attachment-full\" alt=\"\" title=\"19 Conexi\u00f3n Medicina-100\" srcset=\"https:\/\/www.utsvirtual.edu.co\/sitio\/wp-content\/uploads\/2023\/09\/19-Conexion-Medicina-100.jpg 1600w, https:\/\/www.utsvirtual.edu.co\/sitio\/wp-content\/uploads\/2023\/09\/19-Conexion-Medicina-100-300x117.jpg 300w, https:\/\/www.utsvirtual.edu.co\/sitio\/wp-content\/uploads\/2023\/09\/19-Conexion-Medicina-100-1024x400.jpg 1024w, https:\/\/www.utsvirtual.edu.co\/sitio\/wp-content\/uploads\/2023\/09\/19-Conexion-Medicina-100-150x59.jpg 150w, https:\/\/www.utsvirtual.edu.co\/sitio\/wp-content\/uploads\/2023\/09\/19-Conexion-Medicina-100-768x300.jpg 768w, https:\/\/www.utsvirtual.edu.co\/sitio\/wp-content\/uploads\/2023\/09\/19-Conexion-Medicina-100-1536x600.jpg 1536w\" sizes=\"auto, (max-width: 1600px) 100vw, 1600px\" \/><\/div>\n\t\t<\/figure>\n\t<\/div>\n<\/div><\/div><\/div><\/div><div class=\"vc_row wpb_row vc_row-fluid\"><div class=\"wpb_column vc_column_container vc_col-sm-3\"><div class=\"vc_column-inner\"><div class=\"wpb_wrapper\"><div class=\"vc_message_box vc_message_box-solid-icon vc_message_box-rounded vc_color-peacoc vc_do_message\" ><div class=\"vc_message_box-icon\"><i class=\"\"><\/i><\/div><p align=\"justify\"><strong>N\u00famero<\/strong>: 6917700<br \/>\n<strong>Extensi\u00f3n<\/strong>: 2401<br \/>\n<strong>Contacto:<\/strong> bienestararteycultura@correo.uts.edu.co<\/p>\n<\/div><\/div><\/div><\/div><div class=\"wpb_column vc_column_container vc_col-sm-9\"><div class=\"vc_column-inner\"><div class=\"wpb_wrapper\"><div class=\"vc_message_box vc_message_box-solid-icon vc_message_box-rounded vc_color-peacoc vc_do_message\" ><div class=\"vc_message_box-icon\"><i class=\"\"><\/i><\/div><p align=\"justify\">La Consulta M\u00e9dica girar\u00e1 alrededor de una Asesor\u00eda, la cual con base a los s\u00edntomas realizar\u00e1 recomendaciones y si es del caso remisi\u00f3n para la valoraci\u00f3n f\u00edsica y personal por la EPS.<\/p>\n<p align=\"justify\">Para el \u00e1rea de medicina por Teleconsulta debe solicitarse a trav\u00e9s de <strong>bienestararteycultura@correo.uts.edu.co<\/strong>, enviado los siguientes datos:<\/p>\n<ul>\n<li>Necesidad en salud.<\/li>\n<li>Nombre completo.<\/li>\n<li>Correo electr\u00f3nico.<\/li>\n<li>N\u00famero telef\u00f3nico,<\/li>\n<li>Programa acad\u00e9mico.<\/li>\n<\/ul>\n<\/div><div class=\"vc_separator wpb_content_element vc_separator_align_center vc_sep_width_100 vc_sep_pos_align_center vc_sep_color_green vc_custom_1588306487177 wpb_content_element vc_separator-has-text\" ><span class=\"vc_sep_holder vc_sep_holder_l\"><span class=\"vc_sep_line\"><\/span><\/span><h4>Recursos Multimedia<\/h4><span class=\"vc_sep_holder vc_sep_holder_r\"><span class=\"vc_sep_line\"><\/span><\/span>\n<\/div><div class=\"vc_row wpb_row vc_inner vc_row-fluid\"><div class=\"wpb_column vc_column_container vc_col-sm-4\"><div class=\"vc_column-inner\"><div class=\"wpb_wrapper\">\t<div class=\"video-banner\">\n        <div class=\"video-button\">\n            <a href=\"https:\/\/www.youtube.com\/watch?v=fR4Hm8ASG-A\" class=\"cdb-video-icon video-thumbnail\"><\/a>\n        <\/div>\n\t\t<div class=\"video-banner-image\" style=\"padding-bottom: 64.400494437577%;\">\n            \t\t\t    <img loading=\"lazy\" decoding=\"async\" width=\"809\" height=\"521\" src=\"https:\/\/www.utsvirtual.edu.co\/sitio\/wp-content\/uploads\/2023\/03\/1.png\" class=\"attachment-full size-full\" alt=\"\" srcset=\"https:\/\/www.utsvirtual.edu.co\/sitio\/wp-content\/uploads\/2023\/03\/1.png 809w, https:\/\/www.utsvirtual.edu.co\/sitio\/wp-content\/uploads\/2023\/03\/1-300x193.png 300w, https:\/\/www.utsvirtual.edu.co\/sitio\/wp-content\/uploads\/2023\/03\/1-150x97.png 150w, https:\/\/www.utsvirtual.edu.co\/sitio\/wp-content\/uploads\/2023\/03\/1-768x495.png 768w\" sizes=\"auto, (max-width: 809px) 100vw, 809px\" \/>            \t\t<\/div>\n                    <div class=\"video-banner-info\">\n                                    <h6 class=\"title\">Habilidades Socio Emocionales<\/h6>\n                \t                        <\/div>\n        \t<\/div>\n\t<div class=\"video-banner\">\n        <div class=\"video-button\">\n            <a href=\"https:\/\/www.youtube.com\/watch?v=h8Do6ngvAMs\" class=\"cdb-video-icon video-thumbnail\"><\/a>\n        <\/div>\n\t\t<div class=\"video-banner-image\" style=\"padding-bottom: 50.061957868649%;\">\n            \t\t\t    <img loading=\"lazy\" decoding=\"async\" width=\"807\" height=\"404\" src=\"https:\/\/www.utsvirtual.edu.co\/sitio\/wp-content\/uploads\/2023\/09\/video-ceonexion.jpg\" class=\"attachment-full size-full\" alt=\"\" srcset=\"https:\/\/www.utsvirtual.edu.co\/sitio\/wp-content\/uploads\/2023\/09\/video-ceonexion.jpg 807w, https:\/\/www.utsvirtual.edu.co\/sitio\/wp-content\/uploads\/2023\/09\/video-ceonexion-300x150.jpg 300w, https:\/\/www.utsvirtual.edu.co\/sitio\/wp-content\/uploads\/2023\/09\/video-ceonexion-150x75.jpg 150w, https:\/\/www.utsvirtual.edu.co\/sitio\/wp-content\/uploads\/2023\/09\/video-ceonexion-768x384.jpg 768w\" sizes=\"auto, (max-width: 807px) 100vw, 807px\" \/>            \t\t<\/div>\n                    <div class=\"video-banner-info\">\n                                    <h6 class=\"title\">Enfermedades Sexuales<\/h6>\n                \t                        <\/div>\n        \t<\/div>\n<\/div><\/div><\/div><div class=\"wpb_column vc_column_container vc_col-sm-4\"><div class=\"vc_column-inner\"><div class=\"wpb_wrapper\">\t<div class=\"video-banner\">\n        <div class=\"video-button\">\n            <a href=\"https:\/\/www.youtube.com\/watch?v=OZ2ksAXf5Hc\" class=\"cdb-video-icon video-thumbnail\"><\/a>\n        <\/div>\n\t\t<div class=\"video-banner-image\" style=\"padding-bottom: 65.895953757225%;\">\n            \t\t\t    <img loading=\"lazy\" decoding=\"async\" width=\"865\" height=\"570\" src=\"https:\/\/www.utsvirtual.edu.co\/sitio\/wp-content\/uploads\/2023\/03\/Captura-de-pantalla-2023-03-09-120947.png\" class=\"attachment-full size-full\" alt=\"\" srcset=\"https:\/\/www.utsvirtual.edu.co\/sitio\/wp-content\/uploads\/2023\/03\/Captura-de-pantalla-2023-03-09-120947.png 865w, https:\/\/www.utsvirtual.edu.co\/sitio\/wp-content\/uploads\/2023\/03\/Captura-de-pantalla-2023-03-09-120947-300x198.png 300w, https:\/\/www.utsvirtual.edu.co\/sitio\/wp-content\/uploads\/2023\/03\/Captura-de-pantalla-2023-03-09-120947-150x99.png 150w, https:\/\/www.utsvirtual.edu.co\/sitio\/wp-content\/uploads\/2023\/03\/Captura-de-pantalla-2023-03-09-120947-768x506.png 768w\" sizes=\"auto, (max-width: 865px) 100vw, 865px\" \/>            \t\t<\/div>\n                    <div class=\"video-banner-info\">\n                                    <h6 class=\"title\">Adherencia institucional<\/h6>\n                \t                        <\/div>\n        \t<\/div>\n\t<div class=\"video-banner\">\n        <div class=\"video-button\">\n            <a href=\"https:\/\/www.youtube.com\/watch?v=YPHrMgAYaOI\" class=\"cdb-video-icon video-thumbnail\"><\/a>\n        <\/div>\n\t\t<div class=\"video-banner-image\" style=\"padding-bottom: 75.592417061611%;\">\n            \t\t\t    <img loading=\"lazy\" decoding=\"async\" width=\"844\" height=\"638\" src=\"https:\/\/www.utsvirtual.edu.co\/sitio\/wp-content\/uploads\/2020\/05\/2.jpg\" class=\"attachment-full size-full\" alt=\"\" srcset=\"https:\/\/www.utsvirtual.edu.co\/sitio\/wp-content\/uploads\/2020\/05\/2.jpg 844w, https:\/\/www.utsvirtual.edu.co\/sitio\/wp-content\/uploads\/2020\/05\/2-300x227.jpg 300w, https:\/\/www.utsvirtual.edu.co\/sitio\/wp-content\/uploads\/2020\/05\/2-768x581.jpg 768w\" sizes=\"auto, (max-width: 844px) 100vw, 844px\" \/>            \t\t<\/div>\n                    <div class=\"video-banner-info\">\n                                    <h6 class=\"title\">Prevenci\u00f3n de la Salud<\/h6>\n                \t                        <\/div>\n        \t<\/div>\n<\/div><\/div><\/div><div class=\"wpb_column vc_column_container vc_col-sm-4\"><div class=\"vc_column-inner\"><div class=\"wpb_wrapper\">\t<div class=\"video-banner\">\n        <div class=\"video-button\">\n            <a href=\"https:\/\/www.youtube.com\/watch?v=5LPDvlCfKnE\" class=\"cdb-video-icon video-thumbnail\"><\/a>\n        <\/div>\n\t\t<div class=\"video-banner-image\" style=\"padding-bottom: 61.074561403509%;\">\n            \t\t\t    <img loading=\"lazy\" decoding=\"async\" width=\"912\" height=\"557\" src=\"https:\/\/www.utsvirtual.edu.co\/sitio\/wp-content\/uploads\/2023\/03\/Captura-de-pantalla-2023-03-09-121359.png\" class=\"attachment-full size-full\" alt=\"\" srcset=\"https:\/\/www.utsvirtual.edu.co\/sitio\/wp-content\/uploads\/2023\/03\/Captura-de-pantalla-2023-03-09-121359.png 912w, https:\/\/www.utsvirtual.edu.co\/sitio\/wp-content\/uploads\/2023\/03\/Captura-de-pantalla-2023-03-09-121359-300x183.png 300w, https:\/\/www.utsvirtual.edu.co\/sitio\/wp-content\/uploads\/2023\/03\/Captura-de-pantalla-2023-03-09-121359-150x92.png 150w, https:\/\/www.utsvirtual.edu.co\/sitio\/wp-content\/uploads\/2023\/03\/Captura-de-pantalla-2023-03-09-121359-768x469.png 768w\" sizes=\"auto, (max-width: 912px) 100vw, 912px\" \/>            \t\t<\/div>\n                    <div class=\"video-banner-info\">\n                                    <h6 class=\"title\">Inclusi\u00f3n y diversidad<\/h6>\n                \t                        <\/div>\n        \t<\/div>\n\t<div class=\"video-banner\">\n        <div class=\"video-button\">\n            <a href=\"https:\/\/www.youtube.com\/watch?v=PfdJhsZtPYc\" class=\"cdb-video-icon video-thumbnail\"><\/a>\n        <\/div>\n\t\t<div class=\"video-banner-image\" style=\"padding-bottom: 75.592417061611%;\">\n            \t\t\t    <img loading=\"lazy\" decoding=\"async\" width=\"844\" height=\"638\" src=\"https:\/\/www.utsvirtual.edu.co\/sitio\/wp-content\/uploads\/2020\/05\/4.jpg\" class=\"attachment-full size-full\" alt=\"\" srcset=\"https:\/\/www.utsvirtual.edu.co\/sitio\/wp-content\/uploads\/2020\/05\/4.jpg 844w, https:\/\/www.utsvirtual.edu.co\/sitio\/wp-content\/uploads\/2020\/05\/4-300x227.jpg 300w, https:\/\/www.utsvirtual.edu.co\/sitio\/wp-content\/uploads\/2020\/05\/4-768x581.jpg 768w\" sizes=\"auto, (max-width: 844px) 100vw, 844px\" \/>            \t\t<\/div>\n                    <div class=\"video-banner-info\">\n                                    <h6 class=\"title\">Educaci\u00f3n Inclusiva UTS<\/h6>\n                \t                        <\/div>\n        \t<\/div>\n<\/div><\/div><\/div><\/div><\/div><\/div><\/div><\/div><\/section>\n<\/div>","protected":false},"excerpt":{"rendered":"N\u00famero: 6917700 Extensi\u00f3n: 2401 Contacto: bienestararteycultura@correo.uts.edu.co La Consulta M\u00e9dica girar\u00e1 alrededor de una Asesor\u00eda, la cual con base a los s\u00edntomas realizar\u00e1 recomendaciones y si es del caso remisi\u00f3n para&hellip;","protected":false},"author":4,"featured_media":0,"parent":0,"menu_order":0,"comment_status":"closed","ping_status":"closed","template":"","meta":{"_monsterinsights_skip_tracking":false,"_monsterinsights_sitenote_active":false,"_monsterinsights_sitenote_note":"","_monsterinsights_sitenote_category":0,"_uf_show_specific_survey":0,"_uf_disable_surveys":false,"footnotes":""},"class_list":["post-10863","page","type-page","status-publish","hentry"],"aioseo_notices":[],"_links":{"self":[{"href":"https:\/\/www.utsvirtual.edu.co\/sitio\/wp-json\/wp\/v2\/pages\/10863","targetHints":{"allow":["GET"]}}],"collection":[{"href":"https:\/\/www.utsvirtual.edu.co\/sitio\/wp-json\/wp\/v2\/pages"}],"about":[{"href":"https:\/\/www.utsvirtual.edu.co\/sitio\/wp-json\/wp\/v2\/types\/page"}],"author":[{"embeddable":true,"href":"https:\/\/www.utsvirtual.edu.co\/sitio\/wp-json\/wp\/v2\/users\/4"}],"replies":[{"embeddable":true,"href":"https:\/\/www.utsvirtual.edu.co\/sitio\/wp-json\/wp\/v2\/comments?post=10863"}],"version-history":[{"count":5,"href":"https:\/\/www.utsvirtual.edu.co\/sitio\/wp-json\/wp\/v2\/pages\/10863\/revisions"}],"predecessor-version":[{"id":16429,"href":"https:\/\/www.utsvirtual.edu.co\/sitio\/wp-json\/wp\/v2\/pages\/10863\/revisions\/16429"}],"wp:attachment":[{"href":"https:\/\/www.utsvirtual.edu.co\/sitio\/wp-json\/wp\/v2\/media?parent=10863"}],"curies":[{"name":"wp","href":"https:\/\/api.w.org\/{rel}","templated":true}]}}