{"id":10889,"date":"2020-05-01T06:04:48","date_gmt":"2020-05-01T06:04:48","guid":{"rendered":"https:\/\/www.utsvirtual.edu.co\/sitio\/?page_id=10889"},"modified":"2021-09-01T21:07:05","modified_gmt":"2021-09-01T21:07:05","slug":"conexion-odontologia","status":"publish","type":"page","link":"https:\/\/www.utsvirtual.edu.co\/sitio\/conexion-odontologia\/","title":{"rendered":"Conexi\u00f3n Odontolog\u00eda"},"content":{"rendered":"<div class=\"wpb-content-wrapper\"><section class=\"vc_section\"><div class=\"vc_row wpb_row vc_row-fluid\"><div class=\"wpb_column vc_column_container vc_col-sm-12\"><div class=\"vc_column-inner\"><div class=\"wpb_wrapper\">\n\t<div  class=\"wpb_single_image wpb_content_element vc_align_left wpb_content_element\">\n\t\t\n\t\t<figure class=\"wpb_wrapper vc_figure\">\n\t\t\t<div class=\"vc_single_image-wrapper   vc_box_border_grey\"><img loading=\"lazy\" decoding=\"async\" width=\"4339\" height=\"1103\" src=\"https:\/\/www.utsvirtual.edu.co\/sitio\/wp-content\/uploads\/2020\/05\/banner-utsvirtual-2020-12.png\" class=\"vc_single_image-img attachment-full\" alt=\"\" title=\"banner utsvirtual 2020-12\" srcset=\"https:\/\/www.utsvirtual.edu.co\/sitio\/wp-content\/uploads\/2020\/05\/banner-utsvirtual-2020-12.png 4339w, https:\/\/www.utsvirtual.edu.co\/sitio\/wp-content\/uploads\/2020\/05\/banner-utsvirtual-2020-12-300x76.png 300w, https:\/\/www.utsvirtual.edu.co\/sitio\/wp-content\/uploads\/2020\/05\/banner-utsvirtual-2020-12-768x195.png 768w, https:\/\/www.utsvirtual.edu.co\/sitio\/wp-content\/uploads\/2020\/05\/banner-utsvirtual-2020-12-1024x260.png 1024w\" sizes=\"auto, (max-width: 4339px) 100vw, 4339px\" \/><\/div>\n\t\t<\/figure>\n\t<\/div>\n<\/div><\/div><\/div><\/div><div class=\"vc_row wpb_row vc_row-fluid\"><div class=\"wpb_column vc_column_container vc_col-sm-3\"><div class=\"vc_column-inner\"><div class=\"wpb_wrapper\"><div class=\"vc_message_box vc_message_box-solid-icon vc_message_box-rounded vc_color-peacoc vc_do_message\" ><div class=\"vc_message_box-icon\"><i class=\"fa fa-address-book-o\"><\/i><\/div><p align=\"justify\"><strong>N\u00famero<\/strong>: <span style=\"color: #000000;\">(+ 57)+60+7 + <\/span>6917700<br \/>\n<strong>Extensi\u00f3n<\/strong>: 2117<br \/>\n<strong>Contacto:<\/strong>\u00a0odontologiavirtual@correo.uts.edu.co<\/p>\n<\/div><\/div><\/div><\/div><div class=\"wpb_column vc_column_container vc_col-sm-9\"><div class=\"vc_column-inner\"><div class=\"wpb_wrapper\"><div class=\"vc_message_box vc_message_box-solid-icon vc_message_box-rounded vc_color-peacoc vc_do_message\" ><div class=\"vc_message_box-icon\"><i class=\"fa fa-user-md\"><\/i><\/div><p align=\"justify\">Apreciado estudiante Uteista, a trav\u00e9s del servicio de odontolog\u00eda virtual, podr\u00e1s aprender cosas de inter\u00e9s para aplicarlas a tu diario vivir, mejorar tus h\u00e1bitos y cambiar estilos de vida, tambi\u00e9n tendr\u00e1s la opci\u00f3n de comunicarte con nosotros, a trav\u00e9s del correo electr\u00f3nico, para resolver cualquier inquietud.<\/p>\n<p align=\"justify\">Puede\u00a0<strong>agendar una cita<\/strong> a trav\u00e9s del correo electr\u00f3nico de esta unidad especificando:<\/p>\n<ul>\n<li>Necesidad en salud.<\/li>\n<li>Nombre completo.<\/li>\n<li>Correo electr\u00f3nico.<\/li>\n<li>N\u00famero telef\u00f3nico,<\/li>\n<li>Programa acad\u00e9mico.<\/li>\n<\/ul>\n<\/div><div class=\"vc_separator wpb_content_element vc_separator_align_center vc_sep_width_100 vc_sep_pos_align_center vc_sep_color_green vc_custom_1588306487177 wpb_content_element vc_separator-has-text\" ><span class=\"vc_sep_holder vc_sep_holder_l\"><span class=\"vc_sep_line\"><\/span><\/span><h4>Recursos Multimedia<\/h4><span class=\"vc_sep_holder vc_sep_holder_r\"><span class=\"vc_sep_line\"><\/span><\/span>\n<\/div><div class=\"vc_row wpb_row vc_inner vc_row-fluid\"><div class=\"wpb_column vc_column_container vc_col-sm-4\"><div class=\"vc_column-inner\"><div class=\"wpb_wrapper\">\t<div class=\"video-banner\">\n        <div class=\"video-button\">\n            <a href=\"https:\/\/www.youtube.com\/watch?v=X85baUCXqpY\" class=\"cdb-video-icon video-thumbnail\"><\/a>\n        <\/div>\n\t\t<div class=\"video-banner-image\" style=\"padding-bottom: 52.545155993432%;\">\n            \t\t\t    <img loading=\"lazy\" decoding=\"async\" width=\"1218\" height=\"640\" src=\"https:\/\/www.utsvirtual.edu.co\/sitio\/wp-content\/uploads\/2020\/05\/rff.jpg\" class=\"attachment-full size-full\" alt=\"\" srcset=\"https:\/\/www.utsvirtual.edu.co\/sitio\/wp-content\/uploads\/2020\/05\/rff.jpg 1218w, https:\/\/www.utsvirtual.edu.co\/sitio\/wp-content\/uploads\/2020\/05\/rff-300x158.jpg 300w, https:\/\/www.utsvirtual.edu.co\/sitio\/wp-content\/uploads\/2020\/05\/rff-768x404.jpg 768w, https:\/\/www.utsvirtual.edu.co\/sitio\/wp-content\/uploads\/2020\/05\/rff-1024x538.jpg 1024w\" sizes=\"auto, (max-width: 1218px) 100vw, 1218px\" \/>            \t\t<\/div>\n        \t<\/div>\n<\/div><\/div><\/div><div class=\"wpb_column vc_column_container vc_col-sm-4\"><div class=\"vc_column-inner\"><div class=\"wpb_wrapper\">\t<div class=\"video-banner\">\n        <div class=\"video-button\">\n            <a href=\"https:\/\/www.youtube.com\/watch?v=OWozq5uO78o\" class=\"cdb-video-icon video-thumbnail\"><\/a>\n        <\/div>\n\t\t<div class=\"video-banner-image\" style=\"padding-bottom: 52.545155993432%;\">\n            \t\t\t    <img loading=\"lazy\" decoding=\"async\" width=\"1218\" height=\"640\" src=\"https:\/\/www.utsvirtual.edu.co\/sitio\/wp-content\/uploads\/2020\/05\/123.jpg\" class=\"attachment-full size-full\" alt=\"\" srcset=\"https:\/\/www.utsvirtual.edu.co\/sitio\/wp-content\/uploads\/2020\/05\/123.jpg 1218w, https:\/\/www.utsvirtual.edu.co\/sitio\/wp-content\/uploads\/2020\/05\/123-300x158.jpg 300w, https:\/\/www.utsvirtual.edu.co\/sitio\/wp-content\/uploads\/2020\/05\/123-768x404.jpg 768w, https:\/\/www.utsvirtual.edu.co\/sitio\/wp-content\/uploads\/2020\/05\/123-1024x538.jpg 1024w\" sizes=\"auto, (max-width: 1218px) 100vw, 1218px\" \/>            \t\t<\/div>\n        \t<\/div>\n<\/div><\/div><\/div><div class=\"wpb_column vc_column_container vc_col-sm-4\"><div class=\"vc_column-inner\"><div class=\"wpb_wrapper\"><\/div><\/div><\/div><\/div><\/div><\/div><\/div><\/div><\/section>\n<\/div>","protected":false},"excerpt":{"rendered":"N\u00famero: (+ 57)+60+7 + 6917700 Extensi\u00f3n: 2117 Contacto:\u00a0odontologiavirtual@correo.uts.edu.co Apreciado estudiante Uteista, a trav\u00e9s del servicio de odontolog\u00eda virtual, podr\u00e1s aprender cosas de inter\u00e9s para aplicarlas a tu diario vivir, mejorar&hellip;","protected":false},"author":4,"featured_media":0,"parent":0,"menu_order":0,"comment_status":"closed","ping_status":"closed","template":"","meta":{"_monsterinsights_skip_tracking":false,"_monsterinsights_sitenote_active":false,"_monsterinsights_sitenote_note":"","_monsterinsights_sitenote_category":0,"_uf_show_specific_survey":0,"_uf_disable_surveys":false,"footnotes":""},"class_list":["post-10889","page","type-page","status-publish","hentry"],"aioseo_notices":[],"_links":{"self":[{"href":"https:\/\/www.utsvirtual.edu.co\/sitio\/wp-json\/wp\/v2\/pages\/10889","targetHints":{"allow":["GET"]}}],"collection":[{"href":"https:\/\/www.utsvirtual.edu.co\/sitio\/wp-json\/wp\/v2\/pages"}],"about":[{"href":"https:\/\/www.utsvirtual.edu.co\/sitio\/wp-json\/wp\/v2\/types\/page"}],"author":[{"embeddable":true,"href":"https:\/\/www.utsvirtual.edu.co\/sitio\/wp-json\/wp\/v2\/users\/4"}],"replies":[{"embeddable":true,"href":"https:\/\/www.utsvirtual.edu.co\/sitio\/wp-json\/wp\/v2\/comments?post=10889"}],"version-history":[{"count":2,"href":"https:\/\/www.utsvirtual.edu.co\/sitio\/wp-json\/wp\/v2\/pages\/10889\/revisions"}],"predecessor-version":[{"id":13854,"href":"https:\/\/www.utsvirtual.edu.co\/sitio\/wp-json\/wp\/v2\/pages\/10889\/revisions\/13854"}],"wp:attachment":[{"href":"https:\/\/www.utsvirtual.edu.co\/sitio\/wp-json\/wp\/v2\/media?parent=10889"}],"curies":[{"name":"wp","href":"https:\/\/api.w.org\/{rel}","templated":true}]}}