{"id":12,"date":"2018-08-22T20:52:19","date_gmt":"2018-08-22T20:52:19","guid":{"rendered":"http:\/\/localhost\/wordpress\/?page_id=12"},"modified":"2026-04-27T02:02:57","modified_gmt":"2026-04-27T02:02:57","slug":"programas","status":"publish","type":"page","link":"https:\/\/www.utsvirtual.edu.co\/sitio\/programas\/","title":{"rendered":"Programas"},"content":{"rendered":"<div class=\"wpb-content-wrapper\"><div class=\"vc_row wpb_row vc_row-fluid\"><div class=\"wpb_column vc_column_container vc_col-sm-12\"><div class=\"vc_column-inner\"><div class=\"wpb_wrapper\">\n\t<div  class=\"wpb_single_image wpb_content_element vc_align_center wpb_content_element\">\n\t\t\n\t\t<figure class=\"wpb_wrapper vc_figure\">\n\t\t\t<div class=\"vc_single_image-wrapper   vc_box_border_grey\"><img fetchpriority=\"high\" decoding=\"async\" width=\"1600\" height=\"624\" src=\"https:\/\/www.utsvirtual.edu.co\/sitio\/wp-content\/uploads\/2026\/04\/Banner-Programas-Academicos-2026.jpeg\" class=\"vc_single_image-img attachment-full\" alt=\"\" title=\"Banner Programas Academicos 2026\" srcset=\"https:\/\/www.utsvirtual.edu.co\/sitio\/wp-content\/uploads\/2026\/04\/Banner-Programas-Academicos-2026.jpeg 1600w, https:\/\/www.utsvirtual.edu.co\/sitio\/wp-content\/uploads\/2026\/04\/Banner-Programas-Academicos-2026-300x117.jpeg 300w, https:\/\/www.utsvirtual.edu.co\/sitio\/wp-content\/uploads\/2026\/04\/Banner-Programas-Academicos-2026-1024x399.jpeg 1024w, https:\/\/www.utsvirtual.edu.co\/sitio\/wp-content\/uploads\/2026\/04\/Banner-Programas-Academicos-2026-150x59.jpeg 150w, https:\/\/www.utsvirtual.edu.co\/sitio\/wp-content\/uploads\/2026\/04\/Banner-Programas-Academicos-2026-768x300.jpeg 768w, https:\/\/www.utsvirtual.edu.co\/sitio\/wp-content\/uploads\/2026\/04\/Banner-Programas-Academicos-2026-1536x599.jpeg 1536w\" sizes=\"(max-width: 1600px) 100vw, 1600px\" \/><\/div>\n\t\t<\/figure>\n\t<\/div>\n<\/div><\/div><\/div><\/div><div class=\"vc_row wpb_row vc_row-fluid\"><div data-vc-parallax=\"1.5\" data-vc-parallax-o-fade=\"on\" class=\"wpb_column vc_column_container vc_col-sm-6 vc_col-has-fill vc_general vc_parallax vc_parallax-content-moving-fade js-vc_parallax-o-fade\"><div class=\"vc_column-inner\"><div class=\"wpb_wrapper\">\n\t<div class=\"wpb_text_column wpb_content_element wpb_animate_when_almost_visible wpb_bounceInRight bounceInRight\" >\n\t\t<div class=\"wpb_wrapper\">\n\t\t\t<h3><span style=\"color: #000000;\"><strong>NIVEL <\/strong><\/span><span style=\"color: #000000;\"><b>TECNOLOG\u00cdCO <\/b><strong>&#8211; Modalidad Virtual<\/strong><\/span><\/h3>\n<div class=\"parrafo-siderbar\">\n<ul>\n<li style=\"list-style-type: none;\">\n<ul>\n<li><a href=\"https:\/\/www.utsvirtual.edu.co\/sitio\/estudia-tecnologia-empresarial-virtual-uts-virtual\/\"><span style=\"color: #008000;\">Tecnolog\u00eda en\u00a0 <\/span><\/a><a style=\"color: #008000;\" href=\"https:\/\/www.utsvirtual.edu.co\/sitio\/estudia-tecnologia-empresarial-virtual-uts-virtual\/\">Gesti\u00f3n Empresarial<\/a><span style=\"color: #808080;\"><em>(C\u00f3digo SNIES: 107179)<\/em><\/span><\/li>\n<li><span style=\"color: #008000;\"><a style=\"color: #008000;\" href=\"https:\/\/www.utsvirtual.edu.co\/sitio\/tecnologia-en-gestion-contable\/\">Tecnolog\u00eda en Gesti\u00f3n Contable<em><span style=\"color: #808080;\">(C\u00f3digo SNIES: 118008)<\/span><\/em><\/a><\/span><\/li>\n<li><span style=\"color: #008000;\"><a style=\"color: #008000;\" href=\"https:\/\/www.utsvirtual.edu.co\/sitio\/tecnologia-en-gestion-turistica-y-hotelera\/\">Tecnolog\u00eda en Gesti\u00f3n \u00a0Tur\u00edstica y Hotelera<em><span style=\"color: #808080;\">(C\u00f3digo SNIES: \u00a012220)<\/span><\/em><\/a><\/span><\/li>\n<li><span style=\"color: #008000;\"><a style=\"color: #008000;\" href=\"https:\/\/www.utsvirtual.edu.co\/sitio\/tecnologia-en-analisis-y-gestion-de-datos\/\" target=\"_blank\" rel=\"noopener\">Tecnolog\u00eda en An\u00e1lisis y Gesti\u00f3n de Datos <em><span style=\"color: #808080;\">(<strong>Resoluci\u00f3n MEN<\/strong> No. 009398 de abril 1 de 2026 )<\/span><\/em><\/a><\/span><\/li>\n<li><span style=\"color: #008000;\"><a style=\"color: #008000;\" href=\"https:\/\/www.utsvirtual.edu.co\/sitio\/tecnologia-en-gestion-del-comercio-exterior-2\/\" target=\"_blank\" rel=\"noopener\">Tecnolog\u00eda en Gesti\u00f3n del Comercio Exterior (Resoluci\u00f3n MEN No. 010643 22 ABR 2026)<\/a><\/span><\/li>\n<\/ul>\n<\/li>\n<\/ul>\n<h3><span style=\"color: #000000;\"><strong>NIVEL UNIVERSITARIO &#8211; Modalidad Virtual<\/strong><\/span><\/h3>\n<ul>\n<li><span style=\"color: #008000;\"><a style=\"color: #008000;\" href=\"https:\/\/www.utsvirtual.edu.co\/sitio\/?page_id=633\">Contadur\u00eda P\u00fablica<\/a><a style=\"color: #008000;\" href=\"https:\/\/www.utsvirtual.edu.co\/sitio\/?page_id=989\"><em><span style=\"color: #808080;\">(C\u00f3digo SNIES: 107060)<\/span><\/em><\/a><\/span><\/li>\n<li><span style=\"color: #008000;\"><a style=\"color: #008000;\" href=\"https:\/\/www.utsvirtual.edu.co\/sitio\/?page_id=989\">Administraci\u00f3n de Empresas <em><span style=\"color: #808080;\">(C\u00f3digo SNIES: 107432)<\/span><\/em><\/a><\/span><a href=\"https:\/\/www.utsvirtual.edu.co\/sitio\/profesional-en-mercadeo\/\">\u00a0<\/a><\/li>\n<li><span style=\"color: #008000;\"><a style=\"color: #008000;\" href=\"https:\/\/www.utsvirtual.edu.co\/sitio\/administracion-de-empresas-turisticas-y-hoteleras\/\" target=\"_blank\" rel=\"noopener\">Administraci\u00f3n de Empresas Tur\u00edsticas y Hoteleras &#8211; <span style=\"color: #008000;\"><em><span style=\"color: #808080;\">(<strong>Resoluci\u00f3n MEN<\/strong> No. 024481 17 DIC 2025 )<\/span><\/em><\/span><\/a><\/span><\/li>\n<li><span style=\"color: #008000;\"><a style=\"color: #008000;\" href=\"https:\/\/www.utsvirtual.edu.co\/sitio\/ingenieria-en-inteligencia-artificial-y-ciencias-de-datos\/\" target=\"_blank\" rel=\"noopener\">Ingenier\u00eda en Inteligencia Artificial y Ciencia de Datos <em><span style=\"color: #808080;\">(<strong>Resoluci\u00f3n MEN<\/strong> No.\u00a0009397 de abril 1 de 2026 )<\/span><\/em><\/a><\/span><\/li>\n<\/ul>\n<\/div>\n\n\t\t<\/div>\n\t<\/div>\n<\/div><\/div><\/div><div class=\"wpb_column vc_column_container vc_col-sm-6\"><div class=\"vc_column-inner\"><div class=\"wpb_wrapper\">\n\t<div class=\"wpb_video_widget wpb_content_element vc_clearfix   vc_video-aspect-ratio-169 vc_video-el-width-100 vc_video-align-center\" >\n\t\t<div class=\"wpb_wrapper\">\n\t\t\t<h2 class=\"wpb_heading wpb_video_heading\">Ventajas de la Educaci\u00f3n Virtual UTS<\/h2>\n\t\t\t<div class=\"wpb_video_wrapper\"><iframe title=\"Educaci\u00f3n Virtual Ventajas\" width=\"500\" height=\"281\" src=\"https:\/\/www.youtube.com\/embed\/qLIJCHI5GWI?feature=oembed\" frameborder=\"0\" allow=\"accelerometer; autoplay; clipboard-write; encrypted-media; gyroscope; picture-in-picture; web-share\" referrerpolicy=\"strict-origin-when-cross-origin\" allowfullscreen><\/iframe><\/div>\n\t\t<\/div>\n\t<\/div>\n<\/div><\/div><\/div><div class=\"wpb_column vc_column_container vc_col-sm-12\"><div class=\"vc_column-inner\"><div class=\"wpb_wrapper\"><\/div><\/div><\/div><\/div>\n<\/div>","protected":false},"excerpt":{"rendered":"NIVEL TECNOLOG\u00cdCO - Modalidad Virtual Tecnolog\u00eda en\u00a0 Gesti\u00f3n Empresarial(C\u00f3digo SNIES: 107179) Tecnolog\u00eda en Gesti\u00f3n Contable(C\u00f3digo SNIES: 118008) Tecnolog\u00eda en Gesti\u00f3n \u00a0Tur\u00edstica y Hotelera(C\u00f3digo SNIES: \u00a012220) Tecnolog\u00eda en An\u00e1lisis y Gesti\u00f3n&hellip;","protected":false},"author":1,"featured_media":0,"parent":0,"menu_order":0,"comment_status":"closed","ping_status":"closed","template":"","meta":{"_monsterinsights_skip_tracking":false,"_monsterinsights_sitenote_active":false,"_monsterinsights_sitenote_note":"","_monsterinsights_sitenote_category":0,"_uf_show_specific_survey":0,"_uf_disable_surveys":false,"footnotes":""},"class_list":["post-12","page","type-page","status-publish","hentry"],"aioseo_notices":[],"_links":{"self":[{"href":"https:\/\/www.utsvirtual.edu.co\/sitio\/wp-json\/wp\/v2\/pages\/12","targetHints":{"allow":["GET"]}}],"collection":[{"href":"https:\/\/www.utsvirtual.edu.co\/sitio\/wp-json\/wp\/v2\/pages"}],"about":[{"href":"https:\/\/www.utsvirtual.edu.co\/sitio\/wp-json\/wp\/v2\/types\/page"}],"author":[{"embeddable":true,"href":"https:\/\/www.utsvirtual.edu.co\/sitio\/wp-json\/wp\/v2\/users\/1"}],"replies":[{"embeddable":true,"href":"https:\/\/www.utsvirtual.edu.co\/sitio\/wp-json\/wp\/v2\/comments?post=12"}],"version-history":[{"count":26,"href":"https:\/\/www.utsvirtual.edu.co\/sitio\/wp-json\/wp\/v2\/pages\/12\/revisions"}],"predecessor-version":[{"id":18054,"href":"https:\/\/www.utsvirtual.edu.co\/sitio\/wp-json\/wp\/v2\/pages\/12\/revisions\/18054"}],"wp:attachment":[{"href":"https:\/\/www.utsvirtual.edu.co\/sitio\/wp-json\/wp\/v2\/media?parent=12"}],"curies":[{"name":"wp","href":"https:\/\/api.w.org\/{rel}","templated":true}]}}