{"id":13297,"date":"2021-03-24T22:58:11","date_gmt":"2021-03-24T22:58:11","guid":{"rendered":"https:\/\/www.utsvirtual.edu.co\/sitio\/?page_id=13297"},"modified":"2024-09-05T22:58:04","modified_gmt":"2024-09-05T22:58:04","slug":"espacio-digital-infoma-t","status":"publish","type":"page","link":"https:\/\/www.utsvirtual.edu.co\/sitio\/espacio-digital-infoma-t\/","title":{"rendered":"Espacio digital Infoma-T"},"content":{"rendered":"<div class=\"wpb-content-wrapper\"><section class=\"vc_section\"><div class=\"vc_row wpb_row vc_row-fluid\"><div class=\"wpb_column vc_column_container vc_col-sm-12\"><div class=\"vc_column-inner\"><div class=\"wpb_wrapper\">\n\t<div  class=\"wpb_single_image wpb_content_element vc_align_left wpb_content_element\">\n\t\t\n\t\t<figure class=\"wpb_wrapper vc_figure\">\n\t\t\t<div class=\"vc_single_image-wrapper   vc_box_border_grey\"><img fetchpriority=\"high\" decoding=\"async\" width=\"1600\" height=\"625\" src=\"https:\/\/www.utsvirtual.edu.co\/sitio\/wp-content\/uploads\/2023\/09\/15-Espacio-digital-informa-T-100.jpg\" class=\"vc_single_image-img attachment-full\" alt=\"\" title=\"15 Espacio digital informa-T-100\" srcset=\"https:\/\/www.utsvirtual.edu.co\/sitio\/wp-content\/uploads\/2023\/09\/15-Espacio-digital-informa-T-100.jpg 1600w, https:\/\/www.utsvirtual.edu.co\/sitio\/wp-content\/uploads\/2023\/09\/15-Espacio-digital-informa-T-100-300x117.jpg 300w, https:\/\/www.utsvirtual.edu.co\/sitio\/wp-content\/uploads\/2023\/09\/15-Espacio-digital-informa-T-100-1024x400.jpg 1024w, https:\/\/www.utsvirtual.edu.co\/sitio\/wp-content\/uploads\/2023\/09\/15-Espacio-digital-informa-T-100-150x59.jpg 150w, https:\/\/www.utsvirtual.edu.co\/sitio\/wp-content\/uploads\/2023\/09\/15-Espacio-digital-informa-T-100-768x300.jpg 768w, https:\/\/www.utsvirtual.edu.co\/sitio\/wp-content\/uploads\/2023\/09\/15-Espacio-digital-informa-T-100-1536x600.jpg 1536w\" sizes=\"(max-width: 1600px) 100vw, 1600px\" \/><\/div>\n\t\t<\/figure>\n\t<\/div>\n<\/div><\/div><\/div><\/div><div class=\"vc_row wpb_row vc_row-fluid\"><div class=\"wpb_column vc_column_container vc_col-sm-3\"><div class=\"vc_column-inner\"><div class=\"wpb_wrapper\">\n\t<div  class=\"wpb_single_image wpb_content_element vc_align_center wpb_content_element\">\n\t\t\n\t\t<figure class=\"wpb_wrapper vc_figure\">\n\t\t\t<div class=\"vc_single_image-wrapper   vc_box_border_grey\"><img decoding=\"async\" width=\"259\" height=\"208\" src=\"https:\/\/www.utsvirtual.edu.co\/sitio\/wp-content\/uploads\/2020\/04\/est-05.jpg\" class=\"vc_single_image-img attachment-full\" alt=\"\" title=\"est-05\" \/><\/div>\n\t\t<\/figure>\n\t<\/div>\n<\/div><\/div><\/div><div class=\"wpb_column vc_column_container vc_col-sm-9\"><div class=\"vc_column-inner\"><div class=\"wpb_wrapper\"><div class=\"vc_message_box vc_message_box-solid-icon vc_message_box-rounded vc_color-peacoc vc_custom_1616626385212 vc_do_message\" ><div class=\"vc_message_box-icon\"><i class=\"fa fa-question-circle\"><\/i><\/div><p style=\"text-align: justify;\"><span style=\"color: #333333;\"><span style=\"color: #008000;\"><b style=\"color: #008000;\">Espacio digital Infoma-T Contadur\u00eda <\/b><span style=\"color: #008000;\"><b>P\u00fablica<\/b><\/span><b style=\"color: #008000;\">\u00a0<\/b><\/span><\/span><\/p>\n<p style=\"text-align: justify;\">Las Unidades Tecnol\u00f3gicas de Santander presenta a la comunidad Ute\u00edsta del <strong>Programa de Contadur\u00eda Publica<\/strong>, este espacio de consulta de los diferentes conceptos acad\u00e9micos, metodol\u00f3gicos y financieros que competen a este programa acad\u00e9mico en la instituci\u00f3n.<\/p>\n<p style=\"text-align: justify;\">A continuaci\u00f3n encontrar\u00e1 los diferentes documentos para su consulta:<\/p>\n<\/div><\/div><\/div><\/div><\/div><\/section><div class=\"vc_row wpb_row vc_row-fluid\"><div class=\"wpb_column vc_column_container vc_col-sm-12\"><div class=\"vc_column-inner\"><div class=\"wpb_wrapper\"><div class=\"vc_message_box vc_message_box-solid-icon vc_message_box-rounded vc_color-green vc_custom_1623360400733 vc_do_message\" ><div class=\"vc_message_box-icon\"><i class=\"fa fa-cloud-download\"><\/i><\/div><p><span style=\"color: #008000;\"><b style=\"font-size: 18.6667px;\">Documentaci\u00f3n\u00a0para <\/b><span style=\"font-size: 18.6667px;\"><b>descargar<\/b><\/span><b style=\"font-size: 18.6667px;\"> <\/b><\/span><\/p>\n<\/div>\n\t<div class=\"wpb_text_column wpb_content_element vc_custom_1623360744135\" >\n\t\t<div class=\"wpb_wrapper\">\n\t\t\t<ul>\n<li style=\"text-align: left;\"><a href=\"https:\/\/www.utsvirtual.edu.co\/sitio\/wp-content\/uploads\/2021\/03\/Reglamento-Estudiantil-1.pdf\" target=\"_blank\" rel=\"noopener\"><span style=\"color: #008000;\"><strong>Documentaci\u00f3n Reglamento estudiantil<\/strong><\/span><\/a><\/li>\n<\/ul>\n\n\t\t<\/div>\n\t<\/div>\n\n\t<div class=\"wpb_text_column wpb_content_element vc_custom_1623360792956\" >\n\t\t<div class=\"wpb_wrapper\">\n\t\t\t<ul>\n<li style=\"text-align: left;\"><a href=\"https:\/\/www.utsvirtual.edu.co\/sitio\/wp-content\/uploads\/2021\/06\/visibilidad-nacional-e-internacional-tipos-de-movilidad-f5c27.pdf\" target=\"_blank\" rel=\"noopener\"><span style=\"color: #008000;\"><strong>Visibilidad Nacional e Internacional Tipos de Movilidad\u00a0<\/strong><\/span><\/a><\/li>\n<\/ul>\n\n\t\t<\/div>\n\t<\/div>\n\n\t<div class=\"wpb_text_column wpb_content_element vc_custom_1623360823822\" >\n\t\t<div class=\"wpb_wrapper\">\n\t\t\t<ul>\n<li style=\"text-align: left;\"><a href=\"https:\/\/www.utsvirtual.edu.co\/sitio\/wp-content\/uploads\/2021\/06\/Estrategias-curriculares-para-Internacionalizacion-del-curriculo-f5c28.pdf\" target=\"_blank\" rel=\"noopener\"><span style=\"color: #008000;\"><b style=\"color: #008000;\">Estrategias curriculares para <\/b><span style=\"color: #008000;\"><b>Internacionalizaci\u00f3n<\/b><\/span><b style=\"color: #008000;\"> del\u00a0<\/b><\/span><span style=\"color: #008000;\"><b>curr\u00edculo<\/b><\/span><\/a><\/li>\n<\/ul>\n\n\t\t<\/div>\n\t<\/div>\n\n\t<div class=\"wpb_text_column wpb_content_element vc_custom_1623763285972\" >\n\t\t<div class=\"wpb_wrapper\">\n\t\t\t<ul>\n<li style=\"text-align: left;\"><a href=\"https:\/\/www.utsvirtual.edu.co\/sitio\/wp-content\/uploads\/2021\/06\/Convenios-internacionalizacion-estudiantes-salientes-f5c27.pdf\" target=\"_blank\" rel=\"noopener\"><span style=\"color: #008000;\"><b style=\"color: #008000;\">Convenios <\/b><span style=\"color: #008000;\"><b>Internacionalizaci\u00f3n<\/b><\/span><b style=\"color: #008000;\"> Estudiantes Salientes<\/b><\/span><\/a><\/li>\n<\/ul>\n\n\t\t<\/div>\n\t<\/div>\n<div class=\"vc_message_box vc_message_box-solid-icon vc_message_box-rounded vc_color-pink vc_custom_1623361937168 vc_do_message\" ><div class=\"vc_message_box-icon\"><i class=\"fa fa-play-circle-o\"><\/i><\/div><p><span style=\"font-size: 18.6667px; color: #ff0000;\"><b>Contenido\u00a0Multimedia\u00a0<\/b><\/span><\/p>\n<\/div>\n\t<div class=\"wpb_text_column wpb_content_element vc_custom_1717298218245\" >\n\t\t<div class=\"wpb_wrapper\">\n\t\t\t<ul>\n<li><a href=\"https:\/\/youtu.be\/_0ROu_364M8?si=xX2WQozFk0Rys4gm\" target=\"_blank\" rel=\"noopener\"><span style=\"color: #008000;\"><strong>V\u00eddeo Socializaci\u00f3n Pol\u00edtica de est\u00edmulos por puntaje en pruebas saber pro y T&amp;T-2024<\/strong><\/span><\/a><\/li>\n<li><span style=\"color: #ff6600;\"><strong><a style=\"color: #ff6600;\" href=\"https:\/\/youtu.be\/RhU31ReoEzE\" target=\"_blank\" rel=\"noopener\">Video sobre Recursos bibliogr\u00e1ficos<\/a><\/strong><\/span><\/li>\n<li style=\"text-align: left;\"><span style=\"color: #ff6600;\"><strong><a style=\"color: #ff6600;\" href=\"https:\/\/www.powtoon.com\/c\/ewdQ0TjFWRB\/2\/m\" target=\"_blank\" rel=\"noopener\">V\u00eddeo sobre Movilidad<\/a><\/strong><\/span><\/li>\n<li><span style=\"color: #ff6600;\"><strong><a style=\"color: #ff6600;\" href=\"https:\/\/www.youtube.com\/watch?v=YoR9W2I6_p0&amp;t=2s\" target=\"_blank\" rel=\"noopener\">Reglamento Estudiantil<\/a><\/strong><\/span><\/li>\n<li><span style=\"color: #ff6600;\"><strong><a style=\"color: #ff6600;\" href=\"https:\/\/www.youtube.com\/watch?v=79eCGBtDYxc\" target=\"_blank\" rel=\"noopener\">Modalidades de Financiaci\u00f3n matricula<\/a><\/strong><\/span><\/li>\n<li><span style=\"color: #ff6600;\"><a style=\"color: #ff6600;\" href=\"https:\/\/youtu.be\/kyBz4QSVk4g\" target=\"_blank\" rel=\"noopener\"><strong>Convenios de internacionalizaci\u00f3n<\/strong><\/a><\/span><\/li>\n<li><span style=\"color: #ff6600;\"><a style=\"color: #ff6600;\" href=\"https:\/\/youtu.be\/4MC-WU6dn1s\" target=\"_blank\" rel=\"noopener\"><strong>Internacionalizaci\u00f3n del curr\u00edculo<\/strong><\/a><\/span><\/li>\n<li><span style=\"color: #ff6600;\"><a style=\"color: #ff6600;\" href=\"https:\/\/youtu.be\/vBO30Z2qFIQ\" target=\"_blank\" rel=\"noopener\"><strong>Pol\u00edtica para dise\u00f1o y actualizaci\u00f3n del curr\u00edculo<\/strong><\/a><\/span><\/li>\n<li><span style=\"color: #ff6600;\"><a style=\"color: #ff6600;\" href=\"https:\/\/youtu.be\/e2CY6-xhDQw\" target=\"_blank\" rel=\"noopener\"><b>Sistema de Informaci\u00f3n y comunicaci\u00f3n\u00a0<\/b><\/a><\/span><\/li>\n<li><a href=\"https:\/\/youtu.be\/XPI4Tu-0M2U\" target=\"_blank\" rel=\"noopener\"><strong><span style=\"color: #339966;\">Estado Actual del Programa Contadur\u00eda P\u00fablica<\/span><\/strong><\/a><\/li>\n<\/ul>\n\n\t\t<\/div>\n\t<\/div>\n<\/div><\/div><\/div><\/div><div class=\"vc_row wpb_row vc_row-fluid\"><div class=\"wpb_column vc_column_container vc_col-sm-12\"><div class=\"vc_column-inner\"><div class=\"wpb_wrapper\"><div class=\"vc_message_box vc_message_box-solid-icon vc_message_box-rounded vc_color-peacoc vc_custom_1709561668729 vc_do_message\" ><div class=\"vc_message_box-icon\"><i class=\"\"><\/i><\/div><p><span style=\"color: #008000; font-size: 14pt;\"><strong>Informaci\u00f3n y Contacto:<\/strong><\/span><br \/>\n<strong>Dra. Nancy Tavera\u00a0<\/strong><b>Castillo<\/b><br \/>\nCoordinadora Grupo de Educaci\u00f3n Virtual y TIC<br \/>\nTel: (+ 57)+60+7 + 6917700 ext. 4308<br \/>\n<strong><a role=\"link\" href=\"mailto:tic@correo.uts.edu.co\">tic@correo.uts.edu.co<\/a><\/strong><\/p>\n<\/div><\/div><\/div><\/div><\/div>\n<\/div>","protected":false},"excerpt":{"rendered":"Espacio digital Infoma-T Contadur\u00eda P\u00fablica\u00a0 Las Unidades Tecnol\u00f3gicas de Santander presenta a la comunidad Ute\u00edsta del Programa de Contadur\u00eda Publica, este espacio de consulta de los diferentes conceptos acad\u00e9micos, metodol\u00f3gicos&hellip;","protected":false},"author":4,"featured_media":0,"parent":0,"menu_order":0,"comment_status":"closed","ping_status":"closed","template":"","meta":{"_monsterinsights_skip_tracking":false,"_monsterinsights_sitenote_active":false,"_monsterinsights_sitenote_note":"","_monsterinsights_sitenote_category":0,"_uf_show_specific_survey":0,"_uf_disable_surveys":false,"footnotes":""},"class_list":["post-13297","page","type-page","status-publish","hentry"],"aioseo_notices":[],"_links":{"self":[{"href":"https:\/\/www.utsvirtual.edu.co\/sitio\/wp-json\/wp\/v2\/pages\/13297","targetHints":{"allow":["GET"]}}],"collection":[{"href":"https:\/\/www.utsvirtual.edu.co\/sitio\/wp-json\/wp\/v2\/pages"}],"about":[{"href":"https:\/\/www.utsvirtual.edu.co\/sitio\/wp-json\/wp\/v2\/types\/page"}],"author":[{"embeddable":true,"href":"https:\/\/www.utsvirtual.edu.co\/sitio\/wp-json\/wp\/v2\/users\/4"}],"replies":[{"embeddable":true,"href":"https:\/\/www.utsvirtual.edu.co\/sitio\/wp-json\/wp\/v2\/comments?post=13297"}],"version-history":[{"count":12,"href":"https:\/\/www.utsvirtual.edu.co\/sitio\/wp-json\/wp\/v2\/pages\/13297\/revisions"}],"predecessor-version":[{"id":16924,"href":"https:\/\/www.utsvirtual.edu.co\/sitio\/wp-json\/wp\/v2\/pages\/13297\/revisions\/16924"}],"wp:attachment":[{"href":"https:\/\/www.utsvirtual.edu.co\/sitio\/wp-json\/wp\/v2\/media?parent=13297"}],"curies":[{"name":"wp","href":"https:\/\/api.w.org\/{rel}","templated":true}]}}