{"id":15,"date":"2018-08-22T20:59:52","date_gmt":"2018-08-22T20:59:52","guid":{"rendered":"http:\/\/localhost\/wordpress\/?page_id=15"},"modified":"2023-09-18T06:00:36","modified_gmt":"2023-09-18T06:00:36","slug":"nosotros","status":"publish","type":"page","link":"https:\/\/www.utsvirtual.edu.co\/sitio\/nosotros\/","title":{"rendered":"Instituci\u00f3n"},"content":{"rendered":"<p><strong style=\"color: #008000;\"><a href=\"https:\/\/www.utsvirtual.edu.co\/sitio\/wp-content\/uploads\/2023\/09\/2-Nosotros-Institucion-100.jpg\"><img loading=\"lazy\" decoding=\"async\" class=\"size-large wp-image-16379 aligncenter\" src=\"https:\/\/www.utsvirtual.edu.co\/sitio\/wp-content\/uploads\/2023\/09\/2-Nosotros-Institucion-100-1024x401.jpg\" alt=\"\" width=\"1024\" height=\"401\" srcset=\"https:\/\/www.utsvirtual.edu.co\/sitio\/wp-content\/uploads\/2023\/09\/2-Nosotros-Institucion-100-1024x401.jpg 1024w, https:\/\/www.utsvirtual.edu.co\/sitio\/wp-content\/uploads\/2023\/09\/2-Nosotros-Institucion-100-300x117.jpg 300w, https:\/\/www.utsvirtual.edu.co\/sitio\/wp-content\/uploads\/2023\/09\/2-Nosotros-Institucion-100-150x59.jpg 150w, https:\/\/www.utsvirtual.edu.co\/sitio\/wp-content\/uploads\/2023\/09\/2-Nosotros-Institucion-100-768x300.jpg 768w, https:\/\/www.utsvirtual.edu.co\/sitio\/wp-content\/uploads\/2023\/09\/2-Nosotros-Institucion-100-1536x601.jpg 1536w, https:\/\/www.utsvirtual.edu.co\/sitio\/wp-content\/uploads\/2023\/09\/2-Nosotros-Institucion-100.jpg 1600w\" sizes=\"auto, (max-width: 1024px) 100vw, 1024px\" \/><\/a><\/strong><\/p>\n<p><strong style=\"color: #008000;\">Unidades Tecnol\u00f3gicas de Santander<\/strong><\/p>\n<div class=\"titulo-siderbar\">\n<p style=\"text-align: justify;\">Las<span style=\"color: #000000;\"> Unidades Tecnol\u00f3gicas de Santander (UTS) son una Instituci\u00f3n de Educaci\u00f3n Superior que nacieron el 23 de diciembre de 1963, 55 a\u00f1os de existencia en los cuales ha alcanzado reconocimiento en Colombia por la calidad de sus servicios educativos y por contribuir con la formaci\u00f3n del talento humano requerido para el desarrollo tecnol\u00f3gico y profesional del pa\u00eds.<\/span><\/p>\n<\/div>\n<p style=\"text-align: justify;\">\n<p style=\"text-align: justify;\"><span style=\"color: #000000;\"><strong>Actualmente\u00a0 ofrecemos programas Tecnol\u00f3gicos y Universitarios por ciclos proped\u00e9uticos \u00a0en modalidad de Educaci\u00f3n Virtual, los cuales se caracterizan por:<\/strong><\/span><\/p>\n<p style=\"text-align: justify;\"><span style=\"color: #008000;\"><strong>Flexibilidad:<\/strong><\/span> <span style=\"color: #000000;\">Participa a tu propio ritmo de estudio y logra tus metas, accede desde cualquier sitio a estudiar, nuestra plataforma de estudio siempre estar\u00e1 disponible.<\/span><\/p>\n<p style=\"text-align: justify;\"><span style=\"color: #008000;\"><strong>Acompa\u00f1amiento:<\/strong><\/span> <span style=\"color: #000000;\">Seguimiento y atenci\u00f3n de inquietudes, dudas y preguntas por Docentes tutores y Docentes Consejeros, como apoyo a tu proceso de formaci\u00f3n.<\/span><\/p>\n<p style=\"text-align: justify;\"><span style=\"color: #008000;\"><strong>Acceso global:<\/strong><\/span> <span style=\"color: #000000;\">Estudia desde cualquier lugar y a cualquier hora, solo necesitas una conexi\u00f3n a internet, no necesitas desplazarte a la universidad.<\/span><\/p>\n<p style=\"text-align: justify;\"><strong><span style=\"color: #008000;\">Trabajo en equipo y colaborativo:<\/span><\/strong><span style=\"color: #000000;\"> Podr\u00e1s interactuar y trabajar en equipo con sus compa\u00f1eros y docentes a trav\u00e9s de diversas plataformas colaborativas usando chat, videoconferencia y foros entre otros.<\/span><\/p>\n<p style=\"text-align: justify;\"><span style=\"color: #000000;\"><strong style=\"text-align: justify;\">Las Unidades Tecnol\u00f3gicas de Santander cuentan con servicios de calidad para la educaci\u00f3n virtual al alcance de todos. Para ello contamos con el apoyo de:<\/strong><\/span><\/p>\n<ul>\n<li style=\"text-align: justify;\">\n<p style=\"text-align: justify;\"><span style=\"color: #000000;\">Sistema de grabaci\u00f3n de clases en video, donde el docente realiza materiales de apoyo para ampliar los conocimientos del estudiante.<\/span><\/p>\n<\/li>\n<li style=\"text-align: justify;\">\n<p style=\"text-align: justify;\"><span style=\"color: #000000;\">Una moderna plataforma de aprendizaje con servicios integrados para video conferencia, foros y espacios para la interacci\u00f3n de estudiantes y docentes.<\/span><\/p>\n<\/li>\n<li style=\"text-align: justify;\">\n<p style=\"text-align: justify;\"><span style=\"color: #000000;\">Seguimiento y acompa\u00f1amiento de nuestros estudiantes, con un equipo humano conformado por docentes: Consejeros (Acompa\u00f1an y orienta al estudiante en el proceso acad\u00e9mico y administrativo), Tutores (Orienta el proceso formativo del estudiante) y \u00a0Dise\u00f1adores (Los cuales revisan que los materiales se encuentren actualizados de acuerdo al programa de formaci\u00f3n), con el fin de garantizar la excelencia en el aprendizaje.<\/span><\/p>\n<\/li>\n<li>\n<p style=\"text-align: justify;\"><span style=\"color: #000000;\">Un equipo de profesionales especializados en la producci\u00f3n de materiales educativos y asesor\u00eda educativa que realiza acompa\u00f1amiento a los docentes en el desarrollo de los cursos.<\/span><\/p>\n<\/li>\n<\/ul>\n","protected":false},"excerpt":{"rendered":"<p>Unidades Tecnol\u00f3gicas de Santander Las Unidades Tecnol\u00f3gicas de Santander (UTS) son una Instituci\u00f3n de Educaci\u00f3n Superior que nacieron el 23 de diciembre de 1963, 55 a\u00f1os de existencia en los&hellip;<\/p>\n","protected":false},"author":1,"featured_media":0,"parent":0,"menu_order":0,"comment_status":"closed","ping_status":"closed","template":"","meta":{"_monsterinsights_skip_tracking":false,"_monsterinsights_sitenote_active":false,"_monsterinsights_sitenote_note":"","_monsterinsights_sitenote_category":0,"_uf_show_specific_survey":0,"_uf_disable_surveys":false,"footnotes":""},"class_list":["post-15","page","type-page","status-publish","hentry"],"aioseo_notices":[],"_links":{"self":[{"href":"https:\/\/www.utsvirtual.edu.co\/sitio\/wp-json\/wp\/v2\/pages\/15","targetHints":{"allow":["GET"]}}],"collection":[{"href":"https:\/\/www.utsvirtual.edu.co\/sitio\/wp-json\/wp\/v2\/pages"}],"about":[{"href":"https:\/\/www.utsvirtual.edu.co\/sitio\/wp-json\/wp\/v2\/types\/page"}],"author":[{"embeddable":true,"href":"https:\/\/www.utsvirtual.edu.co\/sitio\/wp-json\/wp\/v2\/users\/1"}],"replies":[{"embeddable":true,"href":"https:\/\/www.utsvirtual.edu.co\/sitio\/wp-json\/wp\/v2\/comments?post=15"}],"version-history":[{"count":3,"href":"https:\/\/www.utsvirtual.edu.co\/sitio\/wp-json\/wp\/v2\/pages\/15\/revisions"}],"predecessor-version":[{"id":16381,"href":"https:\/\/www.utsvirtual.edu.co\/sitio\/wp-json\/wp\/v2\/pages\/15\/revisions\/16381"}],"wp:attachment":[{"href":"https:\/\/www.utsvirtual.edu.co\/sitio\/wp-json\/wp\/v2\/media?parent=15"}],"curies":[{"name":"wp","href":"https:\/\/api.w.org\/{rel}","templated":true}]}}