{"id":16012,"date":"2023-03-25T04:32:10","date_gmt":"2023-03-25T04:32:10","guid":{"rendered":"https:\/\/www.utsvirtual.edu.co\/sitio\/?page_id=16012"},"modified":"2023-09-22T04:41:51","modified_gmt":"2023-09-22T04:41:51","slug":"agenda-tu-cita-de-tutoria-y-monitorias","status":"publish","type":"page","link":"https:\/\/www.utsvirtual.edu.co\/sitio\/agenda-tu-cita-de-tutoria-y-monitorias\/","title":{"rendered":"Agenda tu cita de tutor\u00eda y monitorias"},"content":{"rendered":"<div class=\"wpb-content-wrapper\"><div class=\"vc_row wpb_row vc_row-fluid\"><div class=\"wpb_column vc_column_container vc_col-sm-12\"><div class=\"vc_column-inner\"><div class=\"wpb_wrapper\">\n\t<div  class=\"wpb_single_image wpb_content_element vc_align_center wpb_content_element\">\n\t\t\n\t\t<figure class=\"wpb_wrapper vc_figure\">\n\t\t\t<div class=\"vc_single_image-wrapper   vc_box_border_grey\"><img loading=\"lazy\" decoding=\"async\" width=\"1596\" height=\"624\" src=\"https:\/\/www.utsvirtual.edu.co\/sitio\/wp-content\/uploads\/2023\/09\/BANNER-AGENDA-TU-CITA-DE-TUTORIA-Y-MONITORIAS.jpg\" class=\"vc_single_image-img attachment-full\" alt=\"\" title=\"BANNER AGENDA TU CITA DE TUTOR\u00cdA Y MONITORIAS\" srcset=\"https:\/\/www.utsvirtual.edu.co\/sitio\/wp-content\/uploads\/2023\/09\/BANNER-AGENDA-TU-CITA-DE-TUTORIA-Y-MONITORIAS.jpg 1596w, https:\/\/www.utsvirtual.edu.co\/sitio\/wp-content\/uploads\/2023\/09\/BANNER-AGENDA-TU-CITA-DE-TUTORIA-Y-MONITORIAS-300x117.jpg 300w, https:\/\/www.utsvirtual.edu.co\/sitio\/wp-content\/uploads\/2023\/09\/BANNER-AGENDA-TU-CITA-DE-TUTORIA-Y-MONITORIAS-1024x400.jpg 1024w, https:\/\/www.utsvirtual.edu.co\/sitio\/wp-content\/uploads\/2023\/09\/BANNER-AGENDA-TU-CITA-DE-TUTORIA-Y-MONITORIAS-150x59.jpg 150w, https:\/\/www.utsvirtual.edu.co\/sitio\/wp-content\/uploads\/2023\/09\/BANNER-AGENDA-TU-CITA-DE-TUTORIA-Y-MONITORIAS-768x300.jpg 768w, https:\/\/www.utsvirtual.edu.co\/sitio\/wp-content\/uploads\/2023\/09\/BANNER-AGENDA-TU-CITA-DE-TUTORIA-Y-MONITORIAS-1536x601.jpg 1536w\" sizes=\"auto, (max-width: 1596px) 100vw, 1596px\" \/><\/div>\n\t\t<\/figure>\n\t<\/div>\n<div class=\"vc_message_box vc_message_box-solid vc_message_box-rounded vc_color-sky vc_do_message\" ><div class=\"vc_message_box-icon\"><i class=\"fas fa-book\"><\/i><\/div><p style=\"text-align: center;\"><span style=\"color: #ffffff;\">Agenda tu cita de tutor\u00eda y monitorias<\/span><\/p>\n<\/div><\/div><\/div><\/div><\/div><div class=\"vc_row wpb_row vc_row-fluid\"><div class=\"wpb_column vc_column_container vc_col-sm-3\"><div class=\"vc_column-inner\"><div class=\"wpb_wrapper\">\n\t<div  class=\"wpb_single_image wpb_content_element vc_align_center wpb_content_element\">\n\t\t\n\t\t<figure class=\"wpb_wrapper vc_figure\">\n\t\t\t<div class=\"vc_single_image-wrapper   vc_box_border_grey\"><img loading=\"lazy\" decoding=\"async\" width=\"1920\" height=\"1080\" src=\"https:\/\/www.utsvirtual.edu.co\/sitio\/wp-content\/uploads\/2021\/05\/Fachada-2.jpg\" class=\"vc_single_image-img attachment-full\" alt=\"\" title=\"Fachada-2\" srcset=\"https:\/\/www.utsvirtual.edu.co\/sitio\/wp-content\/uploads\/2021\/05\/Fachada-2.jpg 1920w, https:\/\/www.utsvirtual.edu.co\/sitio\/wp-content\/uploads\/2021\/05\/Fachada-2-300x169.jpg 300w, https:\/\/www.utsvirtual.edu.co\/sitio\/wp-content\/uploads\/2021\/05\/Fachada-2-1024x576.jpg 1024w, https:\/\/www.utsvirtual.edu.co\/sitio\/wp-content\/uploads\/2021\/05\/Fachada-2-150x84.jpg 150w, https:\/\/www.utsvirtual.edu.co\/sitio\/wp-content\/uploads\/2021\/05\/Fachada-2-768x432.jpg 768w, https:\/\/www.utsvirtual.edu.co\/sitio\/wp-content\/uploads\/2021\/05\/Fachada-2-1536x864.jpg 1536w\" sizes=\"auto, (max-width: 1920px) 100vw, 1920px\" \/><\/div>\n\t\t<\/figure>\n\t<\/div>\n<div class=\"vc_message_box vc_message_box-standard vc_message_box-rounded vc_color-vista_blue vc_do_message\" ><div class=\"vc_message_box-icon\"><i class=\"fas fa-arrow-down\"><\/i><\/div><p style=\"text-align: center;\"><a href=\"https:\/\/www.utsvirtual.edu.co\/sitio\/wp-content\/uploads\/2023\/03\/Agenda-tu-cita-de-tutoria-y-monitorias.pdf\" target=\"_blank\" rel=\"noopener\"><strong>Descargar Manual de Solicitud de Tutor\u00eda.<\/strong><\/a><\/p>\n<\/div><div class=\"vc_btn3-container vc_btn3-center vc_do_btn\" ><a class=\"vc_general vc_btn3 vc_btn3-size-md vc_btn3-shape-rounded vc_btn3-style-modern vc_btn3-icon-left vc_btn3-color-green\" href=\"https:\/\/tutorias.uts.edu.co\/cita.php\" title=\"\" target=\"_blank\"><i class=\"vc_btn3-icon fas fa-check-circle\"><\/i> Solicita tu cita aqu\u00ed<\/a><\/div><div class=\"vc_message_box vc_message_box-standard vc_message_box-rounded vc_color-alert-warning vc_do_message\" ><div class=\"vc_message_box-icon\"><i class=\"fa fa-solid fa-circle-info\"><\/i><\/div><p style=\"text-align: justify;\">Cualquier duda o inquietud puede comunicarse con Centro de Acompa\u00f1amiento a Estudiantes al correo: <span style=\"color: #008000;\"><strong>cae@correo.uts.edu.co.<\/strong><\/span><\/p>\n<\/div><\/div><\/div><\/div><div class=\"wpb_column vc_column_container vc_col-sm-9\"><div class=\"vc_column-inner\"><div class=\"wpb_wrapper\">\n\t<div class=\"wpb_text_column wpb_content_element\" >\n\t\t<div class=\"wpb_wrapper\">\n\t\t\t<p>Para realizar este proceso debe ingresar al enlace: <strong><a href=\"https:\/\/tutorias.uts.edu.co\/\" target=\"_blank\" rel=\"noopener\">https:\/\/tutorias.uts.edu.co\/<\/a>,<\/strong> o descargar la App m\u00f3vil<strong> (<a href=\"https:\/\/play.google.com\/store\/apps\/details?id=com.soyuteista\" target=\"_blank\" rel=\"noopener\">Descargar aqu\u00ed<\/a>)<\/strong>:<\/p>\n<p><img loading=\"lazy\" decoding=\"async\" class=\"alignnone wp-image-16015\" src=\"https:\/\/www.utsvirtual.edu.co\/sitio\/wp-content\/uploads\/2023\/03\/1-1.png\" alt=\"\" width=\"695\" height=\"339\" srcset=\"https:\/\/www.utsvirtual.edu.co\/sitio\/wp-content\/uploads\/2023\/03\/1-1.png 941w, https:\/\/www.utsvirtual.edu.co\/sitio\/wp-content\/uploads\/2023\/03\/1-1-300x146.png 300w, https:\/\/www.utsvirtual.edu.co\/sitio\/wp-content\/uploads\/2023\/03\/1-1-150x73.png 150w, https:\/\/www.utsvirtual.edu.co\/sitio\/wp-content\/uploads\/2023\/03\/1-1-768x375.png 768w\" sizes=\"auto, (max-width: 695px) 100vw, 695px\" \/><\/p>\n<p>Ingrese su n\u00famero de documento y oprima el bot\u00f3n buscar documento del estudiante:<img loading=\"lazy\" decoding=\"async\" class=\"wp-image-16021 aligncenter\" src=\"https:\/\/www.utsvirtual.edu.co\/sitio\/wp-content\/uploads\/2023\/03\/2.png\" alt=\"\" width=\"349\" height=\"47\" srcset=\"https:\/\/www.utsvirtual.edu.co\/sitio\/wp-content\/uploads\/2023\/03\/2.png 422w, https:\/\/www.utsvirtual.edu.co\/sitio\/wp-content\/uploads\/2023\/03\/2-300x41.png 300w, https:\/\/www.utsvirtual.edu.co\/sitio\/wp-content\/uploads\/2023\/03\/2-150x20.png 150w, https:\/\/www.utsvirtual.edu.co\/sitio\/wp-content\/uploads\/2023\/03\/2-420x57.png 420w\" sizes=\"auto, (max-width: 349px) 100vw, 349px\" \/><\/p>\n<p>Siga los siguientes pasos para solicitar su cita:<\/p>\n<p><img loading=\"lazy\" decoding=\"async\" class=\"alignnone wp-image-16022\" src=\"https:\/\/www.utsvirtual.edu.co\/sitio\/wp-content\/uploads\/2023\/03\/3-1.png\" alt=\"\" width=\"640\" height=\"300\" srcset=\"https:\/\/www.utsvirtual.edu.co\/sitio\/wp-content\/uploads\/2023\/03\/3-1.png 1005w, https:\/\/www.utsvirtual.edu.co\/sitio\/wp-content\/uploads\/2023\/03\/3-1-300x141.png 300w, https:\/\/www.utsvirtual.edu.co\/sitio\/wp-content\/uploads\/2023\/03\/3-1-150x70.png 150w, https:\/\/www.utsvirtual.edu.co\/sitio\/wp-content\/uploads\/2023\/03\/3-1-768x360.png 768w\" sizes=\"auto, (max-width: 640px) 100vw, 640px\" \/><\/p>\n<p>Seleccione el curso donde requiere una tutor\u00eda acad\u00e9mica:<\/p>\n<p><img loading=\"lazy\" decoding=\"async\" class=\"alignnone wp-image-16023\" src=\"https:\/\/www.utsvirtual.edu.co\/sitio\/wp-content\/uploads\/2023\/03\/4.png\" alt=\"\" width=\"629\" height=\"311\" srcset=\"https:\/\/www.utsvirtual.edu.co\/sitio\/wp-content\/uploads\/2023\/03\/4.png 1016w, https:\/\/www.utsvirtual.edu.co\/sitio\/wp-content\/uploads\/2023\/03\/4-300x148.png 300w, https:\/\/www.utsvirtual.edu.co\/sitio\/wp-content\/uploads\/2023\/03\/4-150x74.png 150w, https:\/\/www.utsvirtual.edu.co\/sitio\/wp-content\/uploads\/2023\/03\/4-768x379.png 768w\" sizes=\"auto, (max-width: 629px) 100vw, 629px\" \/><\/p>\n<p>Se habilitar\u00e1 el proceso disponibilidad de horario, debe seleccionar el d\u00eda y posteriormente la hora que se encuentre disponible:<\/p>\n<p><img loading=\"lazy\" decoding=\"async\" class=\"alignnone wp-image-16024\" src=\"https:\/\/www.utsvirtual.edu.co\/sitio\/wp-content\/uploads\/2023\/03\/5.png\" alt=\"\" width=\"578\" height=\"458\" srcset=\"https:\/\/www.utsvirtual.edu.co\/sitio\/wp-content\/uploads\/2023\/03\/5.png 880w, https:\/\/www.utsvirtual.edu.co\/sitio\/wp-content\/uploads\/2023\/03\/5-300x238.png 300w, https:\/\/www.utsvirtual.edu.co\/sitio\/wp-content\/uploads\/2023\/03\/5-150x119.png 150w, https:\/\/www.utsvirtual.edu.co\/sitio\/wp-content\/uploads\/2023\/03\/5-768x608.png 768w\" sizes=\"auto, (max-width: 578px) 100vw, 578px\" \/><\/p>\n<p>Se habilitar\u00e1 el proceso para seleccionar el tutor o monitor para la tutor\u00eda:<\/p>\n<p><img loading=\"lazy\" decoding=\"async\" class=\"alignnone wp-image-16025\" src=\"https:\/\/www.utsvirtual.edu.co\/sitio\/wp-content\/uploads\/2023\/03\/6-1024x453.png\" alt=\"\" width=\"549\" height=\"243\" srcset=\"https:\/\/www.utsvirtual.edu.co\/sitio\/wp-content\/uploads\/2023\/03\/6-1024x453.png 1024w, https:\/\/www.utsvirtual.edu.co\/sitio\/wp-content\/uploads\/2023\/03\/6-300x133.png 300w, https:\/\/www.utsvirtual.edu.co\/sitio\/wp-content\/uploads\/2023\/03\/6-150x66.png 150w, https:\/\/www.utsvirtual.edu.co\/sitio\/wp-content\/uploads\/2023\/03\/6-768x339.png 768w, https:\/\/www.utsvirtual.edu.co\/sitio\/wp-content\/uploads\/2023\/03\/6.png 1077w\" sizes=\"auto, (max-width: 549px) 100vw, 549px\" \/><\/p>\n<p>Una vez seleccionado el docente tutor con la disponibilidad que usted escogi\u00f3, tendr\u00e1 la informaci\u00f3n de la tutor\u00eda y del docente:<\/p>\n<p><img loading=\"lazy\" decoding=\"async\" class=\"alignnone wp-image-16026\" src=\"https:\/\/www.utsvirtual.edu.co\/sitio\/wp-content\/uploads\/2023\/03\/7.png\" alt=\"\" width=\"542\" height=\"176\" srcset=\"https:\/\/www.utsvirtual.edu.co\/sitio\/wp-content\/uploads\/2023\/03\/7.png 967w, https:\/\/www.utsvirtual.edu.co\/sitio\/wp-content\/uploads\/2023\/03\/7-300x97.png 300w, https:\/\/www.utsvirtual.edu.co\/sitio\/wp-content\/uploads\/2023\/03\/7-150x49.png 150w, https:\/\/www.utsvirtual.edu.co\/sitio\/wp-content\/uploads\/2023\/03\/7-768x249.png 768w\" sizes=\"auto, (max-width: 542px) 100vw, 542px\" \/><\/p>\n<p>Para proceder a la programaci\u00f3n es importante que usted se identifique como estudiante de virtualidad para que el profesor tutor este enterado y pueda acordar una cita de tutor\u00eda remota, en este espacio de horario. (Recuerde que puede asistir presencialmente si lo desea y tiene la posibilidad):<\/p>\n<p><img loading=\"lazy\" decoding=\"async\" class=\"alignnone wp-image-16027\" src=\"https:\/\/www.utsvirtual.edu.co\/sitio\/wp-content\/uploads\/2023\/03\/8.png\" alt=\"\" width=\"539\" height=\"69\" srcset=\"https:\/\/www.utsvirtual.edu.co\/sitio\/wp-content\/uploads\/2023\/03\/8.png 1023w, https:\/\/www.utsvirtual.edu.co\/sitio\/wp-content\/uploads\/2023\/03\/8-300x38.png 300w, https:\/\/www.utsvirtual.edu.co\/sitio\/wp-content\/uploads\/2023\/03\/8-150x19.png 150w, https:\/\/www.utsvirtual.edu.co\/sitio\/wp-content\/uploads\/2023\/03\/8-768x98.png 768w\" sizes=\"auto, (max-width: 539px) 100vw, 539px\" \/><\/p>\n<p>Por \u00faltimo, debe escoger la fecha seg\u00fan el d\u00eda y la hora seleccionado para proceder a la programaci\u00f3n por parte del docente de la tutor\u00eda un d\u00eda especifico.<\/p>\n<p><img loading=\"lazy\" decoding=\"async\" class=\"wp-image-16020 aligncenter\" src=\"https:\/\/www.utsvirtual.edu.co\/sitio\/wp-content\/uploads\/2023\/03\/9.png\" alt=\"\" width=\"307\" height=\"77\" srcset=\"https:\/\/www.utsvirtual.edu.co\/sitio\/wp-content\/uploads\/2023\/03\/9.png 503w, https:\/\/www.utsvirtual.edu.co\/sitio\/wp-content\/uploads\/2023\/03\/9-300x75.png 300w, https:\/\/www.utsvirtual.edu.co\/sitio\/wp-content\/uploads\/2023\/03\/9-150x38.png 150w, https:\/\/www.utsvirtual.edu.co\/sitio\/wp-content\/uploads\/2023\/03\/9-500x126.png 500w\" sizes=\"auto, (max-width: 307px) 100vw, 307px\" \/><\/p>\n<p>Para finalizar la solicitud debe oprimir el bot\u00f3n:<img loading=\"lazy\" decoding=\"async\" class=\"wp-image-16028 aligncenter\" src=\"https:\/\/www.utsvirtual.edu.co\/sitio\/wp-content\/uploads\/2023\/03\/qq.png\" alt=\"\" width=\"235\" height=\"57\" srcset=\"https:\/\/www.utsvirtual.edu.co\/sitio\/wp-content\/uploads\/2023\/03\/qq.png 378w, https:\/\/www.utsvirtual.edu.co\/sitio\/wp-content\/uploads\/2023\/03\/qq-300x73.png 300w, https:\/\/www.utsvirtual.edu.co\/sitio\/wp-content\/uploads\/2023\/03\/qq-150x37.png 150w, https:\/\/www.utsvirtual.edu.co\/sitio\/wp-content\/uploads\/2023\/03\/qq-370x92.png 370w\" sizes=\"auto, (max-width: 235px) 100vw, 235px\" \/><\/p>\n\n\t\t<\/div>\n\t<\/div>\n<div class=\"vc_message_box vc_message_box-standard vc_message_box-rounded vc_color-vista_blue vc_do_message\" ><div class=\"vc_message_box-icon\"><i class=\"far fa-address-book\"><\/i><\/div><p>\u00a1Recuerde! que, al enviar la solicitud de la cita debe de esperar un tiempo estimado de 48 horas para que el docente se comunique con usted.<br \/>\nDurante este tiempo el docente debe de confirmar si hay cupo disponible en el d\u00eda y la hora que solicit\u00f3 el servicio de tutor\u00eda.<\/p>\n<\/div><div class=\"vc_message_box vc_message_box-standard vc_message_box-rounded vc_color-alert-warning vc_do_message\" ><div class=\"vc_message_box-icon\"><i class=\"fa fa-solid fa-circle-info\"><\/i><\/div><p style=\"text-align: justify;\">Cualquier duda o inquietud puede comunicarse con Centro de Acompa\u00f1amiento a Estudiantes al correo: <span style=\"color: #008000;\"><strong>cae@correo.uts.edu.co.<\/strong><\/span><\/p>\n<\/div><\/div><\/div><\/div><\/div>\n<\/div>","protected":false},"excerpt":{"rendered":"Agenda tu cita de tutor\u00eda y monitorias Descargar Manual de Solicitud de Tutor\u00eda. Solicita tu cita aqu\u00edCualquier duda o inquietud puede comunicarse con Centro de Acompa\u00f1amiento a Estudiantes al correo:&hellip;","protected":false},"author":1,"featured_media":0,"parent":0,"menu_order":0,"comment_status":"closed","ping_status":"closed","template":"","meta":{"_monsterinsights_skip_tracking":false,"_monsterinsights_sitenote_active":false,"_monsterinsights_sitenote_note":"","_monsterinsights_sitenote_category":0,"_uf_show_specific_survey":0,"_uf_disable_surveys":false,"footnotes":""},"class_list":["post-16012","page","type-page","status-publish","hentry"],"aioseo_notices":[],"_links":{"self":[{"href":"https:\/\/www.utsvirtual.edu.co\/sitio\/wp-json\/wp\/v2\/pages\/16012","targetHints":{"allow":["GET"]}}],"collection":[{"href":"https:\/\/www.utsvirtual.edu.co\/sitio\/wp-json\/wp\/v2\/pages"}],"about":[{"href":"https:\/\/www.utsvirtual.edu.co\/sitio\/wp-json\/wp\/v2\/types\/page"}],"author":[{"embeddable":true,"href":"https:\/\/www.utsvirtual.edu.co\/sitio\/wp-json\/wp\/v2\/users\/1"}],"replies":[{"embeddable":true,"href":"https:\/\/www.utsvirtual.edu.co\/sitio\/wp-json\/wp\/v2\/comments?post=16012"}],"version-history":[{"count":8,"href":"https:\/\/www.utsvirtual.edu.co\/sitio\/wp-json\/wp\/v2\/pages\/16012\/revisions"}],"predecessor-version":[{"id":16489,"href":"https:\/\/www.utsvirtual.edu.co\/sitio\/wp-json\/wp\/v2\/pages\/16012\/revisions\/16489"}],"wp:attachment":[{"href":"https:\/\/www.utsvirtual.edu.co\/sitio\/wp-json\/wp\/v2\/media?parent=16012"}],"curies":[{"name":"wp","href":"https:\/\/api.w.org\/{rel}","templated":true}]}}