{"id":17443,"date":"2025-11-06T11:38:13","date_gmt":"2025-11-06T11:38:13","guid":{"rendered":"https:\/\/www.utsvirtual.edu.co\/sitio\/?page_id=17443"},"modified":"2025-11-06T19:18:24","modified_gmt":"2025-11-06T19:18:24","slug":"club_emprendedores","status":"publish","type":"page","link":"https:\/\/www.utsvirtual.edu.co\/sitio\/club_emprendedores\/","title":{"rendered":"Club_Emprendedores"},"content":{"rendered":"<div class=\"wpb-content-wrapper\"><section class=\"vc_section\"><div class=\"vc_row wpb_row vc_row-fluid\"><div class=\"wpb_column vc_column_container vc_col-sm-12\"><div class=\"vc_column-inner\"><div class=\"wpb_wrapper\">\n\t<div  class=\"wpb_single_image wpb_content_element vc_align_center wpb_content_element\">\n\t\t\n\t\t<figure class=\"wpb_wrapper vc_figure\">\n\t\t\t<div class=\"vc_single_image-wrapper   vc_box_border_grey\"><img loading=\"lazy\" decoding=\"async\" width=\"2560\" height=\"854\" src=\"https:\/\/www.utsvirtual.edu.co\/sitio\/wp-content\/uploads\/2025\/11\/Club_Emprendedores.jpg\" class=\"vc_single_image-img attachment-full\" alt=\"\" title=\"Club_Emprendedores\" srcset=\"https:\/\/www.utsvirtual.edu.co\/sitio\/wp-content\/uploads\/2025\/11\/Club_Emprendedores.jpg 2560w, https:\/\/www.utsvirtual.edu.co\/sitio\/wp-content\/uploads\/2025\/11\/Club_Emprendedores-300x100.jpg 300w, https:\/\/www.utsvirtual.edu.co\/sitio\/wp-content\/uploads\/2025\/11\/Club_Emprendedores-1024x342.jpg 1024w, https:\/\/www.utsvirtual.edu.co\/sitio\/wp-content\/uploads\/2025\/11\/Club_Emprendedores-150x50.jpg 150w, https:\/\/www.utsvirtual.edu.co\/sitio\/wp-content\/uploads\/2025\/11\/Club_Emprendedores-768x256.jpg 768w, https:\/\/www.utsvirtual.edu.co\/sitio\/wp-content\/uploads\/2025\/11\/Club_Emprendedores-1536x512.jpg 1536w, https:\/\/www.utsvirtual.edu.co\/sitio\/wp-content\/uploads\/2025\/11\/Club_Emprendedores-2048x683.jpg 2048w\" sizes=\"auto, (max-width: 2560px) 100vw, 2560px\" \/><\/div>\n\t\t<\/figure>\n\t<\/div>\n<\/div><\/div><\/div><\/div><\/section><div class=\"vc_row wpb_row vc_row-fluid\"><div class=\"wpb_column vc_column_container vc_col-sm-12\"><div class=\"vc_column-inner\"><div class=\"wpb_wrapper\"><div class=\"vc_row wpb_row vc_inner vc_row-fluid\"><div class=\"wpb_column vc_column_container vc_col-sm-4\"><div class=\"vc_column-inner\"><div class=\"wpb_wrapper\"><div class=\"vc_message_box vc_message_box-solid-icon vc_message_box-rounded vc_color-peacoc vc_custom_1762456674490 vc_do_message\" ><div class=\"vc_message_box-icon\"><i class=\"\"><\/i><\/div><p><span style=\"color: #000000;\"><span style=\"color: #008000; font-size: 14pt;\"><strong>Informaci\u00f3n y Contacto:<\/strong><\/span><\/span><\/p>\n<p><strong>Direcci\u00f3n de Educaci\u00f3n Virtual<\/strong><\/p>\n<p><span data-olk-copy-source=\"MessageBody\"><b>Gestor responsable\u00a0del Club de Emprendedores:<\/b><\/span><\/p>\n<p>\u2709\ufe0f\u00a0<b>virtualclubemprendedores@correo.uts.edu.co<\/b><br \/>\n<b>Unidades Tecnol\u00f3gicas de Santander \u2013 UTS Virtual<\/b><\/p>\n<p><span data-olk-copy-source=\"MessageBody\"> \u201cS\u00edguenos en redes\u201d<\/span><\/p>\n<p><a href=\"https:\/\/www.facebook.com\/bienestarinstitucionalutsoficial\" target=\"_blank\" rel=\"noopener\"><img loading=\"lazy\" decoding=\"async\" class=\"alignnone wp-image-15978\" src=\"https:\/\/www.utsvirtual.edu.co\/sitio\/pruebas\/wp-content\/uploads\/2023\/03\/1.jpg\" alt=\"\" width=\"60\" height=\"59\" srcset=\"https:\/\/www.utsvirtual.edu.co\/sitio\/wp-content\/uploads\/2023\/03\/1.jpg 130w, https:\/\/www.utsvirtual.edu.co\/sitio\/wp-content\/uploads\/2023\/03\/1-120x120.jpg 120w\" sizes=\"auto, (max-width: 60px) 100vw, 60px\" \/><\/a>\u00a0 \u00a0 \u00a0 \u00a0<a href=\"https:\/\/www.instagram.com\/bienestaruts\/?igshid=ZDdkNTZiNTM%3D\" target=\"_blank\" rel=\"noopener\"><img loading=\"lazy\" decoding=\"async\" class=\"alignnone wp-image-15977\" src=\"https:\/\/www.utsvirtual.edu.co\/sitio\/pruebas\/wp-content\/uploads\/2023\/03\/2.jpg\" alt=\"\" width=\"60\" height=\"60\" srcset=\"https:\/\/www.utsvirtual.edu.co\/sitio\/wp-content\/uploads\/2023\/03\/2.jpg 128w, https:\/\/www.utsvirtual.edu.co\/sitio\/wp-content\/uploads\/2023\/03\/2-120x120.jpg 120w\" sizes=\"auto, (max-width: 60px) 100vw, 60px\" \/><\/a><\/p>\n<\/div><\/div><\/div><\/div><div class=\"wpb_column vc_column_container vc_col-sm-8\"><div class=\"vc_column-inner\"><div class=\"wpb_wrapper\"><div class=\"vc_message_box vc_message_box-solid-icon vc_message_box-rounded vc_color-peacoc vc_custom_1762353950797 vc_do_message\" ><div class=\"vc_message_box-icon\"><i class=\"fa fa-solid fa-circle-info\"><\/i><\/div><p style=\"text-align: justify;\"><span style=\"color: #333333;\"><span style=\"color: #008000;\"><strong>\u00bfQu\u00e9 es Club de Emprendedores?<\/strong><\/span><\/span><\/p>\n<div data-olk-copy-source=\"MessageBody\">El\u00a0<b>Club de Emprendedores DEVCE<\/b>\u00a0(Direcci\u00f3n de Educaci\u00f3n Virtual Club de Emprendedores) es un espacio de innovaci\u00f3n, mentor\u00eda y crecimiento para los estudiantes de la modalidad virtual de las UTS.<\/div>\n<div data-olk-copy-source=\"MessageBody\"><\/div>\n<div data-olk-copy-source=\"MessageBody\">Con m\u00e1s de\u00a0<b>264 estudiantes inscritos<\/b>, buscamos acompa\u00f1ar el desarrollo de ideas hasta su materializaci\u00f3n, fortaleciendo el esp\u00edritu emprendedor, el liderazgo y la conexi\u00f3n con el ecosistema empresarial.<\/div>\n<div data-olk-copy-source=\"MessageBody\"><\/div>\n<div data-olk-copy-source=\"MessageBody\"><\/div>\n<div>\u00a0<i>\u201cDe una idea nace una oportunidad. En DEVCE, la transformamos en realidad.\u201d<\/i><\/div>\n<\/div><div class=\"vc_btn3-container vc_btn3-center vc_do_btn\" ><a class=\"vc_general vc_btn3 vc_btn3-size-lg vc_btn3-shape-rounded vc_btn3-style-modern vc_btn3-block vc_btn3-icon-left vc_btn3-color-success\" href=\"https:\/\/www.uts.edu.co\/sitio\" title=\"\" target=\"_blank\"><i class=\"vc_btn3-icon \"><\/i> Ver m\u00e1s informaci\u00f3n del Club de Emprendedores<\/a><\/div><div class=\"vc_btn3-container vc_btn3-center vc_do_btn\" ><a class=\"vc_general vc_btn3 vc_btn3-size-lg vc_btn3-shape-rounded vc_btn3-style-modern vc_btn3-block vc_btn3-icon-left vc_btn3-color-orange\" href=\"https:\/\/www.uts.edu.co\/sitio\/\" title=\"\" target=\"_blank\"><i class=\"vc_btn3-icon \"><\/i> Ver Eventos del Club de Emprendedores<\/a><\/div><div class=\"vc_btn3-container vc_btn3-center vc_do_btn\" ><a class=\"vc_general vc_btn3 vc_btn3-size-lg vc_btn3-shape-rounded vc_btn3-style-modern vc_btn3-block vc_btn3-icon-left vc_btn3-color-sky\" href=\"https:\/\/www.uts.edu.co\/sitio\/\" title=\"\" target=\"_blank\"><i class=\"vc_btn3-icon \"><\/i> \u00danete al Club \u201cHaz parte de DEVCE\u201d<\/a><\/div><\/div><\/div><\/div><\/div><div class=\"vc_row wpb_row vc_inner vc_row-fluid vc_row-o-equal-height vc_row-flex\"><div class=\"wpb_column vc_column_container vc_col-sm-12\"><div class=\"vc_column-inner\"><div class=\"wpb_wrapper\"><div class=\"vc_separator wpb_content_element vc_separator_align_center vc_sep_width_100 vc_sep_pos_align_center vc_sep_color_peacoc wpb_content_element vc_separator-has-text\" ><span class=\"vc_sep_holder vc_sep_holder_l\"><span class=\"vc_sep_line\"><\/span><\/span><div class=\"vc_icon_element vc_icon_element-outer vc_do_icon vc_icon_element-align-left\"><div class=\"vc_icon_element-inner vc_icon_element-color-peacoc vc_icon_element-size-md vc_icon_element-style- vc_icon_element-background-color-grey\" ><span class=\"vc_icon_element-icon fas fa-check\" ><\/span><\/div><\/div><h4>Conoce nuestros emprendimientos<\/h4><span class=\"vc_sep_holder vc_sep_holder_r\"><span class=\"vc_sep_line\"><\/span><\/span>\n<\/div><\/div><\/div><\/div><\/div><\/div><\/div><\/div><\/div><div class=\"vc_row wpb_row vc_row-fluid\"><div class=\"wpb_column vc_column_container vc_col-sm-12\"><div class=\"vc_column-inner\"><div class=\"wpb_wrapper\"><div class=\"wpb_gallery wpb_content_element vc_clearfix wpb_content_element\" ><div class=\"wpb_wrapper\"><h2 class=\"wpb_heading wpb_gallery_heading\">Emprendimientos<\/h2><div class=\"wpb_gallery_slides wpb_flexslider flexslider_fade flexslider\" data-interval=\"3\" data-flex_fx=\"fade\"><ul class=\"slides\"><li><a class=\"\" href=\"https:\/\/www.utsvirtual.edu.co\/sitio\/wp-content\/uploads\/2025\/11\/Emprendimiento_02-1024x576.jpeg\" data-lightbox=\"lightbox[rel-17443-1336459739]\"><img loading=\"lazy\" decoding=\"async\" width=\"150\" height=\"84\" src=\"https:\/\/www.utsvirtual.edu.co\/sitio\/wp-content\/uploads\/2025\/11\/Emprendimiento_02-150x84.jpeg\" class=\"attachment-thumbnail\" alt=\"\" title=\"Emprendimiento_02\" srcset=\"https:\/\/www.utsvirtual.edu.co\/sitio\/wp-content\/uploads\/2025\/11\/Emprendimiento_02-150x84.jpeg 150w, https:\/\/www.utsvirtual.edu.co\/sitio\/wp-content\/uploads\/2025\/11\/Emprendimiento_02-300x169.jpeg 300w, https:\/\/www.utsvirtual.edu.co\/sitio\/wp-content\/uploads\/2025\/11\/Emprendimiento_02-1024x576.jpeg 1024w, https:\/\/www.utsvirtual.edu.co\/sitio\/wp-content\/uploads\/2025\/11\/Emprendimiento_02-768x432.jpeg 768w, https:\/\/www.utsvirtual.edu.co\/sitio\/wp-content\/uploads\/2025\/11\/Emprendimiento_02.jpeg 1280w\" sizes=\"auto, (max-width: 150px) 100vw, 150px\" \/><\/a><\/li><li><a class=\"\" href=\"https:\/\/www.utsvirtual.edu.co\/sitio\/wp-content\/uploads\/2025\/11\/Emprendimiento_03-1024x682.jpeg\" data-lightbox=\"lightbox[rel-17443-1336459739]\"><img loading=\"lazy\" decoding=\"async\" width=\"150\" height=\"100\" src=\"https:\/\/www.utsvirtual.edu.co\/sitio\/wp-content\/uploads\/2025\/11\/Emprendimiento_03-150x100.jpeg\" class=\"attachment-thumbnail\" alt=\"\" title=\"Emprendimiento_03\" srcset=\"https:\/\/www.utsvirtual.edu.co\/sitio\/wp-content\/uploads\/2025\/11\/Emprendimiento_03-150x100.jpeg 150w, https:\/\/www.utsvirtual.edu.co\/sitio\/wp-content\/uploads\/2025\/11\/Emprendimiento_03-300x200.jpeg 300w, https:\/\/www.utsvirtual.edu.co\/sitio\/wp-content\/uploads\/2025\/11\/Emprendimiento_03-1024x682.jpeg 1024w, https:\/\/www.utsvirtual.edu.co\/sitio\/wp-content\/uploads\/2025\/11\/Emprendimiento_03-768x512.jpeg 768w, https:\/\/www.utsvirtual.edu.co\/sitio\/wp-content\/uploads\/2025\/11\/Emprendimiento_03-1536x1023.jpeg 1536w, https:\/\/www.utsvirtual.edu.co\/sitio\/wp-content\/uploads\/2025\/11\/Emprendimiento_03.jpeg 1600w\" sizes=\"auto, (max-width: 150px) 100vw, 150px\" \/><\/a><\/li><\/ul><\/div><\/div><\/div><\/div><\/div><\/div><\/div>\n<\/div>","protected":false},"excerpt":{"rendered":"Informaci\u00f3n y Contacto: Direcci\u00f3n de Educaci\u00f3n Virtual Gestor responsable\u00a0del Club de Emprendedores: \u2709\ufe0f\u00a0virtualclubemprendedores@correo.uts.edu.co Unidades Tecnol\u00f3gicas de Santander \u2013 UTS Virtual \u201cS\u00edguenos en redes\u201d \u00a0 \u00a0 \u00a0 \u00a0 \u00bfQu\u00e9 es Club&hellip;","protected":false},"author":4,"featured_media":0,"parent":0,"menu_order":0,"comment_status":"closed","ping_status":"closed","template":"","meta":{"_monsterinsights_skip_tracking":false,"_monsterinsights_sitenote_active":false,"_monsterinsights_sitenote_note":"","_monsterinsights_sitenote_category":0,"_uf_show_specific_survey":0,"_uf_disable_surveys":false,"footnotes":""},"class_list":["post-17443","page","type-page","status-publish","hentry"],"aioseo_notices":[],"_links":{"self":[{"href":"https:\/\/www.utsvirtual.edu.co\/sitio\/wp-json\/wp\/v2\/pages\/17443","targetHints":{"allow":["GET"]}}],"collection":[{"href":"https:\/\/www.utsvirtual.edu.co\/sitio\/wp-json\/wp\/v2\/pages"}],"about":[{"href":"https:\/\/www.utsvirtual.edu.co\/sitio\/wp-json\/wp\/v2\/types\/page"}],"author":[{"embeddable":true,"href":"https:\/\/www.utsvirtual.edu.co\/sitio\/wp-json\/wp\/v2\/users\/4"}],"replies":[{"embeddable":true,"href":"https:\/\/www.utsvirtual.edu.co\/sitio\/wp-json\/wp\/v2\/comments?post=17443"}],"version-history":[{"count":7,"href":"https:\/\/www.utsvirtual.edu.co\/sitio\/wp-json\/wp\/v2\/pages\/17443\/revisions"}],"predecessor-version":[{"id":17476,"href":"https:\/\/www.utsvirtual.edu.co\/sitio\/wp-json\/wp\/v2\/pages\/17443\/revisions\/17476"}],"wp:attachment":[{"href":"https:\/\/www.utsvirtual.edu.co\/sitio\/wp-json\/wp\/v2\/media?parent=17443"}],"curies":[{"name":"wp","href":"https:\/\/api.w.org\/{rel}","templated":true}]}}