{"id":17522,"date":"2025-12-21T18:32:00","date_gmt":"2025-12-21T18:32:00","guid":{"rendered":"https:\/\/www.utsvirtual.edu.co\/sitio\/?page_id=17522"},"modified":"2026-02-23T19:11:37","modified_gmt":"2026-02-23T19:11:37","slug":"tecnologia-en-gestion-turistica-y-hotelera","status":"publish","type":"page","link":"https:\/\/www.utsvirtual.edu.co\/sitio\/tecnologia-en-gestion-turistica-y-hotelera\/","title":{"rendered":"Tecnolog\u00eda en Gesti\u00f3n Tur\u00edstica y Hotelera"},"content":{"rendered":"<div class=\"wpb-content-wrapper\"><div class=\"vc_row wpb_row vc_row-fluid\"><div class=\"wpb_animate_when_almost_visible wpb_fadeIn fadeIn wpb_column vc_column_container vc_col-sm-12\"><div class=\"vc_column-inner\"><div class=\"wpb_wrapper\">\n\t<div  class=\"wpb_single_image wpb_content_element vc_align_center wpb_content_element wpb_animate_when_almost_visible wpb_bounceIn bounceIn\">\n\t\t\n\t\t<figure class=\"wpb_wrapper vc_figure\">\n\t\t\t<div class=\"vc_single_image-wrapper   vc_box_border_grey\"><img loading=\"lazy\" decoding=\"async\" width=\"2560\" height=\"999\" src=\"https:\/\/www.utsvirtual.edu.co\/sitio\/wp-content\/uploads\/2025\/12\/Admon_empresas_TuriyHotele2026-V2.jpeg\" class=\"vc_single_image-img attachment-full\" alt=\"\" title=\"Admon_empresas_TuriyHotele2026-V2\" srcset=\"https:\/\/www.utsvirtual.edu.co\/sitio\/wp-content\/uploads\/2025\/12\/Admon_empresas_TuriyHotele2026-V2.jpeg 2560w, https:\/\/www.utsvirtual.edu.co\/sitio\/wp-content\/uploads\/2025\/12\/Admon_empresas_TuriyHotele2026-V2-300x117.jpeg 300w, https:\/\/www.utsvirtual.edu.co\/sitio\/wp-content\/uploads\/2025\/12\/Admon_empresas_TuriyHotele2026-V2-1024x400.jpeg 1024w, https:\/\/www.utsvirtual.edu.co\/sitio\/wp-content\/uploads\/2025\/12\/Admon_empresas_TuriyHotele2026-V2-150x59.jpeg 150w, https:\/\/www.utsvirtual.edu.co\/sitio\/wp-content\/uploads\/2025\/12\/Admon_empresas_TuriyHotele2026-V2-768x300.jpeg 768w, https:\/\/www.utsvirtual.edu.co\/sitio\/wp-content\/uploads\/2025\/12\/Admon_empresas_TuriyHotele2026-V2-1536x599.jpeg 1536w, https:\/\/www.utsvirtual.edu.co\/sitio\/wp-content\/uploads\/2025\/12\/Admon_empresas_TuriyHotele2026-V2-2048x799.jpeg 2048w\" sizes=\"auto, (max-width: 2560px) 100vw, 2560px\" \/><\/div>\n\t\t<\/figure>\n\t<\/div>\n<\/div><\/div><\/div><\/div><div class=\"vc_row wpb_row vc_row-fluid\"><div class=\"wpb_column vc_column_container vc_col-sm-8\"><div class=\"vc_column-inner\"><div class=\"wpb_wrapper\"><div class=\"vc_message_box vc_message_box-solid-icon vc_message_box-rounded vc_color-peacoc vc_do_message\" ><div class=\"vc_message_box-icon\"><i class=\"\"><\/i><\/div><p><span style=\"color: #008000;\"><strong>Datos generales del programa:<\/strong><\/span><\/p>\n<p><span style=\"color: #000000;\"><span style=\"color: #008000;\"><strong>Denominaci\u00f3n del Programa<\/strong><strong>:<\/strong><\/span><span style=\"color: #000000;\"> Tecnolog\u00eda en Gesti\u00f3n Tur\u00edstica y Hotelera-\u00a0 <\/span><em><span style=\"color: #339966;\"><span style=\"color: #339966;\">Articulado en ciclos proped\u00e9uticos con el programa de Administraci\u00f3n de Empresas Turisticas.\u00a0<\/span><\/span><\/em><\/span><br \/>\n<span style=\"color: #000000;\">Resoluci\u00f3n MEN No. <a href=\"https:\/\/www.utsvirtual.edu.co\/sitio\/wp-content\/uploads\/2025\/12\/R_024480_17122025.pdf\" target=\"_blank\" rel=\"noopener\">024480 del 17 de diciembe de 2025<\/a> y <a href=\"https:\/\/www.utsvirtual.edu.co\/sitio\/wp-content\/uploads\/2025\/12\/R_024481_17122025.pdf\">No. 024481 d<\/a><a href=\"https:\/\/www.utsvirtual.edu.co\/sitio\/wp-content\/uploads\/2022\/02\/Tecn_Gestion-Empresarial-virtual.pdf\" target=\"_blank\" rel=\"noopener\">el 17 de diciembe de 2025<\/a>\u00a0&#8211; <span style=\"color: #339966;\"><em>Vigencia por el termino de siete (7) a\u00f1os &#8211;\u00a0<\/em><\/span>C\u00f3digo SNIES NU: 024481 \/ SNIES NT: 024480<\/span><br \/>\n<span style=\"color: #000000;\"><span style=\"color: #008000;\"><strong>T\u00edtulo Otorgado:<\/strong> <\/span>Tecn\u00f3logo en Gesti\u00f3n Tur\u00edstica y Hotelera<\/span><br \/>\n<span style=\"color: #000000;\"><span style=\"color: #008000;\"><strong>Duraci\u00f3n del programa:<\/strong><\/span> 6 semestres &#8211; 12 Trimestres | N\u00famero de cr\u00e9ditos: 111<\/span><br \/>\n<span style=\"color: #339966;\"><span style=\"color: #008000;\"><strong>Valor Semestre<\/strong>:<\/span> <span style=\"color: #000000;\">1.5 Salarios m\u00ednimos legales mensuales vigentes.<\/span><\/span><br \/>\n<span style=\"color: #000000;\"><span style=\"color: #008000;\"><strong>Modalidad:<\/strong><\/span> Virtual<\/span><\/p>\n<\/div><div class=\"vc_message_box vc_message_box-solid-icon vc_message_box-rounded vc_color-peacoc vc_do_message\" ><div class=\"vc_message_box-icon\"><i class=\"\"><\/i><\/div><p><span style=\"color: #008000;\"><strong>Presentaci\u00f3n del programa:<\/strong><\/span><\/p>\n<p style=\"text-align: Justify;\">El programa acad\u00e9mico Tecnolog\u00eda en Gesti\u00f3n Tur\u00edstica y Hotelera en modalidad virtual articulado por ciclo proped\u00e9utico con Administraci\u00f3n de Empresas Tur\u00edsticas y Hoteleras virtual est\u00e1 organizado por ciclo proped\u00e9utico siguiendo los lineamientos propuestos por el Ministerio de Educaci\u00f3n Nacional. Su dise\u00f1o curricular est\u00e1 estructurado en dos niveles de formaci\u00f3n: tecnol\u00f3gico (Tecnolog\u00eda en Gesti\u00f3n Tur\u00edstica y Hotelera) y universitario (Administraci\u00f3n de Empresas Tur\u00edsticas y Hoteleras) articulados por un componente proped\u00e9utico, por acuerdo y lineamientos de la instituci\u00f3n, mediante la Pol\u00edtica para el Dise\u00f1o y Actualizaci\u00f3n Curricular de Programas Acad\u00e9micos de las Unidades Tecnol\u00f3gicas de Santander 2021.<\/p>\n<p>Los programas de Tecnolog\u00eda en Gesti\u00f3n Tur\u00edstica y Hotelera en Colombia han tenido un desarrollo significativo desde sus inicios atendiendo a la necesidad de formar profesionales capacitados para enfrentar los desaf\u00edos del sector tur\u00edstico y hotelero en el pa\u00eds.<\/p>\n<\/div><\/div><\/div><\/div><div class=\"wpb_column vc_column_container vc_col-sm-4\"><div class=\"vc_column-inner\"><div class=\"wpb_wrapper\"><div class=\"vc_btn3-container vc_btn3-center vc_do_btn\" ><a class=\"vc_general vc_btn3 vc_btn3-size-lg vc_btn3-shape-rounded vc_btn3-style-modern vc_btn3-icon-left vc_btn3-color-green\" href=\"https:\/\/www.utsvirtual.edu.co\/sitio\/admisiones-modalidad-virtual\/\" title=\"Admisiones\"><i class=\"vc_btn3-icon fa fa-address-card-o\"><\/i> \u00a1Inscr\u00edbete ya!<\/a><\/div><div class=\"vc_separator wpb_content_element vc_separator_align_center vc_sep_width_100 vc_sep_border_width_2 vc_sep_pos_align_center vc_separator_no_text vc_sep_color_green wpb_content_element  wpb_content_element\" ><span class=\"vc_sep_holder vc_sep_holder_l\"><span class=\"vc_sep_line\"><\/span><\/span><span class=\"vc_sep_holder vc_sep_holder_r\"><span class=\"vc_sep_line\"><\/span><\/span>\n<\/div>\n\t<div class=\"wpb_text_column wpb_content_element vc_custom_1696392639969\" >\n\t\t<div class=\"wpb_wrapper\">\n\t\t\t<p style=\"text-align: center;\">\n<div class=\"wpcf7 no-js\" id=\"wpcf7-f11251-o1\" lang=\"es-CO\" dir=\"ltr\" data-wpcf7-id=\"11251\">\n<div class=\"screen-reader-response\"><p role=\"status\" aria-live=\"polite\" aria-atomic=\"true\"><\/p> <ul><\/ul><\/div>\n<form action=\"\/sitio\/wp-json\/wp\/v2\/pages\/17522#wpcf7-f11251-o1\" method=\"post\" class=\"wpcf7-form init\" aria-label=\"Formulario de contacto\" novalidate=\"novalidate\" data-status=\"init\">\n<fieldset class=\"hidden-fields-container\"><input type=\"hidden\" name=\"_wpcf7\" value=\"11251\" \/><input type=\"hidden\" name=\"_wpcf7_version\" value=\"6.1.5\" \/><input type=\"hidden\" name=\"_wpcf7_locale\" value=\"es_CO\" \/><input type=\"hidden\" name=\"_wpcf7_unit_tag\" value=\"wpcf7-f11251-o1\" \/><input type=\"hidden\" name=\"_wpcf7_container_post\" value=\"0\" \/><input type=\"hidden\" name=\"_wpcf7_posted_data_hash\" value=\"\" \/><input type=\"hidden\" name=\"_wpcf7_recaptcha_response\" value=\"\" \/>\n<\/fieldset>\n<p><label> Nombre:<br \/>\n<span class=\"wpcf7-form-control-wrap\" data-name=\"your-name\"><input size=\"40\" maxlength=\"400\" class=\"wpcf7-form-control wpcf7-text wpcf7-validates-as-required\" aria-required=\"true\" aria-invalid=\"false\" value=\"\" type=\"text\" name=\"your-name\" \/><\/span> <\/label>\n<\/p>\n<p><label> Correo Electr\u00f3nico:<br \/>\n<span class=\"wpcf7-form-control-wrap\" data-name=\"your-email\"><input size=\"40\" maxlength=\"400\" class=\"wpcf7-form-control wpcf7-email wpcf7-validates-as-required wpcf7-text wpcf7-validates-as-email\" aria-required=\"true\" aria-invalid=\"false\" value=\"\" type=\"email\" name=\"your-email\" \/><\/span> <\/label>\n<\/p>\n<p><label>Tel\u00e9fono:<br \/>\n<span class=\"wpcf7-form-control-wrap\" data-name=\"tel-114\"><input size=\"40\" maxlength=\"400\" class=\"wpcf7-form-control wpcf7-tel wpcf7-text wpcf7-validates-as-tel\" aria-invalid=\"false\" value=\"\" type=\"tel\" name=\"tel-114\" \/><\/span> <\/label>\n<\/p>\n<p><label> Autorizo el tratamiento de mis datos personales: <span class=\"wpcf7-form-control-wrap\" data-name=\"acceptance\"><span class=\"wpcf7-form-control wpcf7-acceptance\"><span class=\"wpcf7-list-item\"><input type=\"checkbox\" name=\"acceptance\" value=\"1\" aria-invalid=\"false\" \/><\/span><\/span><\/span> <\/label><br \/>\n<a href=\"https:\/\/www.uts.edu.co\/sitio\/wp-content\/uploads\/normatividad\/acuerdos\/acu-65.pdf?_t=1621357271\" target=\"_blank\" style=\"color:#018BFF\";>Ver autorizaci\u00f3n para tratamiento de datos<\/a>\n<\/p>\n<p><input class=\"wpcf7-form-control wpcf7-submit has-spinner\" type=\"submit\" value=\"Enviar\" \/>\n<\/p><div class=\"wpcf7-response-output\" aria-hidden=\"true\"><\/div>\n<\/form>\n<\/div>\n\n\t\t<\/div>\n\t<\/div>\n<\/div><\/div><\/div><\/div><div class=\"vc_row wpb_row vc_row-fluid vc_custom_1588895802102 vc_row-has-fill\"><div class=\"wpb_column vc_column_container vc_col-sm-8\"><div class=\"vc_column-inner\"><div class=\"wpb_wrapper\">\n\t<div class=\"wpb_text_column wpb_content_element\" >\n\t\t<div class=\"wpb_wrapper\">\n\t\t\t<p style=\"text-align: center;\"><span style=\"color: #ffffff;\">El plan de estudios est\u00e1 dise\u00f1ado de forma modular para aprovechar el tiempo de autoestudio y el trabajo colaborativo.<\/span><\/p>\n\n\t\t<\/div>\n\t<\/div>\n<\/div><\/div><\/div><div class=\"wpb_column vc_column_container vc_col-sm-4\"><div class=\"vc_column-inner\"><div class=\"wpb_wrapper\">\n\t<div class=\"wpb_text_column wpb_content_element\" >\n\t\t<div class=\"wpb_wrapper\">\n\t\t\t<p style=\"text-align: center;\"><a href=\"https:\/\/www.utsvirtual.edu.co\/sitio\/wp-content\/uploads\/2025\/12\/Plan-general-de-estudios_programa-Tecnologia-en-Gestion-Turistica-y-Hotelera.pdf\">Plan general de estudios_programa Tecnolog\u00eda en Gesti\u00f3n Tur\u00edstica y Hotelera<\/a><\/p>\n\n\t\t<\/div>\n\t<\/div>\n<\/div><\/div><\/div><\/div><div class=\"vc_row wpb_row vc_row-fluid\"><div class=\"wpb_column vc_column_container vc_col-sm-12\"><div class=\"vc_column-inner\"><div class=\"wpb_wrapper\"><div class=\"vc_message_box vc_message_box-standard vc_message_box-rounded vc_color-pink vc_do_message\" ><div class=\"vc_message_box-icon\"><i class=\"fa fa-solid fa-circle-info\"><\/i><\/div><p><span style=\"color: #ffffff;\"><span style=\"color: #ff0000;\"><strong>Recuerde que debe cursar los dos niveles de Ingl\u00e9s I y II del programa acad\u00e9mico, estos se cursan a trav\u00e9s de matriculaci\u00f3n desde la Coordinaci\u00f3n de idiomas.<\/strong><\/span><\/span><\/p>\n<\/div>\n\t<div class=\"wpb_text_column wpb_content_element\" >\n\t\t<div class=\"wpb_wrapper\">\n\t\t\t<h3><strong><span style=\"color: #008000;\">Perfil Profesional<\/span><\/strong><\/h3>\n<div class=\"parrafo-siderbar\">\n<p style=\"text-align: justify;\">El Tecn\u00f3logo en Gesti\u00f3n Tur\u00edstica y Hotelera es un profesional con sentido \u00e9tico, pensamiento cr\u00edtico y actitud emprendedora, que aplica procesos administrativos para favorecer la gesti\u00f3n eficiente y sostenible productos y servicios del sector tur\u00edstico y hotelero, atendiendo a est\u00e1ndares de calidad productividad y competitividad. Emplea pr\u00e1cticas sostenibles en el manejo de recursos naturales y culturales, y en las operaciones de establecimientos tur\u00edsticos y hoteleros atendiendo a la normatividad vigente y el reconocimiento del entorno para minimizar el impacto ambiental y promover la responsabilidad social. Incorpora herramientas tecnol\u00f3gicas, sistemas de informaci\u00f3n empresarial y estrategias de marketing para alcanzar la eficiencia de los procesos administrativos, aumentar la visibilidad y atractivo de destinos y servicios tur\u00edsticos que promuevan la fidelizaci\u00f3n del cliente y la integraci\u00f3n cultural local. Optimiza servicios de alojamiento, alimentaci\u00f3n y recreaci\u00f3n a partir de la implementaci\u00f3n de estrategias que garanticen altos est\u00e1ndares de calidad y una experiencia satisfactoria para los visitantes. Identifica oportunidades de negocio a partir del reconocimiento del entorno buscando satisfacer las necesidades del mercado tur\u00edstico y hotelero.<\/p>\n<\/div>\n\n\t\t<\/div>\n\t<\/div>\n<div class=\"vc_separator wpb_content_element vc_separator_align_center vc_sep_width_100 vc_sep_border_width_2 vc_sep_pos_align_center vc_separator_no_text vc_sep_color_green wpb_content_element  wpb_content_element\" ><span class=\"vc_sep_holder vc_sep_holder_l\"><span class=\"vc_sep_line\"><\/span><\/span><span class=\"vc_sep_holder vc_sep_holder_r\"><span class=\"vc_sep_line\"><\/span><\/span>\n<\/div><\/div><\/div><\/div><\/div><div class=\"vc_row wpb_row vc_row-fluid\"><div class=\"wpb_column vc_column_container vc_col-sm-6\"><div class=\"vc_column-inner\"><div class=\"wpb_wrapper\">\n\t<div class=\"wpb_text_column wpb_content_element\" >\n\t\t<div class=\"wpb_wrapper\">\n\t\t\t<h3 class=\"titulo-siderbar\"><strong><span style=\"color: #008000;\">Campos de Acci\u00f3n<\/span><\/strong><\/h3>\n<div class=\"parrafo-siderbar\">\n<ul>\n<li style=\"text-align: justify;\">Supervisor o coordinador de procesos administrativos y operativos del sector turismo y hotelero.<\/li>\n<li style=\"text-align: justify;\">Coordinador de log\u00edstica en eventos tur\u00edsticos.<\/li>\n<li style=\"text-align: justify;\">Operador de servicios tur\u00edsticos.<\/li>\n<li style=\"text-align: justify;\">Agente de reservas y servicios comerciales.<\/li>\n<li style=\"text-align: justify;\">Promotor de servicios tur\u00edsticos.<\/li>\n<li style=\"text-align: justify;\">Asistente de gesti\u00f3n hotelera.<\/li>\n<li style=\"text-align: justify;\">Jefe de almac\u00e9n.<\/li>\n<li style=\"text-align: justify;\">Asesor comercial.<\/li>\n<li style=\"text-align: justify;\">Auditor nocturno.<\/li>\n<li style=\"text-align: justify;\">Asistente de marketing tur\u00edstico.<\/li>\n<li style=\"text-align: justify;\">Coordinador de servicios de alimentos y bebidas<\/li>\n<\/ul>\n<\/div>\n\n\t\t<\/div>\n\t<\/div>\n<\/div><\/div><\/div><div class=\"wpb_column vc_column_container vc_col-sm-6\"><div class=\"vc_column-inner\"><div class=\"wpb_wrapper\">\n\t<div class=\"wpb_text_column wpb_content_element\" >\n\t\t<div class=\"wpb_wrapper\">\n\t\t\t<div class=\"wpb_text_column wpb_content_element \">\n<div class=\"wpb_wrapper\">\n<div class=\"wpb_text_column wpb_content_element \">\n<div class=\"wpb_wrapper\">\n<h3 class=\"blanco\"><span style=\"color: #008000;\"><strong><span class=\"naranja\">\u00a1CONT\u00c1CTANOS<\/span>\u00a0<\/strong>YA!<\/span><\/h3>\n<\/div>\n<\/div>\n<div class=\"wpb_text_column wpb_content_element vc_custom_1509129306995\">\n<div class=\"wpb_wrapper\">\n<p><span style=\"color: #000000;\"><br \/>\nCoordinaci\u00f3n Tecnolog\u00eda en Gesti\u00f3n Tur\u00edstica y Hotelera<br \/>\nTel: (+57)+607 + 6917700 ext. 4308<br \/>\n<span style=\"color: #008000;\"><strong><span style=\"color: #339966;\">Correo Coordinaci\u00f3n Tecnolog\u00eda en Gesti\u00f3n Tur\u00edstica y Hotelera Virtual<\/span><span style=\"color: #339966;\">:<\/span><\/strong><\/span> <a style=\"color: #000000;\" href=\"mailto:virtualturismo@correo.uts.edu.co\">virtualturismo@correo.uts.edu.co<\/a><\/span><\/p>\n<\/div>\n<\/div>\n<\/div>\n<\/div>\n\n\t\t<\/div>\n\t<\/div>\n<\/div><\/div><\/div><\/div>\n<\/div>","protected":false},"excerpt":{"rendered":"Datos generales del programa: Denominaci\u00f3n del Programa: Tecnolog\u00eda en Gesti\u00f3n Tur\u00edstica y Hotelera-\u00a0 Articulado en ciclos proped\u00e9uticos con el programa de Administraci\u00f3n de Empresas Turisticas.\u00a0 Resoluci\u00f3n MEN No. 024480 del&hellip;","protected":false},"author":1,"featured_media":0,"parent":0,"menu_order":0,"comment_status":"closed","ping_status":"closed","template":"","meta":{"_monsterinsights_skip_tracking":false,"_monsterinsights_sitenote_active":false,"_monsterinsights_sitenote_note":"","_monsterinsights_sitenote_category":0,"_uf_show_specific_survey":0,"_uf_disable_surveys":false,"footnotes":""},"class_list":["post-17522","page","type-page","status-publish","hentry"],"aioseo_notices":[],"_links":{"self":[{"href":"https:\/\/www.utsvirtual.edu.co\/sitio\/wp-json\/wp\/v2\/pages\/17522","targetHints":{"allow":["GET"]}}],"collection":[{"href":"https:\/\/www.utsvirtual.edu.co\/sitio\/wp-json\/wp\/v2\/pages"}],"about":[{"href":"https:\/\/www.utsvirtual.edu.co\/sitio\/wp-json\/wp\/v2\/types\/page"}],"author":[{"embeddable":true,"href":"https:\/\/www.utsvirtual.edu.co\/sitio\/wp-json\/wp\/v2\/users\/1"}],"replies":[{"embeddable":true,"href":"https:\/\/www.utsvirtual.edu.co\/sitio\/wp-json\/wp\/v2\/comments?post=17522"}],"version-history":[{"count":13,"href":"https:\/\/www.utsvirtual.edu.co\/sitio\/wp-json\/wp\/v2\/pages\/17522\/revisions"}],"predecessor-version":[{"id":17799,"href":"https:\/\/www.utsvirtual.edu.co\/sitio\/wp-json\/wp\/v2\/pages\/17522\/revisions\/17799"}],"wp:attachment":[{"href":"https:\/\/www.utsvirtual.edu.co\/sitio\/wp-json\/wp\/v2\/media?parent=17522"}],"curies":[{"name":"wp","href":"https:\/\/api.w.org\/{rel}","templated":true}]}}