{"id":17800,"date":"2026-04-07T18:51:25","date_gmt":"2026-04-07T18:51:25","guid":{"rendered":"https:\/\/www.utsvirtual.edu.co\/sitio\/?page_id=17800"},"modified":"2026-04-07T18:51:25","modified_gmt":"2026-04-07T18:51:25","slug":"tecnologia-en-analisis-y-gestion-de-datos","status":"publish","type":"page","link":"https:\/\/www.utsvirtual.edu.co\/sitio\/tecnologia-en-analisis-y-gestion-de-datos\/","title":{"rendered":"Tecnolog\u00eda en An\u00e1lisis y Gesti\u00f3n de Datos"},"content":{"rendered":"<div class=\"wpb-content-wrapper\"><div class=\"vc_row wpb_row vc_row-fluid\"><div class=\"wpb_animate_when_almost_visible wpb_fadeIn fadeIn wpb_column vc_column_container vc_col-sm-12\"><div class=\"vc_column-inner\"><div class=\"wpb_wrapper\">\n\t<div  class=\"wpb_single_image wpb_content_element vc_align_center wpb_content_element wpb_animate_when_almost_visible wpb_bounceIn bounceIn\">\n\t\t\n\t\t<figure class=\"wpb_wrapper vc_figure\">\n\t\t\t<div class=\"vc_single_image-wrapper   vc_box_border_grey\"><img loading=\"lazy\" decoding=\"async\" width=\"1600\" height=\"623\" src=\"https:\/\/www.utsvirtual.edu.co\/sitio\/wp-content\/uploads\/2026\/04\/Tecnologia-en-Analisis-y-Gestion-de-Datos-MS.jpeg\" class=\"vc_single_image-img attachment-full\" alt=\"\" title=\"Tecnolog\u00eda en An\u00e1lisis y Gesti\u00f3n de Datos-MS\" srcset=\"https:\/\/www.utsvirtual.edu.co\/sitio\/wp-content\/uploads\/2026\/04\/Tecnologia-en-Analisis-y-Gestion-de-Datos-MS.jpeg 1600w, https:\/\/www.utsvirtual.edu.co\/sitio\/wp-content\/uploads\/2026\/04\/Tecnologia-en-Analisis-y-Gestion-de-Datos-MS-300x117.jpeg 300w, https:\/\/www.utsvirtual.edu.co\/sitio\/wp-content\/uploads\/2026\/04\/Tecnologia-en-Analisis-y-Gestion-de-Datos-MS-1024x399.jpeg 1024w, https:\/\/www.utsvirtual.edu.co\/sitio\/wp-content\/uploads\/2026\/04\/Tecnologia-en-Analisis-y-Gestion-de-Datos-MS-150x58.jpeg 150w, https:\/\/www.utsvirtual.edu.co\/sitio\/wp-content\/uploads\/2026\/04\/Tecnologia-en-Analisis-y-Gestion-de-Datos-MS-768x299.jpeg 768w, https:\/\/www.utsvirtual.edu.co\/sitio\/wp-content\/uploads\/2026\/04\/Tecnologia-en-Analisis-y-Gestion-de-Datos-MS-1536x598.jpeg 1536w\" sizes=\"auto, (max-width: 1600px) 100vw, 1600px\" \/><\/div>\n\t\t<\/figure>\n\t<\/div>\n<\/div><\/div><\/div><\/div><div class=\"vc_row wpb_row vc_row-fluid\"><div class=\"wpb_column vc_column_container vc_col-sm-8\"><div class=\"vc_column-inner\"><div class=\"wpb_wrapper\"><div class=\"vc_message_box vc_message_box-solid-icon vc_message_box-rounded vc_color-peacoc vc_do_message\" ><div class=\"vc_message_box-icon\"><i class=\"\"><\/i><\/div><h2><span style=\"color: #008000;\"><strong>Datos generales del programa:<\/strong><\/span><\/h2>\n<h4><span style=\"color: #000000;\"><span style=\"color: #008000;\"><strong>Denominaci\u00f3n del Programa<\/strong><strong>:<\/strong><\/span><span style=\"color: #000000;\">\u00a0 Tecnolog\u00eda en An\u00e1lisis y Gesti\u00f3n de Datos-\u00a0 <\/span><em><span style=\"color: #339966;\"><span style=\"color: #339966;\">Articulado en ciclos proped\u00e9uticos con el programa de Ingenier\u00eda en Inteligencia Artificial y Ciencia de Datos.\u00a0<\/span><\/span><\/em><\/span><br \/>\n<span style=\"color: #000000;\">Resoluci\u00f3n MEN No. <a href=\"https:\/\/www.utsvirtual.edu.co\/sitio\/wp-content\/uploads\/2026\/04\/R_009398_01042026-Tecnologia-en-Analisis-y-Gestion-de-Datos.pdf\" target=\"_blank\" rel=\"noopener\">009398 del 01 de abril de 2026<\/a> &#8211; <span style=\"color: #339966;\"><em>Vigencia por el termino de siete (7) a\u00f1os &#8211;\u00a0<\/em><\/span><\/span><br \/>\n<span style=\"color: #000000;\"><span style=\"color: #008000;\"><strong>T\u00edtulo Otorgado:<\/strong> <\/span>Tecn\u00f3logo en An\u00e1lisis y Gesti\u00f3n de Datos<\/span><br \/>\n<span style=\"color: #000000;\"><span style=\"color: #008000;\"><strong>Duraci\u00f3n del programa:<\/strong><\/span> 6 semestres\u00a0 | N\u00famero de cr\u00e9ditos: 92<\/span><br \/>\n<span style=\"color: #339966;\"><span style=\"color: #008000;\"><strong>Valor Semestre<\/strong>:<\/span> <span style=\"color: #000000;\">1.5 Salarios m\u00ednimos legales mensuales vigentes.<\/span><\/span><br \/>\n<span style=\"color: #000000;\"><span style=\"color: #008000;\"><strong>Modalidad:<\/strong><\/span> Virtual<\/span><\/h4>\n<\/div><div class=\"vc_message_box vc_message_box-solid-icon vc_message_box-rounded vc_color-peacoc vc_do_message\" ><div class=\"vc_message_box-icon\"><i class=\"\"><\/i><\/div><h2><span style=\"color: #008000;\"><strong>Presentaci\u00f3n del programa:<\/strong><\/span><\/h2>\n<p>El programa acad\u00e9mico de Tecnolog\u00eda en An\u00e1lisis y Gesti\u00f3n de Datos articulado por ciclo proped\u00e9utico con el programa de Ingenier\u00eda en Inteligencia Artificial y Ciencia de Datos en modalidad virtual, se estructura conforme a los lineamientos establecidos por el Ministerio de Educaci\u00f3n Nacional. Su dise\u00f1o curricular est\u00e1 orientado al desarrollo de competencias en la recolecci\u00f3n, procesamiento, an\u00e1lisis y gesti\u00f3n de datos, asegurando una formaci\u00f3n s\u00f3lida y pertinente que facilite la continuidad acad\u00e9mica hacia el nivel universitario. El programa responde a las necesidades del entorno productivo y a las demandas actuales en el manejo estrat\u00e9gico de la informaci\u00f3n, y se distingue por la formaci\u00f3n de tecn\u00f3logos con capacidades para apoyar la toma de decisiones mediante el uso de herramientas de anal\u00edtica, gesti\u00f3n de bases de datos y tecnolog\u00edas digitales.<\/p>\n<\/div><\/div><\/div><\/div><div class=\"wpb_column vc_column_container vc_col-sm-4\"><div class=\"vc_column-inner\"><div class=\"wpb_wrapper\"><div class=\"vc_btn3-container vc_btn3-center vc_do_btn\" ><a class=\"vc_general vc_btn3 vc_btn3-size-lg vc_btn3-shape-rounded vc_btn3-style-modern vc_btn3-icon-left vc_btn3-color-green\" href=\"https:\/\/www.utsvirtual.edu.co\/sitio\/admisiones-modalidad-virtual\/\" title=\"Admisiones\"><i class=\"vc_btn3-icon fa fa-address-card-o\"><\/i> \u00a1Inscr\u00edbete ya!<\/a><\/div><div class=\"vc_separator wpb_content_element vc_separator_align_center vc_sep_width_100 vc_sep_border_width_2 vc_sep_pos_align_center vc_separator_no_text vc_sep_color_green wpb_content_element  wpb_content_element\" ><span class=\"vc_sep_holder vc_sep_holder_l\"><span class=\"vc_sep_line\"><\/span><\/span><span class=\"vc_sep_holder vc_sep_holder_r\"><span class=\"vc_sep_line\"><\/span><\/span>\n<\/div>\n\t<div class=\"wpb_text_column wpb_content_element vc_custom_1696392639969\" >\n\t\t<div class=\"wpb_wrapper\">\n\t\t\t<p style=\"text-align: center;\">\n<div class=\"wpcf7 no-js\" id=\"wpcf7-f11251-o1\" lang=\"es-CO\" dir=\"ltr\" data-wpcf7-id=\"11251\">\n<div class=\"screen-reader-response\"><p role=\"status\" aria-live=\"polite\" aria-atomic=\"true\"><\/p> <ul><\/ul><\/div>\n<form action=\"\/sitio\/wp-json\/wp\/v2\/pages\/17800#wpcf7-f11251-o1\" method=\"post\" class=\"wpcf7-form init\" aria-label=\"Formulario de contacto\" novalidate=\"novalidate\" data-status=\"init\">\n<fieldset class=\"hidden-fields-container\"><input type=\"hidden\" name=\"_wpcf7\" value=\"11251\" \/><input type=\"hidden\" name=\"_wpcf7_version\" value=\"6.1.5\" \/><input type=\"hidden\" name=\"_wpcf7_locale\" value=\"es_CO\" \/><input type=\"hidden\" name=\"_wpcf7_unit_tag\" value=\"wpcf7-f11251-o1\" \/><input type=\"hidden\" name=\"_wpcf7_container_post\" value=\"0\" \/><input type=\"hidden\" name=\"_wpcf7_posted_data_hash\" value=\"\" \/><input type=\"hidden\" name=\"_wpcf7_recaptcha_response\" value=\"\" \/>\n<\/fieldset>\n<p><label> Nombre:<br \/>\n<span class=\"wpcf7-form-control-wrap\" data-name=\"your-name\"><input size=\"40\" maxlength=\"400\" class=\"wpcf7-form-control wpcf7-text wpcf7-validates-as-required\" aria-required=\"true\" aria-invalid=\"false\" value=\"\" type=\"text\" name=\"your-name\" \/><\/span> <\/label>\n<\/p>\n<p><label> Correo Electr\u00f3nico:<br \/>\n<span class=\"wpcf7-form-control-wrap\" data-name=\"your-email\"><input size=\"40\" maxlength=\"400\" class=\"wpcf7-form-control wpcf7-email wpcf7-validates-as-required wpcf7-text wpcf7-validates-as-email\" aria-required=\"true\" aria-invalid=\"false\" value=\"\" type=\"email\" name=\"your-email\" \/><\/span> <\/label>\n<\/p>\n<p><label>Tel\u00e9fono:<br \/>\n<span class=\"wpcf7-form-control-wrap\" data-name=\"tel-114\"><input size=\"40\" maxlength=\"400\" class=\"wpcf7-form-control wpcf7-tel wpcf7-text wpcf7-validates-as-tel\" aria-invalid=\"false\" value=\"\" type=\"tel\" name=\"tel-114\" \/><\/span> <\/label>\n<\/p>\n<p><label> Autorizo el tratamiento de mis datos personales: <span class=\"wpcf7-form-control-wrap\" data-name=\"acceptance\"><span class=\"wpcf7-form-control wpcf7-acceptance\"><span class=\"wpcf7-list-item\"><input type=\"checkbox\" name=\"acceptance\" value=\"1\" aria-invalid=\"false\" \/><\/span><\/span><\/span> <\/label><br \/>\n<a href=\"https:\/\/www.uts.edu.co\/sitio\/wp-content\/uploads\/normatividad\/acuerdos\/acu-65.pdf?_t=1621357271\" target=\"_blank\" style=\"color:#018BFF\";>Ver autorizaci\u00f3n para tratamiento de datos<\/a>\n<\/p>\n<p><input class=\"wpcf7-form-control wpcf7-submit has-spinner\" type=\"submit\" value=\"Enviar\" \/>\n<\/p><div class=\"wpcf7-response-output\" aria-hidden=\"true\"><\/div>\n<\/form>\n<\/div>\n\n\t\t<\/div>\n\t<\/div>\n<\/div><\/div><\/div><\/div><div class=\"vc_row wpb_row vc_row-fluid vc_custom_1588895802102 vc_row-has-fill\"><div class=\"wpb_column vc_column_container vc_col-sm-8\"><div class=\"vc_column-inner\"><div class=\"wpb_wrapper\">\n\t<div class=\"wpb_text_column wpb_content_element\" >\n\t\t<div class=\"wpb_wrapper\">\n\t\t\t<p style=\"text-align: center;\"><span style=\"color: #ffffff;\">El plan de estudios est\u00e1 dise\u00f1ado de forma modular para aprovechar el tiempo de autoestudio y el trabajo colaborativo.<\/span><\/p>\n\n\t\t<\/div>\n\t<\/div>\n<\/div><\/div><\/div><div class=\"wpb_column vc_column_container vc_col-sm-4\"><div class=\"vc_column-inner\"><div class=\"wpb_wrapper\">\n\t<div class=\"wpb_text_column wpb_content_element\" >\n\t\t<div class=\"wpb_wrapper\">\n\t\t\t<p style=\"text-align: center;\"><a href=\"https:\/\/www.utsvirtual.edu.co\/sitio\/wp-content\/uploads\/2026\/04\/Plan-general-de-estudios_TECNOLOGIA-EN-ANALISIS-Y-GESTION-DE-DATOS.pdf\" target=\"_blank\" rel=\"noopener\">Plan general de estudios_<strong>Tecnolog\u00eda en An\u00e1lisis y Gesti\u00f3n de Datos<\/strong>\u00a0<\/a><\/p>\n\n\t\t<\/div>\n\t<\/div>\n<\/div><\/div><\/div><\/div><div class=\"vc_row wpb_row vc_row-fluid\"><div class=\"wpb_column vc_column_container vc_col-sm-12\"><div class=\"vc_column-inner\"><div class=\"wpb_wrapper\"><div class=\"vc_message_box vc_message_box-standard vc_message_box-rounded vc_color-pink vc_do_message\" ><div class=\"vc_message_box-icon\"><i class=\"fa fa-solid fa-circle-info\"><\/i><\/div><p><span style=\"color: #ffffff;\"><span style=\"color: #ff0000;\"><strong>Recuerde que debe cursar los dos niveles de Ingl\u00e9s I y II del programa acad\u00e9mico, estos se cursan a trav\u00e9s de matriculaci\u00f3n desde la Coordinaci\u00f3n de idiomas.<\/strong><\/span><\/span><\/p>\n<\/div>\n\t<div class=\"wpb_text_column wpb_content_element\" >\n\t\t<div class=\"wpb_wrapper\">\n\t\t\t<h3><strong><span style=\"color: #008000;\">Perfil Profesional<\/span><\/strong><\/h3>\n<div class=\"parrafo-siderbar\">\n<p>El Tecn\u00f3logo en An\u00e1lisis y Gesti\u00f3n de Datos es un profesional con sentido \u00e9tico, pensamiento cr\u00edtico y actitud emprendedora; que aplica t\u00e9cnicas b\u00e1sicas de ciencia de datos en el dise\u00f1o de soluciones computacionales integrando principios de programaci\u00f3n y metodolog\u00edas de desarrollo de software que le permiten abordar problem\u00e1ticas de manera estructurada y eficiente; que analiza sistemas de informaci\u00f3n y arquitecturas de datos aplicando principios de organizaci\u00f3n y control con criterios de eficiencia identificando sus componentes esenciales aplicando principios de an\u00e1lisis, organizaci\u00f3n y control en entornos digitales, asegurando su disponibilidad, integridad y confidencialidad y, que implementa soluciones mediante tecnolog\u00edas emergentes para desarrollar y mejorar sistemas de informaci\u00f3n y arquitecturas de datos que apoyen en la toma de decisiones en entornos digitales.<\/p>\n<\/div>\n\n\t\t<\/div>\n\t<\/div>\n<div class=\"vc_separator wpb_content_element vc_separator_align_center vc_sep_width_100 vc_sep_border_width_2 vc_sep_pos_align_center vc_separator_no_text vc_sep_color_green wpb_content_element  wpb_content_element\" ><span class=\"vc_sep_holder vc_sep_holder_l\"><span class=\"vc_sep_line\"><\/span><\/span><span class=\"vc_sep_holder vc_sep_holder_r\"><span class=\"vc_sep_line\"><\/span><\/span>\n<\/div><\/div><\/div><\/div><\/div><div class=\"vc_row wpb_row vc_row-fluid\"><div class=\"wpb_column vc_column_container vc_col-sm-6\"><div class=\"vc_column-inner\"><div class=\"wpb_wrapper\">\n\t<div class=\"wpb_text_column wpb_content_element\" >\n\t\t<div class=\"wpb_wrapper\">\n\t\t\t<h3 class=\"titulo-siderbar\"><strong><span style=\"color: #008000;\">Campos de Acci\u00f3n<\/span><\/strong><\/h3>\n<div class=\"parrafo-siderbar\">\n<h3><strong>Como Tecn\u00f3logo en An\u00e1lisis y Gesti\u00f3n de Datos:<\/strong><\/h3>\n<p>El Tecn\u00f3logo en An\u00e1lisis y Gesti\u00f3n de Datos de las UTS es el pilar operativo de la estrategia digital en cualquier organizaci\u00f3n. Su campo de acci\u00f3n se centra en la arquitectura t\u00e9cnica de la informaci\u00f3n: desde la captura y limpieza de datos crudos hasta su transformaci\u00f3n en indicadores visuales que permiten a las empresas entender su pasado y presente. Este profesional est\u00e1 capacitado para integrarse r\u00e1pidamente en departamentos de TI, marketing digital y operaciones, garantizando que los datos sean confiables, est\u00e9n organizados y sean accesibles para la toma de decisiones inmediatas.<\/p>\n<ul>\n<li>Analista de datos junior o asistente de ciencia de datos.<\/li>\n<li>T\u00e9cnico en procesos ETL (extracci\u00f3n, transformaci\u00f3n y carga) y gestor de bases de datos.<\/li>\n<li>Desarrollador junior de inteligencia artificial.<\/li>\n<li>Soporte t\u00e9cnico de sistemas de informaci\u00f3n y plataformas anal\u00edticas.<\/li>\n<li>Auxiliar en gobernanza, calidad y protecci\u00f3n de datos.<\/li>\n<li>Colaborador en proyectos de automatizaci\u00f3n inteligente.<\/li>\n<li>Constructor de dashboards interactivos y reportes din\u00e1micos.<\/li>\n<\/ul>\n<\/div>\n\n\t\t<\/div>\n\t<\/div>\n<\/div><\/div><\/div><div class=\"wpb_column vc_column_container vc_col-sm-6\"><div class=\"vc_column-inner\"><div class=\"wpb_wrapper\">\n\t<div class=\"wpb_text_column wpb_content_element\" >\n\t\t<div class=\"wpb_wrapper\">\n\t\t\t<div class=\"wpb_text_column wpb_content_element \">\n<div class=\"wpb_wrapper\">\n<div class=\"wpb_text_column wpb_content_element \">\n<div class=\"wpb_wrapper\">\n<h3 class=\"blanco\"><span style=\"color: #008000;\"><strong><span class=\"naranja\">\u00a1CONT\u00c1CTANOS<\/span>\u00a0<\/strong>YA!<\/span><\/h3>\n<\/div>\n<\/div>\n<div class=\"wpb_text_column wpb_content_element vc_custom_1509129306995\">\n<div class=\"wpb_wrapper\">\n<p><span style=\"color: #000000;\"><br \/>\n<strong>Coordinaci\u00f3n<\/strong> <strong>Tecnolog\u00eda en An\u00e1lisis y Gesti\u00f3n de Datos<\/strong><br \/>\nTel: (+57)+607 + 6917700 ext. 4308<br \/>\n<span style=\"color: #008000;\"><strong><span style=\"color: #339966;\">Correo: <\/span><\/strong><\/span>\u00a0<a style=\"color: #000000;\" href=\"mailto:\">virtualtecnologiagestiondatos@correo.uts.edu.co<\/a><\/span><\/p>\n<\/div>\n<\/div>\n<\/div>\n<\/div>\n\n\t\t<\/div>\n\t<\/div>\n<\/div><\/div><\/div><\/div>\n<\/div>","protected":false},"excerpt":{"rendered":"Datos generales del programa: Denominaci\u00f3n del Programa:\u00a0 Tecnolog\u00eda en An\u00e1lisis y Gesti\u00f3n de Datos-\u00a0 Articulado en ciclos proped\u00e9uticos con el programa de Ingenier\u00eda en Inteligencia Artificial y Ciencia de Datos.\u00a0&hellip;","protected":false},"author":1,"featured_media":0,"parent":0,"menu_order":0,"comment_status":"closed","ping_status":"closed","template":"","meta":{"_monsterinsights_skip_tracking":false,"_monsterinsights_sitenote_active":false,"_monsterinsights_sitenote_note":"","_monsterinsights_sitenote_category":0,"_uf_show_specific_survey":0,"_uf_disable_surveys":false,"footnotes":""},"class_list":["post-17800","page","type-page","status-publish","hentry"],"aioseo_notices":[],"_links":{"self":[{"href":"https:\/\/www.utsvirtual.edu.co\/sitio\/wp-json\/wp\/v2\/pages\/17800","targetHints":{"allow":["GET"]}}],"collection":[{"href":"https:\/\/www.utsvirtual.edu.co\/sitio\/wp-json\/wp\/v2\/pages"}],"about":[{"href":"https:\/\/www.utsvirtual.edu.co\/sitio\/wp-json\/wp\/v2\/types\/page"}],"author":[{"embeddable":true,"href":"https:\/\/www.utsvirtual.edu.co\/sitio\/wp-json\/wp\/v2\/users\/1"}],"replies":[{"embeddable":true,"href":"https:\/\/www.utsvirtual.edu.co\/sitio\/wp-json\/wp\/v2\/comments?post=17800"}],"version-history":[{"count":10,"href":"https:\/\/www.utsvirtual.edu.co\/sitio\/wp-json\/wp\/v2\/pages\/17800\/revisions"}],"predecessor-version":[{"id":17853,"href":"https:\/\/www.utsvirtual.edu.co\/sitio\/wp-json\/wp\/v2\/pages\/17800\/revisions\/17853"}],"wp:attachment":[{"href":"https:\/\/www.utsvirtual.edu.co\/sitio\/wp-json\/wp\/v2\/media?parent=17800"}],"curies":[{"name":"wp","href":"https:\/\/api.w.org\/{rel}","templated":true}]}}