{"id":17803,"date":"2026-04-07T18:43:59","date_gmt":"2026-04-07T18:43:59","guid":{"rendered":"https:\/\/www.utsvirtual.edu.co\/sitio\/?page_id=17803"},"modified":"2026-04-07T18:43:59","modified_gmt":"2026-04-07T18:43:59","slug":"ingenieria-en-inteligencia-artificial-y-ciencias-de-datos","status":"publish","type":"page","link":"https:\/\/www.utsvirtual.edu.co\/sitio\/ingenieria-en-inteligencia-artificial-y-ciencias-de-datos\/","title":{"rendered":"Ingenier\u00eda en Inteligencia Artificial y Ciencias de datos"},"content":{"rendered":"<div class=\"wpb-content-wrapper\"><div class=\"vc_row wpb_row vc_row-fluid\"><div class=\"wpb_animate_when_almost_visible wpb_fadeIn fadeIn wpb_column vc_column_container vc_col-sm-12\"><div class=\"vc_column-inner\"><div class=\"wpb_wrapper\">\n\t<div  class=\"wpb_single_image wpb_content_element vc_align_center wpb_content_element wpb_animate_when_almost_visible wpb_bounceIn bounceIn\">\n\t\t\n\t\t<figure class=\"wpb_wrapper vc_figure\">\n\t\t\t<div class=\"vc_single_image-wrapper   vc_box_border_grey\"><img loading=\"lazy\" decoding=\"async\" width=\"1600\" height=\"624\" src=\"https:\/\/www.utsvirtual.edu.co\/sitio\/wp-content\/uploads\/2026\/04\/Ingenieria-en-Inteligencia-Artificial-y-Ciencia-de-Datos-MS.jpeg\" class=\"vc_single_image-img attachment-full\" alt=\"\" title=\"Ingenier\u00eda en Inteligencia Artificial y Ciencia de Datos-MS\" srcset=\"https:\/\/www.utsvirtual.edu.co\/sitio\/wp-content\/uploads\/2026\/04\/Ingenieria-en-Inteligencia-Artificial-y-Ciencia-de-Datos-MS.jpeg 1600w, https:\/\/www.utsvirtual.edu.co\/sitio\/wp-content\/uploads\/2026\/04\/Ingenieria-en-Inteligencia-Artificial-y-Ciencia-de-Datos-MS-300x117.jpeg 300w, https:\/\/www.utsvirtual.edu.co\/sitio\/wp-content\/uploads\/2026\/04\/Ingenieria-en-Inteligencia-Artificial-y-Ciencia-de-Datos-MS-1024x399.jpeg 1024w, https:\/\/www.utsvirtual.edu.co\/sitio\/wp-content\/uploads\/2026\/04\/Ingenieria-en-Inteligencia-Artificial-y-Ciencia-de-Datos-MS-150x59.jpeg 150w, https:\/\/www.utsvirtual.edu.co\/sitio\/wp-content\/uploads\/2026\/04\/Ingenieria-en-Inteligencia-Artificial-y-Ciencia-de-Datos-MS-768x300.jpeg 768w, https:\/\/www.utsvirtual.edu.co\/sitio\/wp-content\/uploads\/2026\/04\/Ingenieria-en-Inteligencia-Artificial-y-Ciencia-de-Datos-MS-1536x599.jpeg 1536w\" sizes=\"auto, (max-width: 1600px) 100vw, 1600px\" \/><\/div>\n\t\t<\/figure>\n\t<\/div>\n<\/div><\/div><\/div><\/div><div class=\"vc_row wpb_row vc_row-fluid\"><div class=\"wpb_column vc_column_container vc_col-sm-8\"><div class=\"vc_column-inner\"><div class=\"wpb_wrapper\"><div class=\"vc_message_box vc_message_box-solid-icon vc_message_box-rounded vc_color-peacoc vc_do_message\" ><div class=\"vc_message_box-icon\"><i class=\"\"><\/i><\/div><h2><span style=\"color: #008000;\"><strong>Datos generales del programa:<\/strong><\/span><\/h2>\n<h3><span style=\"color: #000000;\"><span style=\"color: #008000;\"><strong>Denominaci\u00f3n del Programa<\/strong><strong>:<\/strong><\/span><span style=\"color: #000000;\">\u00a0 Ingenier\u00eda en Inteligencia Artificial y Ciencias de datos &#8211;\u00a0 <\/span><em><span style=\"color: #339966;\"><span style=\"color: #339966;\">Articulado en ciclos proped\u00e9uticos con el programa de Tecnolog\u00eda en An\u00e1lisis y Gesti\u00f3n de Datos.\u00a0<\/span><\/span><\/em><\/span><br \/>\n<span style=\"color: #000000;\">Resoluci\u00f3n MEN No. <a href=\"https:\/\/www.utsvirtual.edu.co\/sitio\/wp-content\/uploads\/2026\/04\/R_009397_01042026_Ingenieria-en-Inteligencia-Artificial-y-Ciencia-de-Datos.pdf\" target=\"_blank\" rel=\"noopener\">009397 de 01 de abril de 2026<\/a> &#8211; <span style=\"color: #339966;\"><em>Vigencia por el termino de siete (7) a\u00f1os.<\/em><\/span><\/span><br \/>\n<span style=\"color: #000000;\"><span style=\"color: #008000;\"><strong>T\u00edtulo Otorgado:<\/strong> <\/span>Ingeniero en Inteligencia Artificial y Ciencia de Datos.<\/span><br \/>\n<span style=\"color: #000000;\"><span style=\"color: #008000;\"><strong>Duraci\u00f3n del programa:<\/strong><\/span> 10 semestres (6 semestres nivel tecnol\u00f3gico y 4 semestres nivel universitario)| N\u00famero de cr\u00e9ditos: 160<\/span><br \/>\n<span style=\"color: #339966;\"><span style=\"color: #008000;\"><strong>Valor Semestre<\/strong>:<\/span> <span style=\"color: #000000;\">2 Salarios m\u00ednimos legales mensuales vigentes.<\/span><\/span><br \/>\n<span style=\"color: #000000;\"><span style=\"color: #008000;\"><strong>Modalidad:<\/strong><\/span> Virtual<\/span><\/h3>\n<\/div><div class=\"vc_message_box vc_message_box-solid-icon vc_message_box-rounded vc_color-peacoc vc_do_message\" ><div class=\"vc_message_box-icon\"><i class=\"\"><\/i><\/div><h2><span style=\"color: #008000;\"><strong>Presentaci\u00f3n del programa:<\/strong><\/span><\/h2>\n<p>El programa acad\u00e9mico de Ingenier\u00eda en Inteligencia Artificial y Ciencia de Datos articulado por ciclo proped\u00e9utico con el programa de Tecnolog\u00eda en An\u00e1lisis y Gesti\u00f3n de Datos en modalidad virtual, se estructura conforme a los lineamientos establecidos por el Ministerio de Educaci\u00f3n Nacional. Su dise\u00f1o curricular se organiza en dos niveles de formaci\u00f3n: el nivel tecnol\u00f3gico, correspondiente a la Tecnolog\u00eda en An\u00e1lisis y Gesti\u00f3n de Datos, y el nivel universitario, asociado a la Ingenier\u00eda en Inteligencia Artificial y Ciencia de Datos. El programa responde a las necesidades del entorno productivo y a las demandas del contexto nacional e internacional en materia de innovaci\u00f3n, y se distingue por la formaci\u00f3n de profesionales con capacidades para dise\u00f1ar, desarrollar e implementar soluciones basadas en inteligencia artificial, anal\u00edtica de datos y tecnolog\u00edas emergentes.<\/p>\n<\/div><\/div><\/div><\/div><div class=\"wpb_column vc_column_container vc_col-sm-4\"><div class=\"vc_column-inner\"><div class=\"wpb_wrapper\"><div class=\"vc_btn3-container vc_btn3-center vc_do_btn\" ><a class=\"vc_general vc_btn3 vc_btn3-size-lg vc_btn3-shape-rounded vc_btn3-style-modern vc_btn3-icon-left vc_btn3-color-green\" href=\"https:\/\/www.utsvirtual.edu.co\/sitio\/admisiones-modalidad-virtual\/\" title=\"Admisiones\"><i class=\"vc_btn3-icon fa fa-address-card-o\"><\/i> \u00a1Inscr\u00edbete ya!<\/a><\/div><div class=\"vc_separator wpb_content_element vc_separator_align_center vc_sep_width_100 vc_sep_border_width_2 vc_sep_pos_align_center vc_separator_no_text vc_sep_color_green wpb_content_element  wpb_content_element\" ><span class=\"vc_sep_holder vc_sep_holder_l\"><span class=\"vc_sep_line\"><\/span><\/span><span class=\"vc_sep_holder vc_sep_holder_r\"><span class=\"vc_sep_line\"><\/span><\/span>\n<\/div>\n\t<div class=\"wpb_text_column wpb_content_element vc_custom_1696392639969\" >\n\t\t<div class=\"wpb_wrapper\">\n\t\t\t<p style=\"text-align: center;\">\n<div class=\"wpcf7 no-js\" id=\"wpcf7-f11251-o1\" lang=\"es-CO\" dir=\"ltr\" data-wpcf7-id=\"11251\">\n<div class=\"screen-reader-response\"><p role=\"status\" aria-live=\"polite\" aria-atomic=\"true\"><\/p> <ul><\/ul><\/div>\n<form action=\"\/sitio\/wp-json\/wp\/v2\/pages\/17803#wpcf7-f11251-o1\" method=\"post\" class=\"wpcf7-form init\" aria-label=\"Formulario de contacto\" novalidate=\"novalidate\" data-status=\"init\">\n<fieldset class=\"hidden-fields-container\"><input type=\"hidden\" name=\"_wpcf7\" value=\"11251\" \/><input type=\"hidden\" name=\"_wpcf7_version\" value=\"6.1.5\" \/><input type=\"hidden\" name=\"_wpcf7_locale\" value=\"es_CO\" \/><input type=\"hidden\" name=\"_wpcf7_unit_tag\" value=\"wpcf7-f11251-o1\" \/><input type=\"hidden\" name=\"_wpcf7_container_post\" value=\"0\" \/><input type=\"hidden\" name=\"_wpcf7_posted_data_hash\" value=\"\" \/><input type=\"hidden\" name=\"_wpcf7_recaptcha_response\" value=\"\" \/>\n<\/fieldset>\n<p><label> Nombre:<br \/>\n<span class=\"wpcf7-form-control-wrap\" data-name=\"your-name\"><input size=\"40\" maxlength=\"400\" class=\"wpcf7-form-control wpcf7-text wpcf7-validates-as-required\" aria-required=\"true\" aria-invalid=\"false\" value=\"\" type=\"text\" name=\"your-name\" \/><\/span> <\/label>\n<\/p>\n<p><label> Correo Electr\u00f3nico:<br \/>\n<span class=\"wpcf7-form-control-wrap\" data-name=\"your-email\"><input size=\"40\" maxlength=\"400\" class=\"wpcf7-form-control wpcf7-email wpcf7-validates-as-required wpcf7-text wpcf7-validates-as-email\" aria-required=\"true\" aria-invalid=\"false\" value=\"\" type=\"email\" name=\"your-email\" \/><\/span> <\/label>\n<\/p>\n<p><label>Tel\u00e9fono:<br \/>\n<span class=\"wpcf7-form-control-wrap\" data-name=\"tel-114\"><input size=\"40\" maxlength=\"400\" class=\"wpcf7-form-control wpcf7-tel wpcf7-text wpcf7-validates-as-tel\" aria-invalid=\"false\" value=\"\" type=\"tel\" name=\"tel-114\" \/><\/span> <\/label>\n<\/p>\n<p><label> Autorizo el tratamiento de mis datos personales: <span class=\"wpcf7-form-control-wrap\" data-name=\"acceptance\"><span class=\"wpcf7-form-control wpcf7-acceptance\"><span class=\"wpcf7-list-item\"><input type=\"checkbox\" name=\"acceptance\" value=\"1\" aria-invalid=\"false\" \/><\/span><\/span><\/span> <\/label><br \/>\n<a href=\"https:\/\/www.uts.edu.co\/sitio\/wp-content\/uploads\/normatividad\/acuerdos\/acu-65.pdf?_t=1621357271\" target=\"_blank\" style=\"color:#018BFF\";>Ver autorizaci\u00f3n para tratamiento de datos<\/a>\n<\/p>\n<p><input class=\"wpcf7-form-control wpcf7-submit has-spinner\" type=\"submit\" value=\"Enviar\" \/>\n<\/p><div class=\"wpcf7-response-output\" aria-hidden=\"true\"><\/div>\n<\/form>\n<\/div>\n\n\t\t<\/div>\n\t<\/div>\n<\/div><\/div><\/div><\/div><div class=\"vc_row wpb_row vc_row-fluid vc_custom_1588895802102 vc_row-has-fill\"><div class=\"wpb_column vc_column_container vc_col-sm-8\"><div class=\"vc_column-inner\"><div class=\"wpb_wrapper\">\n\t<div class=\"wpb_text_column wpb_content_element\" >\n\t\t<div class=\"wpb_wrapper\">\n\t\t\t<p style=\"text-align: center;\"><span style=\"color: #ffffff;\">El plan de estudios est\u00e1 dise\u00f1ado de forma modular para aprovechar el tiempo de autoestudio y el trabajo colaborativo.<\/span><\/p>\n\n\t\t<\/div>\n\t<\/div>\n<\/div><\/div><\/div><div class=\"wpb_column vc_column_container vc_col-sm-4\"><div class=\"vc_column-inner\"><div class=\"wpb_wrapper\">\n\t<div class=\"wpb_text_column wpb_content_element\" >\n\t\t<div class=\"wpb_wrapper\">\n\t\t\t<p style=\"text-align: center;\"><a href=\"https:\/\/www.utsvirtual.edu.co\/sitio\/wp-content\/uploads\/2026\/04\/Plan-general-de-estudios-INTELIGENCIA-ARTIFICIAL-Y-CIENCIA-DE-DATOS-ARTICULADO-POR-CICLO-PROPEDEUTICO.pdf\" target=\"_blank\" rel=\"noopener\">Plan general de estudios_programa <strong>Ingenier\u00eda en Inteligencia Artificial y Ciencia de Datos<\/strong><\/a><\/p>\n\n\t\t<\/div>\n\t<\/div>\n<\/div><\/div><\/div><\/div><div class=\"vc_row wpb_row vc_row-fluid\"><div class=\"wpb_column vc_column_container vc_col-sm-12\"><div class=\"vc_column-inner\"><div class=\"wpb_wrapper\"><div class=\"vc_message_box vc_message_box-standard vc_message_box-rounded vc_color-pink vc_do_message\" ><div class=\"vc_message_box-icon\"><i class=\"fa fa-solid fa-circle-info\"><\/i><\/div><p><span style=\"color: #ffffff;\"><span style=\"color: #ff0000;\"><strong>Recuerde que debe cursar los dos niveles de Ingl\u00e9s I y II del programa acad\u00e9mico, estos se cursan a trav\u00e9s de matriculaci\u00f3n desde la Coordinaci\u00f3n de idiomas.<\/strong><\/span><\/span><\/p>\n<\/div>\n\t<div class=\"wpb_text_column wpb_content_element\" >\n\t\t<div class=\"wpb_wrapper\">\n\t\t\t<h2><strong><span style=\"color: #008000;\">Perfil Profesional<\/span><\/strong><\/h2>\n<div class=\"parrafo-siderbar\">\n<p>El Ingeniero en Inteligencia Artificial y Ciencia de Datos es un profesional con sentido \u00e9tico, pensamiento cr\u00edtico y actitud emprendedora, que dise\u00f1a soluciones computacionales inteligentes utilizando t\u00e9cnicas avanzadas de inteligencia artificial que respondan a problem\u00e1ticas en contextos productivos y sociales; que analiza grandes vol\u00famenes de datos provenientes de m\u00faltiples fuentes, aplicando miner\u00eda de datos y anal\u00edtica avanzada para sustentar decisiones estrat\u00e9gicas y, que eval\u00faa cr\u00edticamente los impactos \u00e9ticos, sociales y legales del uso de sistemas de inteligencia artificial, proponiendo soluciones que favorezcan la equidad, la \u00e9tica algor\u00edtmica y la protecci\u00f3n de datos, en cumplimiento de los marcos regulatorios nacionales e internacionales; de este modo, estar\u00e1 en capacidad de garantizar la calidad, confiabilidad, seguridad y gobernanza de la informaci\u00f3n a lo largo de su ciclo de vida, liderando y gestionando proyectos de ciencia de datos e inteligencia artificial bajo metodolog\u00edas \u00e1giles y herramientas tecnol\u00f3gicas actualizadas.<\/p>\n<\/div>\n\n\t\t<\/div>\n\t<\/div>\n<div class=\"vc_separator wpb_content_element vc_separator_align_center vc_sep_width_100 vc_sep_border_width_2 vc_sep_pos_align_center vc_separator_no_text vc_sep_color_green wpb_content_element  wpb_content_element\" ><span class=\"vc_sep_holder vc_sep_holder_l\"><span class=\"vc_sep_line\"><\/span><\/span><span class=\"vc_sep_holder vc_sep_holder_r\"><span class=\"vc_sep_line\"><\/span><\/span>\n<\/div><\/div><\/div><\/div><\/div><div class=\"vc_row wpb_row vc_row-fluid\"><div class=\"wpb_column vc_column_container vc_col-sm-6\"><div class=\"vc_column-inner\"><div class=\"wpb_wrapper\">\n\t<div class=\"wpb_text_column wpb_content_element\" >\n\t\t<div class=\"wpb_wrapper\">\n\t\t\t<h2 class=\"titulo-siderbar\"><strong><span style=\"color: #008000;\">Campos de Acci\u00f3n<\/span><\/strong><\/h2>\n<h4><strong>Como Ingeniero en Inteligencia Artificial y Ciencia de Datos:<\/strong><\/h4>\n<p>El Ingeniero en Inteligencia Artificial y Ciencia de Datos de las UTS act\u00faa como un arquitecto de innovaci\u00f3n y futuro. Su campo de acci\u00f3n trasciende la gesti\u00f3n t\u00e9cnica para enfocarse en la creaci\u00f3n de soluciones predictivas y sistemas aut\u00f3nomos que resuelven problemas de alta complejidad. Al liderar proyectos de IA, este profesional dise\u00f1a el &#8216;cerebro&#8217; de las organizaciones modernas, aplicando modelos de aprendizaje autom\u00e1tico y visi\u00f3n artificial que impulsan la competitividad global. Su perfil es altamente demandado en sectores de alta tecnolog\u00eda, centros de investigaci\u00f3n y consultoras internacionales que buscan liderar la cuarta revoluci\u00f3n industrial.<\/p>\n<div class=\"parrafo-siderbar\">\n<ul>\n<li>Ingeniero de Inteligencia Artificial y Machine Learning o Cient\u00edfico de Datos<\/li>\n<li>L\u00edder de Anal\u00edtica de Datos<\/li>\n<li>Arquitecto de Plataformas de Datos o de Inteligencia Artificial<\/li>\n<li>Gestor de Modelos Predictivos y Anal\u00edtica de Riesgo<\/li>\n<li>Especialista en Operaciones de Modelos de Inteligencia Artificial y Flujos de Datos<\/li>\n<li>Consultor en \u00c9tica y Gobernanza de Inteligencia Artificial<\/li>\n<li>Gerente de Proyectos de Ciencia de Datos e Inteligencia Artificial o Director de I+D+i<\/li>\n<li>Investigador o Docente en Inteligencia Artificial, Ciencia de Datos y \u00c9tica Algor\u00edtmica<\/li>\n<li>Emprendedor de base tecnol\u00f3gica<\/li>\n<\/ul>\n<\/div>\n\n\t\t<\/div>\n\t<\/div>\n<\/div><\/div><\/div><div class=\"wpb_column vc_column_container vc_col-sm-6\"><div class=\"vc_column-inner\"><div class=\"wpb_wrapper\">\n\t<div class=\"wpb_text_column wpb_content_element\" >\n\t\t<div class=\"wpb_wrapper\">\n\t\t\t<div class=\"wpb_text_column wpb_content_element \">\n<div class=\"wpb_wrapper\">\n<div class=\"wpb_text_column wpb_content_element \">\n<div class=\"wpb_wrapper\">\n<h3 class=\"blanco\"><span style=\"color: #008000;\"><strong><span class=\"naranja\">\u00a1CONT\u00c1CTANOS<\/span>\u00a0<\/strong>YA!<\/span><\/h3>\n<\/div>\n<\/div>\n<div class=\"wpb_text_column wpb_content_element vc_custom_1509129306995\">\n<div class=\"wpb_wrapper\">\n<p><span style=\"color: #000000;\"><br \/>\nCoordinaci\u00f3n Ingenier\u00eda en Inteligencia Artificial y Ciencia de Datos<br \/>\nTel: (+57)+607 + 6917700 ext. 4308<br \/>\n<span style=\"color: #008000;\"><strong><span style=\"color: #339966;\">Correo Coordinaci\u00f3n<\/span><span style=\"color: #339966;\">:<\/span><\/strong><\/span> virtualAI@correo.uts.edu.co<\/span><\/p>\n<\/div>\n<\/div>\n<\/div>\n<\/div>\n\n\t\t<\/div>\n\t<\/div>\n<\/div><\/div><\/div><\/div>\n<\/div>","protected":false},"excerpt":{"rendered":"Datos generales del programa: Denominaci\u00f3n del Programa:\u00a0 Ingenier\u00eda en Inteligencia Artificial y Ciencias de datos -\u00a0 Articulado en ciclos proped\u00e9uticos con el programa de Tecnolog\u00eda en An\u00e1lisis y Gesti\u00f3n de&hellip;","protected":false},"author":1,"featured_media":0,"parent":0,"menu_order":0,"comment_status":"closed","ping_status":"closed","template":"","meta":{"_monsterinsights_skip_tracking":false,"_monsterinsights_sitenote_active":false,"_monsterinsights_sitenote_note":"","_monsterinsights_sitenote_category":0,"_uf_show_specific_survey":0,"_uf_disable_surveys":false,"footnotes":""},"class_list":["post-17803","page","type-page","status-publish","hentry"],"aioseo_notices":[],"_links":{"self":[{"href":"https:\/\/www.utsvirtual.edu.co\/sitio\/wp-json\/wp\/v2\/pages\/17803","targetHints":{"allow":["GET"]}}],"collection":[{"href":"https:\/\/www.utsvirtual.edu.co\/sitio\/wp-json\/wp\/v2\/pages"}],"about":[{"href":"https:\/\/www.utsvirtual.edu.co\/sitio\/wp-json\/wp\/v2\/types\/page"}],"author":[{"embeddable":true,"href":"https:\/\/www.utsvirtual.edu.co\/sitio\/wp-json\/wp\/v2\/users\/1"}],"replies":[{"embeddable":true,"href":"https:\/\/www.utsvirtual.edu.co\/sitio\/wp-json\/wp\/v2\/comments?post=17803"}],"version-history":[{"count":16,"href":"https:\/\/www.utsvirtual.edu.co\/sitio\/wp-json\/wp\/v2\/pages\/17803\/revisions"}],"predecessor-version":[{"id":17852,"href":"https:\/\/www.utsvirtual.edu.co\/sitio\/wp-json\/wp\/v2\/pages\/17803\/revisions\/17852"}],"wp:attachment":[{"href":"https:\/\/www.utsvirtual.edu.co\/sitio\/wp-json\/wp\/v2\/media?parent=17803"}],"curies":[{"name":"wp","href":"https:\/\/api.w.org\/{rel}","templated":true}]}}