{"id":17918,"date":"2026-04-10T18:35:19","date_gmt":"2026-04-10T18:35:19","guid":{"rendered":"https:\/\/www.utsvirtual.edu.co\/sitio\/?page_id=17918"},"modified":"2026-04-11T02:08:48","modified_gmt":"2026-04-11T02:08:48","slug":"administracion-de-empresas-turisticas-y-hoteleras","status":"publish","type":"page","link":"https:\/\/www.utsvirtual.edu.co\/sitio\/administracion-de-empresas-turisticas-y-hoteleras\/","title":{"rendered":"Administraci\u00f3n de Empresas Tur\u00edsticas y Hoteleras"},"content":{"rendered":"<div class=\"wpb-content-wrapper\"><div class=\"vc_row wpb_row vc_row-fluid\"><div class=\"wpb_animate_when_almost_visible wpb_fadeIn fadeIn wpb_column vc_column_container vc_col-sm-12\"><div class=\"vc_column-inner\"><div class=\"wpb_wrapper\">\n\t<div  class=\"wpb_single_image wpb_content_element vc_align_center wpb_content_element wpb_animate_when_almost_visible wpb_bounceIn bounceIn\">\n\t\t\n\t\t<figure class=\"wpb_wrapper vc_figure\">\n\t\t\t<div class=\"vc_single_image-wrapper   vc_box_border_grey\"><img loading=\"lazy\" decoding=\"async\" width=\"2560\" height=\"999\" src=\"https:\/\/www.utsvirtual.edu.co\/sitio\/wp-content\/uploads\/2025\/12\/Admon_empresas_TuriyHotele2026.jpeg\" class=\"vc_single_image-img attachment-full\" alt=\"\" title=\"Admon_empresas_TuriyHotele2026\" srcset=\"https:\/\/www.utsvirtual.edu.co\/sitio\/wp-content\/uploads\/2025\/12\/Admon_empresas_TuriyHotele2026.jpeg 2560w, https:\/\/www.utsvirtual.edu.co\/sitio\/wp-content\/uploads\/2025\/12\/Admon_empresas_TuriyHotele2026-300x117.jpeg 300w, https:\/\/www.utsvirtual.edu.co\/sitio\/wp-content\/uploads\/2025\/12\/Admon_empresas_TuriyHotele2026-1024x400.jpeg 1024w, https:\/\/www.utsvirtual.edu.co\/sitio\/wp-content\/uploads\/2025\/12\/Admon_empresas_TuriyHotele2026-150x59.jpeg 150w, https:\/\/www.utsvirtual.edu.co\/sitio\/wp-content\/uploads\/2025\/12\/Admon_empresas_TuriyHotele2026-768x300.jpeg 768w, https:\/\/www.utsvirtual.edu.co\/sitio\/wp-content\/uploads\/2025\/12\/Admon_empresas_TuriyHotele2026-1536x599.jpeg 1536w, https:\/\/www.utsvirtual.edu.co\/sitio\/wp-content\/uploads\/2025\/12\/Admon_empresas_TuriyHotele2026-2048x799.jpeg 2048w\" sizes=\"auto, (max-width: 2560px) 100vw, 2560px\" \/><\/div>\n\t\t<\/figure>\n\t<\/div>\n<\/div><\/div><\/div><\/div><div class=\"vc_row wpb_row vc_row-fluid\"><div class=\"wpb_column vc_column_container vc_col-sm-8\"><div class=\"vc_column-inner\"><div class=\"wpb_wrapper\"><div class=\"vc_message_box vc_message_box-solid-icon vc_message_box-rounded vc_color-peacoc vc_do_message\" ><div class=\"vc_message_box-icon\"><i class=\"\"><\/i><\/div><p><span style=\"color: #008000;\"><strong>Datos generales del programa:<\/strong><\/span><\/p>\n<p style=\"text-align: justify;\"><span style=\"color: #000000;\"><span style=\"color: #008000;\"><strong>Denominaci\u00f3n del Programa<\/strong><strong>:<\/strong><\/span><span style=\"color: #000000;\">\u00a0 programa de Administraci\u00f3n de Empresas Tur\u00edsticas y Hoteleras &#8211;\u00a0 <\/span><em><span style=\"color: #339966;\"><span style=\"color: #339966;\">Articulado en ciclos proped\u00e9uticos con el Tecnolog\u00eda en Gesti\u00f3n Tur\u00edstica y Hotelera.\u00a0<\/span><\/span><\/em><\/span><br \/>\n<span style=\"color: #000000;\">Resoluci\u00f3n MEN No. <a href=\"https:\/\/www.utsvirtual.edu.co\/sitio\/wp-content\/uploads\/2025\/12\/R_024481_17122025.pdf\" target=\"_blank\" rel=\"noopener\">024481 de 17 de diciembre de 2025<\/a> &#8211; <span style=\"color: #339966;\"><em>Vigencia por el termino de siete (7) a\u00f1os.<\/em><\/span><\/span><br \/>\n<span style=\"color: #000000;\"><span style=\"color: #008000;\"><strong>T\u00edtulo Otorgado:<\/strong> <\/span>Profesional en Administraci\u00f3n de Empresas Tur\u00edsticas y Hoteleras.<\/span><br \/>\n<span style=\"color: #000000;\"><span style=\"color: #008000;\"><strong>Duraci\u00f3n del programa:<\/strong><\/span><span style=\"color: #000000;\"> 10 semestres <span style=\"color: #339966;\"><em>(6 semestres nivel tecnol\u00f3gico y 4 semestres nivel universitario)| N\u00famero de cr\u00e9ditos: 174<\/em><\/span><\/span><br \/>\n<span style=\"color: #339966;\"><span style=\"color: #008000;\"><strong>Valor Semestre<\/strong>:<\/span> <span style=\"color: #000000;\">2 Salarios m\u00ednimos legales mensuales vigentes.<\/span><\/span><br \/>\n<span style=\"color: #000000;\"><span style=\"color: #008000;\"><strong>Modalidad:<\/strong><\/span> Virtual<\/span><\/span><\/p>\n<\/div><div class=\"vc_message_box vc_message_box-solid-icon vc_message_box-rounded vc_color-peacoc vc_do_message\" ><div class=\"vc_message_box-icon\"><i class=\"\"><\/i><\/div><p><span style=\"color: #008000;\"><strong>Presentaci\u00f3n del programa:<\/strong><\/span><\/p>\n<p style=\"text-align: Justify;\"><span style=\"color: #000000;\">El programa acad\u00e9mico Administraci\u00f3n de Empresas Tur\u00edsticas y Hoteleras articulado por ciclo proped\u00e9utico con Tecnolog\u00eda en Gesti\u00f3n Tur\u00edstica y Hotelera en modalidad virtual est\u00e1 organizado por ciclo proped\u00e9utico siguiendo los lineamientos propuestos por el Ministerio de Educaci\u00f3n Nacional. Su dise\u00f1o curricular est\u00e1 estructurado en dos niveles de formaci\u00f3n: tecnol\u00f3gico (Tecnolog\u00eda en Gesti\u00f3n Tur\u00edstica y Hotelera) y universitario (Administraci\u00f3n de Empresas Tur\u00edsticas y Hoteleras) articulados por un componente proped\u00e9utico, por acuerdo y lineamientos de la instituci\u00f3n, mediante la Pol\u00edtica para el Dise\u00f1o y Actualizaci\u00f3n Curricular de Programas Acad\u00e9micos de las Unidades Tecnol\u00f3gicas de Santander, 2021.<\/span><\/p>\n<p style=\"text-align: left;\"><span style=\"color: #000000;\">El programa responde a la necesidad de formar profesionales capaces de gestionar de manera eficiente el sector tur\u00edstico, identificar oportunidades de negocio y dise\u00f1ar estrategias que impulsen su desarrollo. Adem\u00e1s, se orienta a brindar una formaci\u00f3n flexible y accesible mediante la modalidad virtual, permitiendo fortalecer competencias en gesti\u00f3n, sostenibilidad y uso de tecnolog\u00edas, en coherencia con las demandas actuales del mercado laboral.<\/span><\/p>\n<\/div><\/div><\/div><\/div><div class=\"wpb_column vc_column_container vc_col-sm-4\"><div class=\"vc_column-inner\"><div class=\"wpb_wrapper\"><div class=\"vc_btn3-container vc_btn3-center vc_do_btn\" ><a class=\"vc_general vc_btn3 vc_btn3-size-lg vc_btn3-shape-rounded vc_btn3-style-modern vc_btn3-icon-left vc_btn3-color-green\" href=\"https:\/\/www.utsvirtual.edu.co\/sitio\/admisiones-modalidad-virtual\/\" title=\"Admisiones\"><i class=\"vc_btn3-icon fa fa-address-card-o\"><\/i> \u00a1Inscr\u00edbete ya!<\/a><\/div><div class=\"vc_separator wpb_content_element vc_separator_align_center vc_sep_width_100 vc_sep_border_width_2 vc_sep_pos_align_center vc_separator_no_text vc_sep_color_green wpb_content_element  wpb_content_element\" ><span class=\"vc_sep_holder vc_sep_holder_l\"><span class=\"vc_sep_line\"><\/span><\/span><span class=\"vc_sep_holder vc_sep_holder_r\"><span class=\"vc_sep_line\"><\/span><\/span>\n<\/div>\n\t<div class=\"wpb_text_column wpb_content_element vc_custom_1696392639969\" >\n\t\t<div class=\"wpb_wrapper\">\n\t\t\t<p style=\"text-align: center;\">\n<div class=\"wpcf7 no-js\" id=\"wpcf7-f11251-o1\" lang=\"es-CO\" dir=\"ltr\" data-wpcf7-id=\"11251\">\n<div class=\"screen-reader-response\"><p role=\"status\" aria-live=\"polite\" aria-atomic=\"true\"><\/p> <ul><\/ul><\/div>\n<form action=\"\/sitio\/wp-json\/wp\/v2\/pages\/17918#wpcf7-f11251-o1\" method=\"post\" class=\"wpcf7-form init\" aria-label=\"Formulario de contacto\" novalidate=\"novalidate\" data-status=\"init\">\n<fieldset class=\"hidden-fields-container\"><input type=\"hidden\" name=\"_wpcf7\" value=\"11251\" \/><input type=\"hidden\" name=\"_wpcf7_version\" value=\"6.1.5\" \/><input type=\"hidden\" name=\"_wpcf7_locale\" value=\"es_CO\" \/><input type=\"hidden\" name=\"_wpcf7_unit_tag\" value=\"wpcf7-f11251-o1\" \/><input type=\"hidden\" name=\"_wpcf7_container_post\" value=\"0\" \/><input type=\"hidden\" name=\"_wpcf7_posted_data_hash\" value=\"\" \/><input type=\"hidden\" name=\"_wpcf7_recaptcha_response\" value=\"\" \/>\n<\/fieldset>\n<p><label> Nombre:<br \/>\n<span class=\"wpcf7-form-control-wrap\" data-name=\"your-name\"><input size=\"40\" maxlength=\"400\" class=\"wpcf7-form-control wpcf7-text wpcf7-validates-as-required\" aria-required=\"true\" aria-invalid=\"false\" value=\"\" type=\"text\" name=\"your-name\" \/><\/span> <\/label>\n<\/p>\n<p><label> Correo Electr\u00f3nico:<br \/>\n<span class=\"wpcf7-form-control-wrap\" data-name=\"your-email\"><input size=\"40\" maxlength=\"400\" class=\"wpcf7-form-control wpcf7-email wpcf7-validates-as-required wpcf7-text wpcf7-validates-as-email\" aria-required=\"true\" aria-invalid=\"false\" value=\"\" type=\"email\" name=\"your-email\" \/><\/span> <\/label>\n<\/p>\n<p><label>Tel\u00e9fono:<br \/>\n<span class=\"wpcf7-form-control-wrap\" data-name=\"tel-114\"><input size=\"40\" maxlength=\"400\" class=\"wpcf7-form-control wpcf7-tel wpcf7-text wpcf7-validates-as-tel\" aria-invalid=\"false\" value=\"\" type=\"tel\" name=\"tel-114\" \/><\/span> <\/label>\n<\/p>\n<p><label> Autorizo el tratamiento de mis datos personales: <span class=\"wpcf7-form-control-wrap\" data-name=\"acceptance\"><span class=\"wpcf7-form-control wpcf7-acceptance\"><span class=\"wpcf7-list-item\"><input type=\"checkbox\" name=\"acceptance\" value=\"1\" aria-invalid=\"false\" \/><\/span><\/span><\/span> <\/label><br \/>\n<a href=\"https:\/\/www.uts.edu.co\/sitio\/wp-content\/uploads\/normatividad\/acuerdos\/acu-65.pdf?_t=1621357271\" target=\"_blank\" style=\"color:#018BFF\";>Ver autorizaci\u00f3n para tratamiento de datos<\/a>\n<\/p>\n<p><input class=\"wpcf7-form-control wpcf7-submit has-spinner\" type=\"submit\" value=\"Enviar\" \/>\n<\/p><div class=\"wpcf7-response-output\" aria-hidden=\"true\"><\/div>\n<\/form>\n<\/div>\n\n\t\t<\/div>\n\t<\/div>\n<\/div><\/div><\/div><\/div><div class=\"vc_row wpb_row vc_row-fluid vc_custom_1588895802102 vc_row-has-fill\"><div class=\"wpb_column vc_column_container vc_col-sm-8\"><div class=\"vc_column-inner\"><div class=\"wpb_wrapper\">\n\t<div class=\"wpb_text_column wpb_content_element\" >\n\t\t<div class=\"wpb_wrapper\">\n\t\t\t<p style=\"text-align: center;\"><span style=\"color: #ffffff;\">El plan de estudios est\u00e1 dise\u00f1ado de forma modular para aprovechar el tiempo de autoestudio y el trabajo colaborativo.<\/span><\/p>\n\n\t\t<\/div>\n\t<\/div>\n<\/div><\/div><\/div><div class=\"wpb_column vc_column_container vc_col-sm-4\"><div class=\"vc_column-inner\"><div class=\"wpb_wrapper\">\n\t<div class=\"wpb_text_column wpb_content_element\" >\n\t\t<div class=\"wpb_wrapper\">\n\t\t\t<p style=\"text-align: center;\"><button class=\"btn btn-info sg-popup-id-1241\" type=\"button\"><a href=\"https:\/\/www.utsvirtual.edu.co\/sitio\/wp-content\/uploads\/2026\/04\/Administracion-de-Empresas-Turisticas-y-Hoteleras.pdf\" target=\"_blank\" rel=\"noopener\">Consultar Plan de estudios TGEV<\/a><\/button><\/p>\n\n\t\t<\/div>\n\t<\/div>\n<\/div><\/div><\/div><\/div><div class=\"vc_row wpb_row vc_row-fluid\"><div class=\"wpb_column vc_column_container vc_col-sm-12\"><div class=\"vc_column-inner\"><div class=\"wpb_wrapper\"><div class=\"vc_message_box vc_message_box-standard vc_message_box-rounded vc_color-pink vc_do_message\" ><div class=\"vc_message_box-icon\"><i class=\"fa fa-solid fa-circle-info\"><\/i><\/div><p><span style=\"color: #ffffff;\"><span style=\"color: #ff0000;\"><strong>Recuerde que debe cursar los dos niveles de Ingl\u00e9s I y II del programa acad\u00e9mico, estos se cursan a trav\u00e9s de matriculaci\u00f3n desde la Coordinaci\u00f3n de idiomas.<\/strong><\/span><\/span><\/p>\n<\/div>\n\t<div class=\"wpb_text_column wpb_content_element\" >\n\t\t<div class=\"wpb_wrapper\">\n\t\t\t<h3 style=\"text-align: left;\"><strong><span style=\"color: #008000;\">Perfil Profesional<\/span><\/strong><\/h3>\n<div class=\"parrafo-siderbar\">\n<p style=\"text-align: justify;\">El Administrador de Empresas Tur\u00edsticas y Hoteleras es un profesional con sentido \u00e9tico, pensamiento cr\u00edtico y actitud emprendedora. Que dise\u00f1a planes estrat\u00e9gicos que permiten la administraci\u00f3n eficiente de empresas tur\u00edsticas y hoteleras, incluyendo la gesti\u00f3n de recursos humanos, financieros y operativos, atendiendo est\u00e1ndares de calidad, productividad y competitividad. Elabora estudios de mercado y an\u00e1lisis de tendencias tur\u00edsticas para la toma de decisiones, el dise\u00f1o de estrategias de marketing y la formulaci\u00f3n de proyectos innovadores para el sector tur\u00edstico y hotelero. Desarrolla proyectos y experiencias de turismo a partir de pr\u00e1cticas sostenibles que reconocen las particularidades del patrimonio cultural y natural de las regiones, atendiendo a la normatividad vigente y responsabilidad social. Implementa sistemas de gesti\u00f3n tur\u00edstica y hotelera, adem\u00e1s de herramientas tecnol\u00f3gicas que favorecen la optimizaci\u00f3n, promoci\u00f3n y personalizaci\u00f3n de productos y servicios del sector. Genera planes de negocio a partir de la identificaci\u00f3n de oportunidades y an\u00e1lisis de necesidades actuales del mercado..<\/p>\n<\/div>\n\n\t\t<\/div>\n\t<\/div>\n<div class=\"vc_separator wpb_content_element vc_separator_align_center vc_sep_width_100 vc_sep_border_width_2 vc_sep_pos_align_center vc_separator_no_text vc_sep_color_green wpb_content_element  wpb_content_element\" ><span class=\"vc_sep_holder vc_sep_holder_l\"><span class=\"vc_sep_line\"><\/span><\/span><span class=\"vc_sep_holder vc_sep_holder_r\"><span class=\"vc_sep_line\"><\/span><\/span>\n<\/div><\/div><\/div><\/div><\/div><div class=\"vc_row wpb_row vc_row-fluid\"><div class=\"wpb_column vc_column_container vc_col-sm-6\"><div class=\"vc_column-inner\"><div class=\"wpb_wrapper\">\n\t<div class=\"wpb_text_column wpb_content_element\" >\n\t\t<div class=\"wpb_wrapper\">\n\t\t\t<h3 class=\"titulo-siderbar\"><strong><span style=\"color: #008000;\">Campos de Acci\u00f3n<\/span><\/strong><\/h3>\n<div class=\"parrafo-siderbar\">\n<p style=\"text-align: justify;\"><span style=\"color: #000000;\">Como Ingeniero en Inteligencia Artificial y Ciencia de Datos:<\/span><\/p>\n<ul>\n<li style=\"text-align: justify;\"><span style=\"color: #000000;\">Gerente general de establecimientos de alojamiento y hospedaje <\/span><\/li>\n<li style=\"text-align: justify;\"><span style=\"color: #000000;\">Gerente de Alimentos y Bebidas, restaurante, bares, casinos, cruceros, casas de banquetes, entre otros <\/span><\/li>\n<li style=\"text-align: justify;\"><span style=\"color: #000000;\">Gerente o director de una agencia de viajes <\/span><\/li>\n<li style=\"text-align: justify;\"><span style=\"color: #000000;\">Organizador de eventos ejecutivos, sociales y culturales <\/span><\/li>\n<li style=\"text-align: justify;\"><span style=\"color: #000000;\">Gerente o representante de empresas de transporte <\/span><\/li>\n<li style=\"text-align: justify;\"><span style=\"color: #000000;\">Gerente o representante de empresas de transporte <\/span><\/li>\n<li style=\"text-align: justify;\"><span style=\"color: #000000;\">Consultor tur\u00edstico <\/span><\/li>\n<li style=\"text-align: justify;\"><span style=\"color: #000000;\">Director o gerente de empresas tur\u00edsticas <\/span><\/li>\n<li style=\"text-align: justify;\"><span style=\"color: #000000;\">Supervisor general de servicios tur\u00edsticos <\/span><\/li>\n<\/ul>\n<\/div>\n\n\t\t<\/div>\n\t<\/div>\n<\/div><\/div><\/div><div class=\"wpb_column vc_column_container vc_col-sm-6\"><div class=\"vc_column-inner\"><div class=\"wpb_wrapper\">\n\t<div class=\"wpb_text_column wpb_content_element\" >\n\t\t<div class=\"wpb_wrapper\">\n\t\t\t<div class=\"wpb_text_column wpb_content_element \">\n<div class=\"wpb_wrapper\">\n<div class=\"wpb_text_column wpb_content_element \">\n<div class=\"wpb_wrapper\">\n<h3 class=\"blanco\"><span style=\"color: #008000;\"><strong><span class=\"naranja\">\u00a1CONT\u00c1CTANOS<\/span>\u00a0<\/strong>YA!<\/span><\/h3>\n<\/div>\n<\/div>\n<div class=\"wpb_text_column wpb_content_element vc_custom_1509129306995\">\n<div class=\"wpb_wrapper\">\n<p><span style=\"color: #000000;\"><br \/>\nCoordinaci\u00f3n Tecnolog\u00eda en Gesti\u00f3n Tur\u00edstica y Hotelera<br \/>\nTel: (+57)+607 + 6917700 ext. 4308<br \/>\n<span style=\"color: #008000;\"><strong><span style=\"color: #339966;\">Correo Coordinaci\u00f3n<\/span><span style=\"color: #339966;\">:<\/span><\/strong><\/span> <a href=\"mailto:virtualturismo@correo.uts.edu.co\">virtualturismo@correo.uts.edu.co<\/a><\/span><\/p>\n<\/div>\n<\/div>\n<\/div>\n<\/div>\n\n\t\t<\/div>\n\t<\/div>\n<\/div><\/div><\/div><\/div>\n<\/div>","protected":false},"excerpt":{"rendered":"Datos generales del programa: Denominaci\u00f3n del Programa:\u00a0 programa de Administraci\u00f3n de Empresas Tur\u00edsticas y Hoteleras -\u00a0 Articulado en ciclos proped\u00e9uticos con el Tecnolog\u00eda en Gesti\u00f3n Tur\u00edstica y Hotelera.\u00a0 Resoluci\u00f3n MEN&hellip;","protected":false},"author":1,"featured_media":0,"parent":0,"menu_order":0,"comment_status":"closed","ping_status":"closed","template":"","meta":{"_monsterinsights_skip_tracking":false,"_monsterinsights_sitenote_active":false,"_monsterinsights_sitenote_note":"","_monsterinsights_sitenote_category":0,"_uf_show_specific_survey":0,"_uf_disable_surveys":false,"footnotes":""},"class_list":["post-17918","page","type-page","status-publish","hentry"],"aioseo_notices":[],"_links":{"self":[{"href":"https:\/\/www.utsvirtual.edu.co\/sitio\/wp-json\/wp\/v2\/pages\/17918","targetHints":{"allow":["GET"]}}],"collection":[{"href":"https:\/\/www.utsvirtual.edu.co\/sitio\/wp-json\/wp\/v2\/pages"}],"about":[{"href":"https:\/\/www.utsvirtual.edu.co\/sitio\/wp-json\/wp\/v2\/types\/page"}],"author":[{"embeddable":true,"href":"https:\/\/www.utsvirtual.edu.co\/sitio\/wp-json\/wp\/v2\/users\/1"}],"replies":[{"embeddable":true,"href":"https:\/\/www.utsvirtual.edu.co\/sitio\/wp-json\/wp\/v2\/comments?post=17918"}],"version-history":[{"count":10,"href":"https:\/\/www.utsvirtual.edu.co\/sitio\/wp-json\/wp\/v2\/pages\/17918\/revisions"}],"predecessor-version":[{"id":17939,"href":"https:\/\/www.utsvirtual.edu.co\/sitio\/wp-json\/wp\/v2\/pages\/17918\/revisions\/17939"}],"wp:attachment":[{"href":"https:\/\/www.utsvirtual.edu.co\/sitio\/wp-json\/wp\/v2\/media?parent=17918"}],"curies":[{"name":"wp","href":"https:\/\/api.w.org\/{rel}","templated":true}]}}