{"id":633,"date":"2018-08-29T00:42:01","date_gmt":"2018-08-29T00:42:01","guid":{"rendered":"https:\/\/www.utsvirtual.edu.co\/sitio\/?page_id=633"},"modified":"2026-04-12T01:25:36","modified_gmt":"2026-04-12T01:25:36","slug":"contaduria-publica","status":"publish","type":"page","link":"https:\/\/www.utsvirtual.edu.co\/sitio\/contaduria-publica\/","title":{"rendered":"Contadur\u00eda P\u00fablica"},"content":{"rendered":"<div class=\"wpb-content-wrapper\"><div class=\"vc_row wpb_row vc_row-fluid\"><div class=\"wpb_animate_when_almost_visible wpb_fadeIn fadeIn wpb_column vc_column_container vc_col-sm-12\"><div class=\"vc_column-inner\"><div class=\"wpb_wrapper\">\n\t<div  class=\"wpb_single_image wpb_content_element vc_align_center wpb_content_element wpb_animate_when_almost_visible wpb_bounceIn bounceIn\">\n\t\t\n\t\t<figure class=\"wpb_wrapper vc_figure\">\n\t\t\t<div class=\"vc_single_image-wrapper   vc_box_border_grey\"><img fetchpriority=\"high\" decoding=\"async\" width=\"1600\" height=\"625\" src=\"https:\/\/www.utsvirtual.edu.co\/sitio\/wp-content\/uploads\/2026\/04\/ProfeContaduria2026.jpeg\" class=\"vc_single_image-img attachment-full\" alt=\"\" title=\"ProfeContaduria2026\" srcset=\"https:\/\/www.utsvirtual.edu.co\/sitio\/wp-content\/uploads\/2026\/04\/ProfeContaduria2026.jpeg 1600w, https:\/\/www.utsvirtual.edu.co\/sitio\/wp-content\/uploads\/2026\/04\/ProfeContaduria2026-300x117.jpeg 300w, https:\/\/www.utsvirtual.edu.co\/sitio\/wp-content\/uploads\/2026\/04\/ProfeContaduria2026-1024x400.jpeg 1024w, https:\/\/www.utsvirtual.edu.co\/sitio\/wp-content\/uploads\/2026\/04\/ProfeContaduria2026-150x59.jpeg 150w, https:\/\/www.utsvirtual.edu.co\/sitio\/wp-content\/uploads\/2026\/04\/ProfeContaduria2026-768x300.jpeg 768w, https:\/\/www.utsvirtual.edu.co\/sitio\/wp-content\/uploads\/2026\/04\/ProfeContaduria2026-1536x600.jpeg 1536w\" sizes=\"(max-width: 1600px) 100vw, 1600px\" \/><\/div>\n\t\t<\/figure>\n\t<\/div>\n<\/div><\/div><\/div><\/div><div class=\"vc_row wpb_row vc_row-fluid\"><div class=\"wpb_column vc_column_container vc_col-sm-8\"><div class=\"vc_column-inner\"><div class=\"wpb_wrapper\"><div class=\"vc_message_box vc_message_box-solid-icon vc_message_box-rounded vc_color-sky vc_do_message\" ><div class=\"vc_message_box-icon\"><i class=\"\"><\/i><\/div><p><span style=\"color: #008000;\"><strong>Datos generales del programa: <\/strong><\/span><\/p>\n<p style=\"text-align: justify;\"><span style=\"color: #008000;\"><strong>Denominaci\u00f3n del Programa<\/strong><strong>:<\/strong><\/span><span style=\"color: #000000;\"> Contadur\u00eda Publica &#8211;\u00a0 <\/span><em><span style=\"color: #339966;\"><span style=\"color: #339966;\"><span style=\"color: #339966;\">Articulado en ciclos proped\u00e9uticos con el programa de Tecnolog\u00eda en Gesti\u00f3n contable.<\/span><\/span><\/span><\/em><br \/>\n<span style=\"color: #000000;\">Resoluci\u00f3n MEN No. <a href=\"https:\/\/www.utsvirtual.edu.co\/sitio\/wp-content\/uploads\/2025\/10\/MEN-RESOLUCION-01107403-JUN-2025_CONTADURIA-PUBLICA-1.pdf\" target=\"_blank\" rel=\"noopener\">011074 del 03 de junio de 2025\/a&gt; &#8211; <span style=\"color: #339966;\"><em>Vigencia por el termino de siete (7) a\u00f1os &#8211; <span style=\"color: #333333;\">Cod SNIES: 107060<\/span><\/em><\/span><\/a><\/span><a href=\"https:\/\/www.utsvirtual.edu.co\/sitio\/wp-content\/uploads\/2025\/10\/MEN-RESOLUCION-01107403-JUN-2025_CONTADURIA-PUBLICA-1.pdf\" target=\"_blank\" rel=\"noopener\"><br \/>\n<span style=\"color: #000000;\"><span style=\"color: #008000;\"><strong>T\u00edtulo Otorgado:<\/strong> <\/span>Contador P\u00fablico\u00a0<\/span><br \/>\n<span style=\"color: #000000;\"><span style=\"color: #008000;\"><strong>Duraci\u00f3n del programa:<\/strong><\/span><span style=\"color: #000000;\"> 10 semestres <span style=\"color: #339966;\"><em>(6 semestres tecnolog\u00eda y 4 semestres nivel profesional)<\/em><\/span> |N\u00famero de cr\u00e9ditos: 175<\/span><\/span><br \/>\n<span style=\"color: #339966;\"><span style=\"color: #008000;\"><strong>Valor Semestre<\/strong>:<\/span> <span style=\"color: #000000;\"> 2 Salarios m\u00ednimos legales mensuales vigentes.<\/span><\/span><br \/>\n<span style=\"color: #000000;\"><span style=\"color: #008000;\"><strong>Requisitos:<\/strong> <\/span>Haber obtenido el t\u00edtulo de Tecn\u00f3logo en Gesti\u00f3n contable.<\/span><br \/>\n<span style=\"color: #000000;\"><span style=\"color: #008000;\"><strong>Modalidad: <\/strong><\/span>Virtual<\/span><\/a><\/p>\n<p>&nbsp;<\/p>\n<\/div><div class=\"vc_message_box vc_message_box-solid-icon vc_message_box-rounded vc_color-sky vc_do_message\" ><div class=\"vc_message_box-icon\"><i class=\"\"><\/i><\/div><p><span style=\"color: #008000;\"><strong>Presentaci\u00f3n del programa: <\/strong><\/span><\/p>\n<p style=\"text-align: Justify;\"><span style=\"color: #000000;\">El programa acad\u00e9mico de Contadur\u00eda P\u00fablica, articulado mediante un ciclo proped\u00e9utico con Tecnolog\u00eda en Gesti\u00f3n Contable, sigue los lineamientos del Ministerio de Educaci\u00f3n Nacional y la Pol\u00edtica para el Dise\u00f1o y Actualizaci\u00f3n Curricular de las Unidades Tecnol\u00f3gicas de Santander. Est\u00e1 estructurado en dos niveles: tecnol\u00f3gico y universitario, ofreciendo una formaci\u00f3n pr\u00e1ctica y actualizada que responde a las demandas del sector empresarial.<\/span><\/p>\n<p style=\"text-align: left;\"><span style=\"color: #000000;\">El programa prepara al egresado en el manejo de herramientas inform\u00e1ticas, legislaci\u00f3n laboral, an\u00e1lisis de informes financieros y evaluaci\u00f3n de proyectos de inversi\u00f3n, con el fin de garantizar la eficiencia en el uso de recursos en entidades p\u00fablicas y privadas. Adem\u00e1s, desarrolla una s\u00f3lida base te\u00f3rica que permite analizar informaci\u00f3n financiera desde diversas perspectivas, identificar riesgos y apoyar la toma de decisiones estrat\u00e9gicas y asesor\u00eda contable y financiera integral.<\/span><\/p>\n<\/div><\/div><\/div><\/div><div class=\"wpb_column vc_column_container vc_col-sm-4\"><div class=\"vc_column-inner\"><div class=\"wpb_wrapper\"><div class=\"vc_btn3-container vc_btn3-center vc_do_btn\" ><a class=\"vc_general vc_btn3 vc_btn3-size-lg vc_btn3-shape-rounded vc_btn3-style-modern vc_btn3-icon-left vc_btn3-color-green\" href=\"https:\/\/www.utsvirtual.edu.co\/sitio\/admisiones-modalidad-virtual\/\" title=\"Admisiones\"><i class=\"vc_btn3-icon fa fa-address-card-o\"><\/i> \u00a1Inscr\u00edbete ya!<\/a><\/div><div class=\"vc_separator wpb_content_element vc_separator_align_center vc_sep_width_100 vc_sep_border_width_2 vc_sep_pos_align_center vc_separator_no_text vc_sep_color_green wpb_content_element  wpb_content_element\" ><span class=\"vc_sep_holder vc_sep_holder_l\"><span class=\"vc_sep_line\"><\/span><\/span><span class=\"vc_sep_holder vc_sep_holder_r\"><span class=\"vc_sep_line\"><\/span><\/span>\n<\/div>\n\t<div class=\"wpb_text_column wpb_content_element vc_custom_1696392670280\" >\n\t\t<div class=\"wpb_wrapper\">\n\t\t\t<p style=\"text-align: center;\">\n<div class=\"wpcf7 no-js\" id=\"wpcf7-f11253-o1\" lang=\"es-CO\" dir=\"ltr\" data-wpcf7-id=\"11253\">\n<div class=\"screen-reader-response\"><p role=\"status\" aria-live=\"polite\" aria-atomic=\"true\"><\/p> <ul><\/ul><\/div>\n<form action=\"\/sitio\/wp-json\/wp\/v2\/pages\/633#wpcf7-f11253-o1\" method=\"post\" class=\"wpcf7-form init\" aria-label=\"Formulario de contacto\" novalidate=\"novalidate\" data-status=\"init\">\n<fieldset class=\"hidden-fields-container\"><input type=\"hidden\" name=\"_wpcf7\" value=\"11253\" \/><input type=\"hidden\" name=\"_wpcf7_version\" value=\"6.1.5\" \/><input type=\"hidden\" name=\"_wpcf7_locale\" value=\"es_CO\" \/><input type=\"hidden\" name=\"_wpcf7_unit_tag\" value=\"wpcf7-f11253-o1\" \/><input type=\"hidden\" name=\"_wpcf7_container_post\" value=\"0\" \/><input type=\"hidden\" name=\"_wpcf7_posted_data_hash\" value=\"\" \/><input type=\"hidden\" name=\"_wpcf7_recaptcha_response\" value=\"\" \/>\n<\/fieldset>\n<p><label> Nombre:<br \/>\n<span class=\"wpcf7-form-control-wrap\" data-name=\"your-name\"><input size=\"40\" maxlength=\"400\" class=\"wpcf7-form-control wpcf7-text wpcf7-validates-as-required\" aria-required=\"true\" aria-invalid=\"false\" value=\"\" type=\"text\" name=\"your-name\" \/><\/span> <\/label>\n<\/p>\n<p><label> Correo Electr\u00f3nico:<br \/>\n<span class=\"wpcf7-form-control-wrap\" data-name=\"your-email\"><input size=\"40\" maxlength=\"400\" class=\"wpcf7-form-control wpcf7-email wpcf7-validates-as-required wpcf7-text wpcf7-validates-as-email\" aria-required=\"true\" aria-invalid=\"false\" value=\"\" type=\"email\" name=\"your-email\" \/><\/span> <\/label>\n<\/p>\n<p><label>Tel\u00e9fono:<br \/>\n<span class=\"wpcf7-form-control-wrap\" data-name=\"tel-114\"><input size=\"40\" maxlength=\"400\" class=\"wpcf7-form-control wpcf7-tel wpcf7-text wpcf7-validates-as-tel\" aria-invalid=\"false\" value=\"\" type=\"tel\" name=\"tel-114\" \/><\/span> <\/label>\n<\/p>\n<p><label> Autorizo el tratamiento de mis datos personales: <span class=\"wpcf7-form-control-wrap\" data-name=\"acceptance\"><span class=\"wpcf7-form-control wpcf7-acceptance\"><span class=\"wpcf7-list-item\"><input type=\"checkbox\" name=\"acceptance\" value=\"1\" aria-invalid=\"false\" \/><\/span><\/span><\/span> <\/label><br \/>\n<a href=\"https:\/\/www.uts.edu.co\/sitio\/wp-content\/uploads\/normatividad\/acuerdos\/acu-65.pdf?_t=1621357271\" target=\"_blank\" style=\"color:#018BFF\";>Ver autorizaci\u00f3n para tratamiento de datos<\/a>\n<\/p>\n<p><input class=\"wpcf7-form-control wpcf7-submit has-spinner\" type=\"submit\" value=\"Enviar\" \/>\n<\/p><div class=\"wpcf7-response-output\" aria-hidden=\"true\"><\/div>\n<\/form>\n<\/div>\n\n\t\t<\/div>\n\t<\/div>\n<\/div><\/div><\/div><\/div><div class=\"vc_row wpb_row vc_row-fluid vc_custom_1588907827091 vc_row-has-fill\"><div class=\"wpb_column vc_column_container vc_col-sm-8\"><div class=\"vc_column-inner\"><div class=\"wpb_wrapper\">\n\t<div class=\"wpb_text_column wpb_content_element\" >\n\t\t<div class=\"wpb_wrapper\">\n\t\t\t<p style=\"text-align: center;\"><span style=\"color: #ffffff;\">El plan de estudios est\u00e1 dise\u00f1ado de forma modular para aprovechar el tiempo de autoestudio y el trabajo colaborativo.<\/span><\/p>\n\n\t\t<\/div>\n\t<\/div>\n<\/div><\/div><\/div><div class=\"wpb_column vc_column_container vc_col-sm-4\"><div class=\"vc_column-inner\"><div class=\"wpb_wrapper\">\n\t<div class=\"wpb_text_column wpb_content_element\" >\n\t\t<div class=\"wpb_wrapper\">\n\t\t\t<p style=\"text-align: center;\"><a href=\"https:\/\/www.utsvirtual.edu.co\/sitio\/wp-content\/uploads\/2025\/06\/PENSUM-PCPV-2018-2_CONTADURIA-PUBLICA-VIRTUAL.pdf\" target=\"_blank\" rel=\"noopener\"><button class=\"btn btn-info sg-popup-id-1241\" type=\"button\">Consulta el Plan de Estudios<\/button><\/a><\/p>\n\n\t\t<\/div>\n\t<\/div>\n<\/div><\/div><\/div><\/div><div class=\"vc_row wpb_row vc_row-fluid\"><div class=\"wpb_column vc_column_container vc_col-sm-12\"><div class=\"vc_column-inner\"><div class=\"wpb_wrapper\"><div class=\"vc_message_box vc_message_box-standard vc_message_box-rounded vc_color-pink vc_do_message\" ><div class=\"vc_message_box-icon\"><i class=\"fa fa-solid fa-circle-info\"><\/i><\/div><p><span style=\"color: #ffffff;\"><span style=\"color: #ff0000;\"><strong>Recuerde que debe cursar los dos niveles de Ingl\u00e9s III y IV del programa acad\u00e9mico, estos se cursan a trav\u00e9s de matriculaci\u00f3n desde la Coordinaci\u00f3n de idiomas. (No tiene costo)\u00a0<\/strong><\/span><\/span><\/p>\n<\/div>\n\t<div class=\"wpb_text_column wpb_content_element\" >\n\t\t<div class=\"wpb_wrapper\">\n\t\t\t<h3 style=\"text-align: justify;\"><strong><span style=\"color: #008000;\">Perfil Profesional<\/span><\/strong><\/h3>\n<div class=\"parrafo-siderbar\">\n<p style=\"text-align: justify;\">El graduado en Contadur\u00eda P\u00fablica articulado por ciclo proped\u00e9utico con Tecnolog\u00eda en Gesti\u00f3n Contable en modalidad virtual de las Unidades Tecnol\u00f3gicas de Santander \u2013 UTS, es un profesional con sentido \u00e9tico, pensamiento cr\u00edtico, actitud emprendedora; que argumenta los resultados contables, fiscales y de control cuyo fin es la continuidad del ente partiendo de la informaci\u00f3n financiera y teniendo en cuenta los est\u00e1ndares internacionales y nacionales; que integra procesos fiscales, financieros, de control y administrativos a trav\u00e9s del uso de las herramientas tecnol\u00f3gicas, optimizando la carga impositiva, detecci\u00f3n de errores y seguimiento de la planeaci\u00f3n tributaria; que eval\u00faa proyectos de inversi\u00f3n a partir de herramientas, m\u00e9todos y modelos econ\u00f3micos, que justifica el grado de cumplimiento y eficiencia para el manejo de los recursos en las entidades p\u00fablicas y privadas en cumplimiento a planes estrat\u00e9gicos establecidas por la organizaci\u00f3n.<\/p>\n<\/div>\n\n\t\t<\/div>\n\t<\/div>\n<div class=\"vc_separator wpb_content_element vc_separator_align_center vc_sep_width_100 vc_sep_border_width_2 vc_sep_pos_align_center vc_separator_no_text vc_sep_color_green wpb_content_element  wpb_content_element\" ><span class=\"vc_sep_holder vc_sep_holder_l\"><span class=\"vc_sep_line\"><\/span><\/span><span class=\"vc_sep_holder vc_sep_holder_r\"><span class=\"vc_sep_line\"><\/span><\/span>\n<\/div><\/div><\/div><\/div><\/div><div class=\"vc_row wpb_row vc_row-fluid\"><div class=\"wpb_column vc_column_container vc_col-sm-6\"><div class=\"vc_column-inner\"><div class=\"wpb_wrapper\">\n\t<div class=\"wpb_text_column wpb_content_element\" >\n\t\t<div class=\"wpb_wrapper\">\n\t\t\t<h3 class=\"titulo-siderbar\"><strong><span style=\"color: #008000;\">Campos de Acci\u00f3n<\/span><\/strong><\/h3>\n<div class=\"parrafo-siderbar\">\n<p style=\"text-align: justify;\"><span style=\"color: #000000;\">Los campos de acci\u00f3n del egresado del programa de Contadur\u00eda P\u00fablica virtual est\u00e1n definidos y articulados con las competencias que desarrollan los estudiantes en cada uno de los m\u00f3dulos que constituyen el plan de estudios, para con ello, garantizar el desempe\u00f1o profesional en diferentes \u00e1reas como:<\/span><\/p>\n<ul>\n<li style=\"text-align: justify;\"><span style=\"color: #000000;\">Contador P\u00fabico.<\/span><\/li>\n<li style=\"text-align: justify;\"><span style=\"color: #000000;\">Contralor General.<\/span><\/li>\n<li style=\"text-align: justify;\"><span style=\"color: #000000;\">Auditor y Revisor Fiscal.<\/span><\/li>\n<li style=\"text-align: justify;\"><span style=\"color: #000000;\">Asesor y Consultor Empresarial.<\/span><\/li>\n<li style=\"text-align: justify;\"><span style=\"color: #000000;\">Gerente Financiero y de Costos.<\/span><\/li>\n<li style=\"text-align: justify;\"><span style=\"color: #000000;\">Director de Control Interno.<\/span><\/li>\n<li style=\"text-align: justify;\"><span style=\"color: #000000;\">Director Administrativo y de Impuestos.<\/span><\/li>\n<li style=\"text-align: justify;\"><span style=\"color: #000000;\">Jefe de Presupuestos.<\/span><\/li>\n<li style=\"text-align: justify;\"><span style=\"color: #000000;\">Perito Auxiliar de Justicia.<\/span><\/li>\n<li style=\"text-align: justify;\"><span style=\"color: #000000;\">Director de su propia Oficina.<\/span><\/li>\n<\/ul>\n<\/div>\n\n\t\t<\/div>\n\t<\/div>\n<\/div><\/div><\/div><div class=\"wpb_column vc_column_container vc_col-sm-6\"><div class=\"vc_column-inner\"><div class=\"wpb_wrapper\">\n\t<div class=\"wpb_text_column wpb_content_element\" >\n\t\t<div class=\"wpb_wrapper\">\n\t\t\t<div class=\"wpb_text_column wpb_content_element \">\n<div class=\"wpb_wrapper\">\n<div class=\"wpb_text_column wpb_content_element \">\n<div class=\"wpb_wrapper\">\n<div class=\"wpb_text_column wpb_content_element \">\n<div class=\"wpb_wrapper\">\n<h3 class=\"blanco\"><span style=\"color: #008000;\"><strong><span class=\"naranja\">\u00a1CONT\u00c1CTANOS<\/span>\u00a0<\/strong>YA!<\/span><\/h3>\n<\/div>\n<\/div>\n<div class=\"wpb_text_column wpb_content_element vc_custom_1509129306995\">\n<div class=\"wpb_wrapper\">\n<p><span style=\"color: #000000;\"><strong>Norelba Hern\u00e1ndez Mendoza<\/strong><br \/>\nCoordinadora Contadur\u00eda P\u00fablica Virtual\u00a0<\/span><br \/>\n<span style=\"color: #000000;\">Tel: (+ 57)+60+7 + 6917700 ext. 4308<\/span><br \/>\n<span style=\"color: #339966;\"><strong>Correo Direcci\u00f3n Educaci\u00f3n Virtual:<\/strong><\/span> <span style=\"color: #000000;\"><a style=\"color: #000000;\" href=\"mailto:direccionvirtual@correo.uts.edu.co\">direccionvirtual@correo.uts.edu.co <\/a><\/span><br \/>\n<span style=\"color: #008000;\"><strong><span style=\"color: #339966;\">Correo Coordinaci\u00f3n Contadur\u00eda P\u00fablica Virtual<\/span><span style=\"color: #000000;\"><span style=\"color: #339966;\">: <\/span><\/span><\/strong><\/span><span style=\"color: #000000;\"><a style=\"color: #000000;\" href=\"mailto:virtualcontaduriapublica@correo.uts.edu.co\">virtualcontaduriapublica@correo.uts.edu.co<\/a><\/span><\/div>\n<\/div>\n<\/div>\n<\/div>\n<\/div>\n<\/div>\n\n\t\t<\/div>\n\t<\/div>\n<\/div><\/div><\/div><\/div>\n<\/div>","protected":false},"excerpt":{"rendered":"Datos generales del programa: Denominaci\u00f3n del Programa: Contadur\u00eda Publica -\u00a0 Articulado en ciclos proped\u00e9uticos con el programa de Tecnolog\u00eda en Gesti\u00f3n contable. Resoluci\u00f3n MEN No. 011074 del 03 de junio&hellip;","protected":false},"author":1,"featured_media":0,"parent":0,"menu_order":0,"comment_status":"closed","ping_status":"closed","template":"","meta":{"_monsterinsights_skip_tracking":false,"_monsterinsights_sitenote_active":false,"_monsterinsights_sitenote_note":"","_monsterinsights_sitenote_category":0,"_uf_show_specific_survey":0,"_uf_disable_surveys":false,"footnotes":""},"class_list":["post-633","page","type-page","status-publish","hentry"],"aioseo_notices":[],"_links":{"self":[{"href":"https:\/\/www.utsvirtual.edu.co\/sitio\/wp-json\/wp\/v2\/pages\/633","targetHints":{"allow":["GET"]}}],"collection":[{"href":"https:\/\/www.utsvirtual.edu.co\/sitio\/wp-json\/wp\/v2\/pages"}],"about":[{"href":"https:\/\/www.utsvirtual.edu.co\/sitio\/wp-json\/wp\/v2\/types\/page"}],"author":[{"embeddable":true,"href":"https:\/\/www.utsvirtual.edu.co\/sitio\/wp-json\/wp\/v2\/users\/1"}],"replies":[{"embeddable":true,"href":"https:\/\/www.utsvirtual.edu.co\/sitio\/wp-json\/wp\/v2\/comments?post=633"}],"version-history":[{"count":48,"href":"https:\/\/www.utsvirtual.edu.co\/sitio\/wp-json\/wp\/v2\/pages\/633\/revisions"}],"predecessor-version":[{"id":17950,"href":"https:\/\/www.utsvirtual.edu.co\/sitio\/wp-json\/wp\/v2\/pages\/633\/revisions\/17950"}],"wp:attachment":[{"href":"https:\/\/www.utsvirtual.edu.co\/sitio\/wp-json\/wp\/v2\/media?parent=633"}],"curies":[{"name":"wp","href":"https:\/\/api.w.org\/{rel}","templated":true}]}}