{"id":7400,"date":"2019-07-24T21:08:33","date_gmt":"2019-07-24T21:08:33","guid":{"rendered":"https:\/\/www.utsvirtual.edu.co\/sitio\/?page_id=7400"},"modified":"2023-09-22T04:48:26","modified_gmt":"2023-09-22T04:48:26","slug":"citas","status":"publish","type":"page","link":"https:\/\/www.utsvirtual.edu.co\/sitio\/citas\/","title":{"rendered":"Citas"},"content":{"rendered":"<div class=\"wpb-content-wrapper\"><div class=\"vc_row wpb_row vc_row-fluid\"><div class=\"wpb_column vc_column_container vc_col-sm-12\"><div class=\"vc_column-inner\"><div class=\"wpb_wrapper\">\n\t<div  class=\"wpb_single_image wpb_content_element vc_align_center wpb_content_element\">\n\t\t\n\t\t<figure class=\"wpb_wrapper vc_figure\">\n\t\t\t<div class=\"vc_single_image-wrapper   vc_box_border_grey\"><img loading=\"lazy\" decoding=\"async\" width=\"1559\" height=\"620\" src=\"https:\/\/www.utsvirtual.edu.co\/sitio\/wp-content\/uploads\/2023\/09\/BANNER-CITAS-PSICOLOGICAS.jpg\" class=\"vc_single_image-img attachment-full\" alt=\"\" title=\"BANNER CITAS PSICOLOG\u00cdCAS\" srcset=\"https:\/\/www.utsvirtual.edu.co\/sitio\/wp-content\/uploads\/2023\/09\/BANNER-CITAS-PSICOLOGICAS.jpg 1559w, https:\/\/www.utsvirtual.edu.co\/sitio\/wp-content\/uploads\/2023\/09\/BANNER-CITAS-PSICOLOGICAS-300x119.jpg 300w, https:\/\/www.utsvirtual.edu.co\/sitio\/wp-content\/uploads\/2023\/09\/BANNER-CITAS-PSICOLOGICAS-1024x407.jpg 1024w, https:\/\/www.utsvirtual.edu.co\/sitio\/wp-content\/uploads\/2023\/09\/BANNER-CITAS-PSICOLOGICAS-150x60.jpg 150w, https:\/\/www.utsvirtual.edu.co\/sitio\/wp-content\/uploads\/2023\/09\/BANNER-CITAS-PSICOLOGICAS-768x305.jpg 768w, https:\/\/www.utsvirtual.edu.co\/sitio\/wp-content\/uploads\/2023\/09\/BANNER-CITAS-PSICOLOGICAS-1536x611.jpg 1536w\" sizes=\"auto, (max-width: 1559px) 100vw, 1559px\" \/><\/div>\n\t\t<\/figure>\n\t<\/div>\n<\/div><\/div><\/div><\/div><div class=\"vc_row wpb_row vc_row-fluid\"><div class=\"wpb_column vc_column_container vc_col-sm-6\"><div class=\"vc_column-inner\"><div class=\"wpb_wrapper\">\n\t<div class=\"wpb_text_column wpb_content_element\" >\n\t\t<div class=\"wpb_wrapper\">\n\t\t\t<h3 style=\"text-align: center;\"><span style=\"color: #008000;\">Citas de Asesor\u00eda<\/span><\/h3>\n\n\t\t<\/div>\n\t<\/div>\n<div class=\"vc_message_box vc_message_box-solid-icon vc_message_box-rounded vc_color-peacoc vc_do_message\" ><div class=\"vc_message_box-icon\"><i class=\"fa fa-calendar\"><\/i><\/div><p style=\"text-align: Justify;\"><span style=\"color: #000000;\">Seleccione el d\u00eda y luego la hora, adem\u00e1s de sus datos personales para que sea contactado para el proceso de asesor\u00eda, recuerde que debe ingresar su\u00a0<strong>correo institucional:<\/strong><\/span><\/p>\n<\/div>\n\t<div class=\"wpb_text_column wpb_content_element wpb_animate_when_almost_visible wpb_bounceIn bounceIn vc_custom_1589591616068\" >\n\t\t<div class=\"wpb_wrapper\">\n\t\t\t<h4 style=\"text-align: center;\">[booking]<\/h4>\n\n\t\t<\/div>\n\t<\/div>\n<\/div><\/div><\/div><div class=\"wpb_column vc_column_container vc_col-sm-6\"><div class=\"vc_column-inner\"><div class=\"wpb_wrapper\">\n\t<div class=\"wpb_text_column wpb_content_element\" >\n\t\t<div class=\"wpb_wrapper\">\n\t\t\t<h3 style=\"text-align: center;\"><span style=\"color: #ff6600;\">Tenga en cuenta la siguiente informaci\u00f3n\u00a0<\/span><\/h3>\n\n\t\t<\/div>\n\t<\/div>\n<div class=\"vc_message_box vc_message_box-solid-icon vc_message_box-rounded vc_color-orange vc_do_message\" ><div class=\"vc_message_box-icon\"><i class=\"fas fa-info\"><\/i><\/div><p style=\"text-align: justify;\"><span style=\"color: #000000;\">Recuerde que la cita deber\u00e1 ser aprobada por el profesional de la salud asignado, y usted ser\u00e1 notificado por el correo electr\u00f3nico suministrado.\u00a0<\/span><\/p>\n<\/div><div class=\"vc_message_box vc_message_box-standard vc_message_box-rounded vc_color-orange vc_do_message\" ><div class=\"vc_message_box-icon\"><i class=\"fa fa-solid fa-circle-info\"><\/i><\/div><p style=\"text-align: justify;\">En caso de no poder en los horarios dispuestos por favor escribir a <span style=\"color: #339966;\"><strong>asesoriapsicologica@correo.uts.edu.co<\/strong><\/span> para solicitar el acompa\u00f1amiento de acuerdo a la disponibilidad de las profesionales , enviar la informaci\u00f3n indicada en al aparato de <span style=\"color: #339966;\"><strong><a style=\"color: #339966;\" href=\"https:\/\/www.utsvirtual.edu.co\/sitio\/conexion-psicologia\/\">conexi\u00f3n psicolog\u00eda.<\/a><\/strong><\/span><\/p>\n<\/div>\n\t<div class=\"wpb_text_column wpb_content_element\" >\n\t\t<div class=\"wpb_wrapper\">\n\t\t\t<p><a href=\"https:\/\/www.utsvirtual.edu.co\/sitio\/wp-content\/uploads\/2023\/09\/IMAGEN-CITAS-DE-ASESORIA.jpg\"><img loading=\"lazy\" decoding=\"async\" class=\"alignnone size-large wp-image-16492\" src=\"https:\/\/www.utsvirtual.edu.co\/sitio\/wp-content\/uploads\/2023\/09\/IMAGEN-CITAS-DE-ASESORIA-686x1024.jpg\" alt=\"\" width=\"686\" height=\"1024\" srcset=\"https:\/\/www.utsvirtual.edu.co\/sitio\/wp-content\/uploads\/2023\/09\/IMAGEN-CITAS-DE-ASESORIA-686x1024.jpg 686w, https:\/\/www.utsvirtual.edu.co\/sitio\/wp-content\/uploads\/2023\/09\/IMAGEN-CITAS-DE-ASESORIA-201x300.jpg 201w, https:\/\/www.utsvirtual.edu.co\/sitio\/wp-content\/uploads\/2023\/09\/IMAGEN-CITAS-DE-ASESORIA-100x150.jpg 100w, https:\/\/www.utsvirtual.edu.co\/sitio\/wp-content\/uploads\/2023\/09\/IMAGEN-CITAS-DE-ASESORIA-768x1147.jpg 768w, https:\/\/www.utsvirtual.edu.co\/sitio\/wp-content\/uploads\/2023\/09\/IMAGEN-CITAS-DE-ASESORIA.jpg 925w\" sizes=\"auto, (max-width: 686px) 100vw, 686px\" \/><\/a><\/p>\n\n\t\t<\/div>\n\t<\/div>\n<\/div><\/div><\/div><\/div><div class=\"vc_row wpb_row vc_row-fluid\"><div class=\"wpb_column vc_column_container vc_col-sm-12\"><div class=\"vc_column-inner\"><div class=\"wpb_wrapper\"><\/div><\/div><\/div><\/div>\n<\/div>","protected":false},"excerpt":{"rendered":"Citas de Asesor\u00eda Seleccione el d\u00eda y luego la hora, adem\u00e1s de sus datos personales para que sea contactado para el proceso de asesor\u00eda, recuerde que debe ingresar su\u00a0correo institucional:&hellip;","protected":false},"author":4,"featured_media":0,"parent":0,"menu_order":0,"comment_status":"closed","ping_status":"closed","template":"","meta":{"_monsterinsights_skip_tracking":false,"_monsterinsights_sitenote_active":false,"_monsterinsights_sitenote_note":"","_monsterinsights_sitenote_category":0,"_uf_show_specific_survey":0,"_uf_disable_surveys":false,"footnotes":""},"class_list":["post-7400","page","type-page","status-publish","hentry"],"aioseo_notices":[],"_links":{"self":[{"href":"https:\/\/www.utsvirtual.edu.co\/sitio\/wp-json\/wp\/v2\/pages\/7400","targetHints":{"allow":["GET"]}}],"collection":[{"href":"https:\/\/www.utsvirtual.edu.co\/sitio\/wp-json\/wp\/v2\/pages"}],"about":[{"href":"https:\/\/www.utsvirtual.edu.co\/sitio\/wp-json\/wp\/v2\/types\/page"}],"author":[{"embeddable":true,"href":"https:\/\/www.utsvirtual.edu.co\/sitio\/wp-json\/wp\/v2\/users\/4"}],"replies":[{"embeddable":true,"href":"https:\/\/www.utsvirtual.edu.co\/sitio\/wp-json\/wp\/v2\/comments?post=7400"}],"version-history":[{"count":6,"href":"https:\/\/www.utsvirtual.edu.co\/sitio\/wp-json\/wp\/v2\/pages\/7400\/revisions"}],"predecessor-version":[{"id":16494,"href":"https:\/\/www.utsvirtual.edu.co\/sitio\/wp-json\/wp\/v2\/pages\/7400\/revisions\/16494"}],"wp:attachment":[{"href":"https:\/\/www.utsvirtual.edu.co\/sitio\/wp-json\/wp\/v2\/media?parent=7400"}],"curies":[{"name":"wp","href":"https:\/\/api.w.org\/{rel}","templated":true}]}}