{"id":744,"date":"2018-08-29T21:33:42","date_gmt":"2018-08-29T21:33:42","guid":{"rendered":"https:\/\/www.utsvirtual.edu.co\/sitio\/?page_id=744"},"modified":"2023-09-18T06:05:56","modified_gmt":"2023-09-18T06:05:56","slug":"direccion","status":"publish","type":"page","link":"https:\/\/www.utsvirtual.edu.co\/sitio\/direccion\/","title":{"rendered":"Direcci\u00f3n"},"content":{"rendered":"<div class=\"wpb-content-wrapper\"><div class=\"vc_row wpb_row vc_row-fluid\"><div class=\"wpb_column vc_column_container vc_col-sm-3\"><div class=\"vc_column-inner\"><div class=\"wpb_wrapper\"><div  class=\"vc_wp_custommenu wpb_content_element\"><div class=\"widget widget_nav_menu\"><div class=\"menu-institucion-container\"><ul id=\"menu-institucion\" class=\"menu\"><li id=\"menu-item-727\" class=\"menu-item menu-item-type-post_type menu-item-object-page menu-item-727\"><a href=\"https:\/\/www.utsvirtual.edu.co\/sitio\/nosotros\/\">Instituci\u00f3n<\/a><\/li>\n<li id=\"menu-item-801\" class=\"menu-item menu-item-type-post_type menu-item-object-page menu-item-801\"><a href=\"https:\/\/www.utsvirtual.edu.co\/sitio\/mision-vision-y-principios\/\">Misi\u00f3n, Visi\u00f3n y Principios<\/a><\/li>\n<li id=\"menu-item-752\" class=\"menu-item menu-item-type-post_type menu-item-object-page menu-item-752\"><a href=\"https:\/\/www.utsvirtual.edu.co\/sitio\/direccion\/\">Direcci\u00f3n<\/a><\/li>\n<li id=\"menu-item-764\" class=\"menu-item menu-item-type-post_type menu-item-object-page menu-item-764\"><a href=\"https:\/\/www.utsvirtual.edu.co\/sitio\/historia-de-las-uts\/\">Historia de las UTS<\/a><\/li>\n<li id=\"menu-item-776\" class=\"menu-item menu-item-type-post_type menu-item-object-page menu-item-776\"><a href=\"https:\/\/www.utsvirtual.edu.co\/sitio\/consejo-directivo-y-academico\/\">Consejo Directivo y Acad\u00e9mico<\/a><\/li>\n<li id=\"menu-item-783\" class=\"menu-item menu-item-type-post_type menu-item-object-page menu-item-783\"><a href=\"https:\/\/www.utsvirtual.edu.co\/sitio\/estructura-organizacional\/\">Estructura Organizacional<\/a><\/li>\n<li id=\"menu-item-728\" class=\"menu-item menu-item-type-post_type menu-item-object-page menu-item-728\"><a href=\"https:\/\/www.utsvirtual.edu.co\/sitio\/programas\/\">Programas<\/a><\/li>\n<\/ul><\/div><\/div><\/div><\/div><\/div><\/div><div class=\"wpb_column vc_column_container vc_col-sm-9\"><div class=\"vc_column-inner\"><div class=\"wpb_wrapper\">\n\t<div  class=\"wpb_single_image wpb_content_element vc_align_center wpb_content_element\">\n\t\t\n\t\t<figure class=\"wpb_wrapper vc_figure\">\n\t\t\t<div class=\"vc_single_image-wrapper   vc_box_border_grey\"><img loading=\"lazy\" decoding=\"async\" width=\"1600\" height=\"625\" src=\"https:\/\/www.utsvirtual.edu.co\/sitio\/wp-content\/uploads\/2023\/09\/4-Nosotros-Direccion-100.jpg\" class=\"vc_single_image-img attachment-full\" alt=\"\" title=\"4 Nosotros - Direcci\u00f3n-100\" srcset=\"https:\/\/www.utsvirtual.edu.co\/sitio\/wp-content\/uploads\/2023\/09\/4-Nosotros-Direccion-100.jpg 1600w, https:\/\/www.utsvirtual.edu.co\/sitio\/wp-content\/uploads\/2023\/09\/4-Nosotros-Direccion-100-300x117.jpg 300w, https:\/\/www.utsvirtual.edu.co\/sitio\/wp-content\/uploads\/2023\/09\/4-Nosotros-Direccion-100-1024x400.jpg 1024w, https:\/\/www.utsvirtual.edu.co\/sitio\/wp-content\/uploads\/2023\/09\/4-Nosotros-Direccion-100-150x59.jpg 150w, https:\/\/www.utsvirtual.edu.co\/sitio\/wp-content\/uploads\/2023\/09\/4-Nosotros-Direccion-100-768x300.jpg 768w, https:\/\/www.utsvirtual.edu.co\/sitio\/wp-content\/uploads\/2023\/09\/4-Nosotros-Direccion-100-1536x600.jpg 1536w\" sizes=\"auto, (max-width: 1600px) 100vw, 1600px\" \/><\/div>\n\t\t<\/figure>\n\t<\/div>\n<div class=\"vc_row wpb_row vc_inner vc_row-fluid\"><div class=\"wpb_column vc_column_container vc_col-sm-6\"><div class=\"vc_column-inner\"><div class=\"wpb_wrapper\">\n\t<div  class=\"wpb_single_image wpb_content_element vc_align_center wpb_content_element vc_custom_1588889449906\">\n\t\t\n\t\t<figure class=\"wpb_wrapper vc_figure\">\n\t\t\t<div class=\"vc_single_image-wrapper   vc_box_border_grey\"><img loading=\"lazy\" decoding=\"async\" width=\"800\" height=\"600\" src=\"https:\/\/www.utsvirtual.edu.co\/sitio\/wp-content\/uploads\/2020\/05\/omar_lengerke-800x600.jpg\" class=\"vc_single_image-img attachment-full\" alt=\"\" title=\"omar_lengerke-800x600\" srcset=\"https:\/\/www.utsvirtual.edu.co\/sitio\/wp-content\/uploads\/2020\/05\/omar_lengerke-800x600.jpg 800w, https:\/\/www.utsvirtual.edu.co\/sitio\/wp-content\/uploads\/2020\/05\/omar_lengerke-800x600-300x225.jpg 300w, https:\/\/www.utsvirtual.edu.co\/sitio\/wp-content\/uploads\/2020\/05\/omar_lengerke-800x600-768x576.jpg 768w\" sizes=\"auto, (max-width: 800px) 100vw, 800px\" \/><\/div>\n\t\t<\/figure>\n\t<\/div>\n<\/div><\/div><\/div><div class=\"wpb_column vc_column_container vc_col-sm-6\"><div class=\"vc_column-inner\"><div class=\"wpb_wrapper\">\n\t<div class=\"wpb_text_column wpb_content_element\" >\n\t\t<div class=\"wpb_wrapper\">\n\t\t\t<h3 class=\"vc_custom_heading vc_custom_1566892271294\"><span style=\"color: #339966;\">Nuestro Rector<\/span><\/h3>\n<p style=\"text-align: justify;\">Omar Lengerke P\u00e9rez, es natural de Socorro, Santander. Es ingeniero en Sistemas Computacionales de la Universidad Aut\u00f3noma de Bucaramanga, con Maestr\u00eda del Instituto Tecnol\u00f3gico y de Estudios Superiores de Monterrey \u2013 M\u00e9xico. Realiz\u00f3 sus estudios de Doctorado en la Universidade\u00a0\u00a0Federal do Rio de Jainero y tiene Posdoctorado de la misma instituci\u00f3n brasile\u00f1a.<\/p>\n\n\t\t<\/div>\n\t<\/div>\n<div class=\"vc_separator wpb_content_element vc_separator_align_center vc_sep_width_100 vc_sep_pos_align_center vc_separator_no_text vc_sep_color_green wpb_content_element  wpb_content_element\" ><span class=\"vc_sep_holder vc_sep_holder_l\"><span class=\"vc_sep_line\"><\/span><\/span><span class=\"vc_sep_holder vc_sep_holder_r\"><span class=\"vc_sep_line\"><\/span><\/span>\n<\/div><div class=\"vc_message_box vc_message_box-solid-icon vc_message_box-rounded vc_color-grey vc_do_message\" ><div class=\"vc_message_box-icon\"><i class=\"fa fa-envelope\"><\/i><\/div><p><strong>Correo electr\u00f3nico: <\/strong>rectoria@correo.uts.edu.co<\/p>\n<\/div><\/div><\/div><\/div><\/div>\n\t<div class=\"wpb_text_column wpb_content_element\" >\n\t\t<div class=\"wpb_wrapper\">\n\t\t\t<p class=\"titulo-siderbar-managers\" style=\"text-align: justify;\">&#8220;Ha sido Gobernador encargado de Santander y se desempe\u00f1\u00f3 como Secretario de las Tic en la Administraci\u00f3n Departamental, siendo el primer funcionario en el pa\u00eds nombrado para este cargo, donde se destac\u00f3, entre otros logros, por haber conectado los 87 municipios santandereanos a trav\u00e9s de la fibra \u00f3<span style=\"text-align: justify; font-size: 16px;\">ptica.<\/span><\/p>\n<p class=\"titulo-siderbar-managers\" style=\"text-align: justify;\"><span style=\"text-align: justify;\">Ha sido docente e investigador en Ingenier\u00eda y Tecnolog\u00eda; Ingenier\u00eda El\u00e9ctrica, Electr\u00f3nica e Inform\u00e1tica. Sus l\u00edneas de investigaci\u00f3n est\u00e1n direccionadas a\u00a0\u00a0Proyectos Mecatr\u00f3nicos, Sistemas Flexibles de Manufactura; Rob\u00f3tica; Control y Automatizaci\u00f3n Industrial; Dise\u00f1o y Desarrollo de Equipo Biom\u00e9dico; Telemedicina; Sistemas Offshore y Dise\u00f1o Mecatr\u00f3nico.<\/span><\/p>\n<p class=\"titulo-siderbar-managers\" style=\"text-align: justify;\"><span style=\"text-align: justify;\">Entre las distinciones que ha recibido se destacan la Menci\u00f3n Cum Laude, por excelente promedio en sus estudios de pregrado; Bolsista CNPq &#8211; Brasil, Conselho Nacional de Desenvolvimiento Cient\u00edfico e Tecnol\u00f3gico; Teacher Assistant, ITESM &#8211; Campus Estado de M\u00e9xico; nombramiento como Integrante del grupo de Peritos para el \u00e1rea de automatizaci\u00f3n Industrial, C\u00e1mara de Comercio de Bucaramanga; nombramiento como Coordinador Nacional de las Pruebas ECAES 2005 para T\u00e9cnicos Profesionales y Tecn\u00f3logos en Sistemas y Afines, ACIET \u2013 ICFES.<\/span><\/p>\n<p class=\"titulo-siderbar-managers\" style=\"text-align: justify;\"><span style=\"text-align: left;\">Adem\u00e1s ha sido jurado de comit\u00e9s de evaluaci\u00f3n; se ha desempe\u00f1ado como par evaluador y ha participado en eventos cient\u00edficos como conferencista invitado, ponente u organizador.\u00a0Cuenta con una amplia publicaci\u00f3n de art\u00edculos especializados y participado en la producci\u00f3n de\u00a0\u00a0libros.<\/span><\/p>\n\n\t\t<\/div>\n\t<\/div>\n<\/div><\/div><\/div><\/div><div class=\"vc_row wpb_row vc_row-fluid\"><div class=\"wpb_column vc_column_container vc_col-sm-12\"><div class=\"vc_column-inner\"><div class=\"wpb_wrapper\">\n\t<div class=\"wpb_text_column wpb_content_element\" >\n\t\t<div class=\"wpb_wrapper\">\n\t\t\t\n\t\t<\/div>\n\t<\/div>\n<\/div><\/div><\/div><\/div>\n<\/div>","protected":false},"excerpt":{"rendered":"Instituci\u00f3n Misi\u00f3n, Visi\u00f3n y Principios Direcci\u00f3n Historia de las UTS Consejo Directivo y Acad\u00e9mico Estructura Organizacional Programas Nuestro Rector Omar Lengerke P\u00e9rez, es natural de Socorro, Santander. Es ingeniero en&hellip;","protected":false},"author":1,"featured_media":0,"parent":0,"menu_order":0,"comment_status":"closed","ping_status":"closed","template":"","meta":{"_monsterinsights_skip_tracking":false,"_monsterinsights_sitenote_active":false,"_monsterinsights_sitenote_note":"","_monsterinsights_sitenote_category":0,"_uf_show_specific_survey":0,"_uf_disable_surveys":false,"footnotes":""},"class_list":["post-744","page","type-page","status-publish","hentry"],"aioseo_notices":[],"_links":{"self":[{"href":"https:\/\/www.utsvirtual.edu.co\/sitio\/wp-json\/wp\/v2\/pages\/744","targetHints":{"allow":["GET"]}}],"collection":[{"href":"https:\/\/www.utsvirtual.edu.co\/sitio\/wp-json\/wp\/v2\/pages"}],"about":[{"href":"https:\/\/www.utsvirtual.edu.co\/sitio\/wp-json\/wp\/v2\/types\/page"}],"author":[{"embeddable":true,"href":"https:\/\/www.utsvirtual.edu.co\/sitio\/wp-json\/wp\/v2\/users\/1"}],"replies":[{"embeddable":true,"href":"https:\/\/www.utsvirtual.edu.co\/sitio\/wp-json\/wp\/v2\/comments?post=744"}],"version-history":[{"count":2,"href":"https:\/\/www.utsvirtual.edu.co\/sitio\/wp-json\/wp\/v2\/pages\/744\/revisions"}],"predecessor-version":[{"id":16388,"href":"https:\/\/www.utsvirtual.edu.co\/sitio\/wp-json\/wp\/v2\/pages\/744\/revisions\/16388"}],"wp:attachment":[{"href":"https:\/\/www.utsvirtual.edu.co\/sitio\/wp-json\/wp\/v2\/media?parent=744"}],"curies":[{"name":"wp","href":"https:\/\/api.w.org\/{rel}","templated":true}]}}