{"id":758,"date":"2018-08-29T21:56:25","date_gmt":"2018-08-29T21:56:25","guid":{"rendered":"https:\/\/www.utsvirtual.edu.co\/sitio\/?page_id=758"},"modified":"2023-09-18T06:10:19","modified_gmt":"2023-09-18T06:10:19","slug":"historia-de-las-uts","status":"publish","type":"page","link":"https:\/\/www.utsvirtual.edu.co\/sitio\/historia-de-las-uts\/","title":{"rendered":"Historia de las UTS"},"content":{"rendered":"<div class=\"wpb-content-wrapper\"><div class=\"vc_row wpb_row vc_row-fluid\"><div class=\"wpb_column vc_column_container vc_col-sm-3\"><div class=\"vc_column-inner\"><div class=\"wpb_wrapper\"><div  class=\"vc_wp_custommenu wpb_content_element\"><div class=\"widget widget_nav_menu\"><div class=\"menu-institucion-container\"><ul id=\"menu-institucion\" class=\"menu\"><li id=\"menu-item-727\" class=\"menu-item menu-item-type-post_type menu-item-object-page menu-item-727\"><a href=\"https:\/\/www.utsvirtual.edu.co\/sitio\/nosotros\/\">Instituci\u00f3n<\/a><\/li>\n<li id=\"menu-item-801\" class=\"menu-item menu-item-type-post_type menu-item-object-page menu-item-801\"><a href=\"https:\/\/www.utsvirtual.edu.co\/sitio\/mision-vision-y-principios\/\">Misi\u00f3n, Visi\u00f3n y Principios<\/a><\/li>\n<li id=\"menu-item-752\" class=\"menu-item menu-item-type-post_type menu-item-object-page menu-item-752\"><a href=\"https:\/\/www.utsvirtual.edu.co\/sitio\/direccion\/\">Direcci\u00f3n<\/a><\/li>\n<li id=\"menu-item-764\" class=\"menu-item menu-item-type-post_type menu-item-object-page menu-item-764\"><a href=\"https:\/\/www.utsvirtual.edu.co\/sitio\/historia-de-las-uts\/\">Historia de las UTS<\/a><\/li>\n<li id=\"menu-item-776\" class=\"menu-item menu-item-type-post_type menu-item-object-page menu-item-776\"><a href=\"https:\/\/www.utsvirtual.edu.co\/sitio\/consejo-directivo-y-academico\/\">Consejo Directivo y Acad\u00e9mico<\/a><\/li>\n<li id=\"menu-item-783\" class=\"menu-item menu-item-type-post_type menu-item-object-page menu-item-783\"><a href=\"https:\/\/www.utsvirtual.edu.co\/sitio\/estructura-organizacional\/\">Estructura Organizacional<\/a><\/li>\n<li id=\"menu-item-728\" class=\"menu-item menu-item-type-post_type menu-item-object-page menu-item-728\"><a href=\"https:\/\/www.utsvirtual.edu.co\/sitio\/programas\/\">Programas<\/a><\/li>\n<\/ul><\/div><\/div><\/div><\/div><\/div><\/div><div class=\"wpb_column vc_column_container vc_col-sm-9\"><div class=\"vc_column-inner\"><div class=\"wpb_wrapper\">\n\t<div class=\"wpb_text_column wpb_content_element\" >\n\t\t<div class=\"wpb_wrapper\">\n\t\t\t<h3 class=\"titulo-siderbar\"><span style=\"color: #008000;\"><strong>Historia<\/strong><\/span><\/h3>\n<h3 class=\"titulo-siderbar\"><span style=\"color: #008000;\"><strong><a href=\"https:\/\/www.utsvirtual.edu.co\/sitio\/wp-content\/uploads\/2023\/09\/5-Nosotros-Historia-de-las-UTS-100.jpg\"><img loading=\"lazy\" decoding=\"async\" class=\"alignnone size-large wp-image-16389\" src=\"https:\/\/www.utsvirtual.edu.co\/sitio\/wp-content\/uploads\/2023\/09\/5-Nosotros-Historia-de-las-UTS-100-1024x400.jpg\" alt=\"\" width=\"1024\" height=\"400\" srcset=\"https:\/\/www.utsvirtual.edu.co\/sitio\/wp-content\/uploads\/2023\/09\/5-Nosotros-Historia-de-las-UTS-100-1024x400.jpg 1024w, https:\/\/www.utsvirtual.edu.co\/sitio\/wp-content\/uploads\/2023\/09\/5-Nosotros-Historia-de-las-UTS-100-300x117.jpg 300w, https:\/\/www.utsvirtual.edu.co\/sitio\/wp-content\/uploads\/2023\/09\/5-Nosotros-Historia-de-las-UTS-100-150x59.jpg 150w, https:\/\/www.utsvirtual.edu.co\/sitio\/wp-content\/uploads\/2023\/09\/5-Nosotros-Historia-de-las-UTS-100-768x300.jpg 768w, https:\/\/www.utsvirtual.edu.co\/sitio\/wp-content\/uploads\/2023\/09\/5-Nosotros-Historia-de-las-UTS-100-1536x600.jpg 1536w, https:\/\/www.utsvirtual.edu.co\/sitio\/wp-content\/uploads\/2023\/09\/5-Nosotros-Historia-de-las-UTS-100.jpg 1600w\" sizes=\"auto, (max-width: 1024px) 100vw, 1024px\" \/><\/a><\/strong><\/span><\/h3>\n<div class=\"parrafo-siderbar\">\n<p style=\"text-align: justify;\">Las Unidades Tecnol\u00f3gicas de Santander nacieron el 23 de diciembre de 1963, bajo el nombre de Instituto Tecnol\u00f3gico Santandereano, mediante la ordenanza departamental n\u00famero 90. Al siguiente a\u00f1o (1964), se protocoliz\u00f3 el estudio en las facultades intermedias de Electr\u00f3nica, Instrumetaci\u00f3n, Termotecnia y Topograf\u00eda.<\/p>\n<p style=\"text-align: justify;\">Dos a\u00f1os despu\u00e9s, en 1966, el Ministerio de Educaci\u00f3n Nacional aprob\u00f3 los programas ofertados y el otorgamiento del t\u00edtulo de Auxiliares en Ingenier\u00eda. Entre 1968 y 1973 funcion\u00f3 el convenio de integraci\u00f3n acad\u00e9mica entre la Universidad Industrial de Santander, la Fundaci\u00f3n Universidad de Pamplona y el Instituto Tecnol\u00f3gico Santandereano.<\/p>\n<p style=\"text-align: justify;\">Al inicio de la d\u00e9cada de los 80, se reglamentaron las carreras tecnol\u00f3gicas apart\u00e1ndolas de la formaci\u00f3n intermedia profesional. En 1981, la Asamblea de Santander orden\u00f3 la separaci\u00f3n del Instituto Tecnol\u00f3gico Santandereano y del Instituto Superior D\u00e1maso Zapata. El nombre de Unidades Tecnol\u00f3gicas de Santander, UTS, fue oficializado en 1986.<\/p>\n<p style=\"text-align: justify;\">A partir del a\u00f1o 1992, la instituci\u00f3n ofert\u00f3 programas de especializaci\u00f3n tecnol\u00f3gica, el primero fue en Equipo Electrom\u00e9dico. En 1997, las Unidades Tecnol\u00f3gicas de Santander inauguran la actual sede ubicada en la Ciudadela Real de Minas.<\/p>\n<p style=\"text-align: justify;\">Antes de finalizar el milenio, en 1999, las UTS sufren la peor crisis de su historia. El Ministerio de Hacienda contempl\u00f3 el cierre de la instituci\u00f3n porque no era viable financieramente por su alto grado de dependencia de los recursos departamentales. No obstante, en el 2000 se plante\u00f3 la apertura de nuevos programas y el aumento de cupos, en cada uno de ellos, como estrategia para evitar la clausura.<\/p>\n<p style=\"text-align: justify;\">Desde el a\u00f1o 2007, el Ministerio de Educaci\u00f3n Nacional permiti\u00f3 ofrecer programas universitarios mediante la modalidad de ciclos proped\u00e9uticos. En el 2008 se ofertan programas universitarios propios, ese mismo a\u00f1o se ofrecen programas tecnol\u00f3gicos en San Gil y V\u00e9lez y en el 2010 en Barrancabermeja.<\/p>\n<p style=\"text-align: justify;\">El 2012 fue clave para la historia de las UTS. La instituci\u00f3n empez\u00f3 los procesos para ofertar los programas de Tecnolog\u00eda en Desarrollo de Sistemas Inform\u00e1ticos, Ingenier\u00eda en Sistemas, Ingenier\u00eda Ambiental y la Profesional en Deportes. De igual manera, se trabaja para abrir las Tecnolog\u00edas en Petr\u00f3leo y Gas, Miner\u00eda y Turismo Biling\u00fce. Tambi\u00e9n, se propone ampliar la planta f\u00edsica de 16 mil a m\u00e1s de 38 mil metros cuadrados.<\/p>\n<p style=\"text-align: justify;\"><a href=\"http:\/\/www.uts.edu.co\/sitio\/wp-content\/uploads\/2019\/09\/historia_uts.pdf\" target=\"_blank\" rel=\"noopener noreferrer\"><strong><span style=\"color: #008000;\">Leer mas acerca de la historia de las UTS<\/span><\/strong><\/a><\/p>\n<\/div>\n\n\t\t<\/div>\n\t<\/div>\n<\/div><\/div><\/div><\/div>\n<\/div>","protected":false},"excerpt":{"rendered":"Instituci\u00f3n Misi\u00f3n, Visi\u00f3n y Principios Direcci\u00f3n Historia de las UTS Consejo Directivo y Acad\u00e9mico Estructura Organizacional Programas Historia Las Unidades Tecnol\u00f3gicas de Santander nacieron el 23 de diciembre de 1963,&hellip;","protected":false},"author":1,"featured_media":0,"parent":0,"menu_order":0,"comment_status":"closed","ping_status":"closed","template":"","meta":{"_monsterinsights_skip_tracking":false,"_monsterinsights_sitenote_active":false,"_monsterinsights_sitenote_note":"","_monsterinsights_sitenote_category":0,"_uf_show_specific_survey":0,"_uf_disable_surveys":false,"footnotes":""},"class_list":["post-758","page","type-page","status-publish","hentry"],"aioseo_notices":[],"_links":{"self":[{"href":"https:\/\/www.utsvirtual.edu.co\/sitio\/wp-json\/wp\/v2\/pages\/758","targetHints":{"allow":["GET"]}}],"collection":[{"href":"https:\/\/www.utsvirtual.edu.co\/sitio\/wp-json\/wp\/v2\/pages"}],"about":[{"href":"https:\/\/www.utsvirtual.edu.co\/sitio\/wp-json\/wp\/v2\/types\/page"}],"author":[{"embeddable":true,"href":"https:\/\/www.utsvirtual.edu.co\/sitio\/wp-json\/wp\/v2\/users\/1"}],"replies":[{"embeddable":true,"href":"https:\/\/www.utsvirtual.edu.co\/sitio\/wp-json\/wp\/v2\/comments?post=758"}],"version-history":[{"count":3,"href":"https:\/\/www.utsvirtual.edu.co\/sitio\/wp-json\/wp\/v2\/pages\/758\/revisions"}],"predecessor-version":[{"id":16391,"href":"https:\/\/www.utsvirtual.edu.co\/sitio\/wp-json\/wp\/v2\/pages\/758\/revisions\/16391"}],"wp:attachment":[{"href":"https:\/\/www.utsvirtual.edu.co\/sitio\/wp-json\/wp\/v2\/media?parent=758"}],"curies":[{"name":"wp","href":"https:\/\/api.w.org\/{rel}","templated":true}]}}