{"id":7766,"date":"2019-08-30T17:01:05","date_gmt":"2019-08-30T17:01:05","guid":{"rendered":"https:\/\/www.utsvirtual.edu.co\/sitio\/?page_id=7766"},"modified":"2023-09-18T06:26:13","modified_gmt":"2023-09-18T06:26:13","slug":"cultura-antiplagio-en-las-unidades-tecnologicas-de-santander","status":"publish","type":"page","link":"https:\/\/www.utsvirtual.edu.co\/sitio\/cultura-antiplagio-en-las-unidades-tecnologicas-de-santander\/","title":{"rendered":"Cultura Antiplagio en las Unidades Tecnol\u00f3gicas de Santander"},"content":{"rendered":"<p><a href=\"https:\/\/www.utsvirtual.edu.co\/sitio\/wp-content\/uploads\/2023\/09\/8-Cultura-antiplagio-de-las-UTS-100.jpg\"><img fetchpriority=\"high\" decoding=\"async\" class=\"size-large wp-image-16403 aligncenter\" src=\"https:\/\/www.utsvirtual.edu.co\/sitio\/wp-content\/uploads\/2023\/09\/8-Cultura-antiplagio-de-las-UTS-100-1024x400.jpg\" alt=\"\" width=\"1024\" height=\"400\" srcset=\"https:\/\/www.utsvirtual.edu.co\/sitio\/wp-content\/uploads\/2023\/09\/8-Cultura-antiplagio-de-las-UTS-100-1024x400.jpg 1024w, https:\/\/www.utsvirtual.edu.co\/sitio\/wp-content\/uploads\/2023\/09\/8-Cultura-antiplagio-de-las-UTS-100-300x117.jpg 300w, https:\/\/www.utsvirtual.edu.co\/sitio\/wp-content\/uploads\/2023\/09\/8-Cultura-antiplagio-de-las-UTS-100-150x59.jpg 150w, https:\/\/www.utsvirtual.edu.co\/sitio\/wp-content\/uploads\/2023\/09\/8-Cultura-antiplagio-de-las-UTS-100-768x300.jpg 768w, https:\/\/www.utsvirtual.edu.co\/sitio\/wp-content\/uploads\/2023\/09\/8-Cultura-antiplagio-de-las-UTS-100-1536x600.jpg 1536w, https:\/\/www.utsvirtual.edu.co\/sitio\/wp-content\/uploads\/2023\/09\/8-Cultura-antiplagio-de-las-UTS-100.jpg 1600w\" sizes=\"(max-width: 1024px) 100vw, 1024px\" \/><\/a><br \/>\n<iframe id=\"pdf\" src=\"https:\/\/www.utsvirtual.edu.co\/sitio\/wp-content\/uploads\/2019\/08\/R-SS-10-Circular-CULTURA-ANTIPLAGIO-.pdf#zoom=100&amp;view=fitH\" width=\"100%\" height=\"550\" frameborder=\"0\" marginwidth=\"0\" marginheight=\"0\"><span data-mce-type=\"bookmark\" style=\"display: inline-block; width: 0px; overflow: hidden; line-height: 0;\" class=\"mce_SELRES_start\">\ufeff<\/span><\/iframe><br \/>\nDescargar\u00a0 la Conceptualizaci\u00f3n jur\u00eddica del plagio en Colombia <a href=\"http:\/\/www.scielo.org.co\/pdf\/rcci\/v29n2\/v29n2a2.pdf\">Aqu\u00ed<\/a><\/p>\n<p>&nbsp;<\/p>\n<p>&nbsp;<\/p>\n","protected":false},"excerpt":{"rendered":"<p>\ufeff Descargar\u00a0 la Conceptualizaci\u00f3n jur\u00eddica del plagio en Colombia Aqu\u00ed &nbsp; &nbsp;<\/p>\n","protected":false},"author":4,"featured_media":0,"parent":0,"menu_order":0,"comment_status":"closed","ping_status":"closed","template":"","meta":{"_monsterinsights_skip_tracking":false,"_monsterinsights_sitenote_active":false,"_monsterinsights_sitenote_note":"","_monsterinsights_sitenote_category":0,"_uf_show_specific_survey":0,"_uf_disable_surveys":false,"footnotes":""},"class_list":["post-7766","page","type-page","status-publish","hentry"],"aioseo_notices":[],"_links":{"self":[{"href":"https:\/\/www.utsvirtual.edu.co\/sitio\/wp-json\/wp\/v2\/pages\/7766","targetHints":{"allow":["GET"]}}],"collection":[{"href":"https:\/\/www.utsvirtual.edu.co\/sitio\/wp-json\/wp\/v2\/pages"}],"about":[{"href":"https:\/\/www.utsvirtual.edu.co\/sitio\/wp-json\/wp\/v2\/types\/page"}],"author":[{"embeddable":true,"href":"https:\/\/www.utsvirtual.edu.co\/sitio\/wp-json\/wp\/v2\/users\/4"}],"replies":[{"embeddable":true,"href":"https:\/\/www.utsvirtual.edu.co\/sitio\/wp-json\/wp\/v2\/comments?post=7766"}],"version-history":[{"count":2,"href":"https:\/\/www.utsvirtual.edu.co\/sitio\/wp-json\/wp\/v2\/pages\/7766\/revisions"}],"predecessor-version":[{"id":16404,"href":"https:\/\/www.utsvirtual.edu.co\/sitio\/wp-json\/wp\/v2\/pages\/7766\/revisions\/16404"}],"wp:attachment":[{"href":"https:\/\/www.utsvirtual.edu.co\/sitio\/wp-json\/wp\/v2\/media?parent=7766"}],"curies":[{"name":"wp","href":"https:\/\/api.w.org\/{rel}","templated":true}]}}