{"id":779,"date":"2018-08-29T22:38:51","date_gmt":"2018-08-29T22:38:51","guid":{"rendered":"https:\/\/www.utsvirtual.edu.co\/sitio\/?page_id=779"},"modified":"2023-09-25T22:17:52","modified_gmt":"2023-09-25T22:17:52","slug":"estructura-organizacional","status":"publish","type":"page","link":"https:\/\/www.utsvirtual.edu.co\/sitio\/estructura-organizacional\/","title":{"rendered":"Estructura Organizacional"},"content":{"rendered":"<div class=\"wpb-content-wrapper\"><div class=\"vc_row wpb_row vc_row-fluid\"><div class=\"wpb_column vc_column_container vc_col-sm-3\"><div class=\"vc_column-inner\"><div class=\"wpb_wrapper\"><div  class=\"vc_wp_custommenu wpb_content_element\"><div class=\"widget widget_nav_menu\"><div class=\"menu-institucion-container\"><ul id=\"menu-institucion\" class=\"menu\"><li id=\"menu-item-727\" class=\"menu-item menu-item-type-post_type menu-item-object-page menu-item-727\"><a href=\"https:\/\/www.utsvirtual.edu.co\/sitio\/nosotros\/\">Instituci\u00f3n<\/a><\/li>\n<li id=\"menu-item-801\" class=\"menu-item menu-item-type-post_type menu-item-object-page menu-item-801\"><a href=\"https:\/\/www.utsvirtual.edu.co\/sitio\/mision-vision-y-principios\/\">Misi\u00f3n, Visi\u00f3n y Principios<\/a><\/li>\n<li id=\"menu-item-752\" class=\"menu-item menu-item-type-post_type menu-item-object-page menu-item-752\"><a href=\"https:\/\/www.utsvirtual.edu.co\/sitio\/direccion\/\">Direcci\u00f3n<\/a><\/li>\n<li id=\"menu-item-764\" class=\"menu-item menu-item-type-post_type menu-item-object-page menu-item-764\"><a href=\"https:\/\/www.utsvirtual.edu.co\/sitio\/historia-de-las-uts\/\">Historia de las UTS<\/a><\/li>\n<li id=\"menu-item-776\" class=\"menu-item menu-item-type-post_type menu-item-object-page menu-item-776\"><a href=\"https:\/\/www.utsvirtual.edu.co\/sitio\/consejo-directivo-y-academico\/\">Consejo Directivo y Acad\u00e9mico<\/a><\/li>\n<li id=\"menu-item-783\" class=\"menu-item menu-item-type-post_type menu-item-object-page menu-item-783\"><a href=\"https:\/\/www.utsvirtual.edu.co\/sitio\/estructura-organizacional\/\">Estructura Organizacional<\/a><\/li>\n<li id=\"menu-item-728\" class=\"menu-item menu-item-type-post_type menu-item-object-page menu-item-728\"><a href=\"https:\/\/www.utsvirtual.edu.co\/sitio\/programas\/\">Programas<\/a><\/li>\n<\/ul><\/div><\/div><\/div><\/div><\/div><\/div><div class=\"wpb_column vc_column_container vc_col-sm-9\"><div class=\"vc_column-inner\"><div class=\"wpb_wrapper\">\n\t<div  class=\"wpb_single_image wpb_content_element vc_align_left wpb_content_element\">\n\t\t\n\t\t<figure class=\"wpb_wrapper vc_figure\">\n\t\t\t<div class=\"vc_single_image-wrapper   vc_box_border_grey\"><img fetchpriority=\"high\" decoding=\"async\" width=\"1600\" height=\"625\" src=\"https:\/\/www.utsvirtual.edu.co\/sitio\/wp-content\/uploads\/2023\/09\/1-Nosotros-Estructura-Organizacional-100.jpg\" class=\"vc_single_image-img attachment-full\" alt=\"\" title=\"1 Nosotros - Estructura Organizacional-100\" srcset=\"https:\/\/www.utsvirtual.edu.co\/sitio\/wp-content\/uploads\/2023\/09\/1-Nosotros-Estructura-Organizacional-100.jpg 1600w, https:\/\/www.utsvirtual.edu.co\/sitio\/wp-content\/uploads\/2023\/09\/1-Nosotros-Estructura-Organizacional-100-300x117.jpg 300w, https:\/\/www.utsvirtual.edu.co\/sitio\/wp-content\/uploads\/2023\/09\/1-Nosotros-Estructura-Organizacional-100-1024x400.jpg 1024w, https:\/\/www.utsvirtual.edu.co\/sitio\/wp-content\/uploads\/2023\/09\/1-Nosotros-Estructura-Organizacional-100-150x59.jpg 150w, https:\/\/www.utsvirtual.edu.co\/sitio\/wp-content\/uploads\/2023\/09\/1-Nosotros-Estructura-Organizacional-100-768x300.jpg 768w, https:\/\/www.utsvirtual.edu.co\/sitio\/wp-content\/uploads\/2023\/09\/1-Nosotros-Estructura-Organizacional-100-1536x600.jpg 1536w\" sizes=\"(max-width: 1600px) 100vw, 1600px\" \/><\/div>\n\t\t<\/figure>\n\t<\/div>\n\n\t<div  class=\"wpb_single_image wpb_content_element vc_align_center wpb_content_element\">\n\t\t\n\t\t<figure class=\"wpb_wrapper vc_figure\">\n\t\t\t<a class=\"\" data-lightbox=\"lightbox[rel-779-3089688969]\" href=\"https:\/\/www.utsvirtual.edu.co\/sitio\/wp-content\/uploads\/2023\/09\/Estructura-organizacional-01-01-1024x576.png\" target=\"_self\" class=\"vc_single_image-wrapper   vc_box_border_grey\"><img decoding=\"async\" width=\"6644\" height=\"3737\" src=\"https:\/\/www.utsvirtual.edu.co\/sitio\/wp-content\/uploads\/2023\/09\/Estructura-organizacional-01-01.png\" class=\"vc_single_image-img attachment-full\" alt=\"\" title=\"Estructura organizacional-01-01\" srcset=\"https:\/\/www.utsvirtual.edu.co\/sitio\/wp-content\/uploads\/2023\/09\/Estructura-organizacional-01-01.png 6644w, https:\/\/www.utsvirtual.edu.co\/sitio\/wp-content\/uploads\/2023\/09\/Estructura-organizacional-01-01-300x169.png 300w, https:\/\/www.utsvirtual.edu.co\/sitio\/wp-content\/uploads\/2023\/09\/Estructura-organizacional-01-01-1024x576.png 1024w, https:\/\/www.utsvirtual.edu.co\/sitio\/wp-content\/uploads\/2023\/09\/Estructura-organizacional-01-01-150x84.png 150w, https:\/\/www.utsvirtual.edu.co\/sitio\/wp-content\/uploads\/2023\/09\/Estructura-organizacional-01-01-768x432.png 768w, https:\/\/www.utsvirtual.edu.co\/sitio\/wp-content\/uploads\/2023\/09\/Estructura-organizacional-01-01-1536x864.png 1536w, https:\/\/www.utsvirtual.edu.co\/sitio\/wp-content\/uploads\/2023\/09\/Estructura-organizacional-01-01-2048x1152.png 2048w\" sizes=\"(max-width: 6644px) 100vw, 6644px\" \/><\/a>\n\t\t<\/figure>\n\t<\/div>\n\n\t<div  class=\"wpb_single_image wpb_content_element vc_align_center wpb_content_element\">\n\t\t\n\t\t<figure class=\"wpb_wrapper vc_figure\">\n\t\t\t<a class=\"\" data-lightbox=\"lightbox[rel-779-1985548645]\" href=\"https:\/\/www.utsvirtual.edu.co\/sitio\/wp-content\/uploads\/2023\/09\/Estructura-organizacional-01-1024x576.png\" target=\"_self\" class=\"vc_single_image-wrapper   vc_box_border_grey\"><img decoding=\"async\" width=\"6644\" height=\"3737\" src=\"https:\/\/www.utsvirtual.edu.co\/sitio\/wp-content\/uploads\/2023\/09\/Estructura-organizacional-01.png\" class=\"vc_single_image-img attachment-full\" alt=\"\" title=\"Estructura organizacional-01\" srcset=\"https:\/\/www.utsvirtual.edu.co\/sitio\/wp-content\/uploads\/2023\/09\/Estructura-organizacional-01.png 6644w, https:\/\/www.utsvirtual.edu.co\/sitio\/wp-content\/uploads\/2023\/09\/Estructura-organizacional-01-300x169.png 300w, https:\/\/www.utsvirtual.edu.co\/sitio\/wp-content\/uploads\/2023\/09\/Estructura-organizacional-01-1024x576.png 1024w, https:\/\/www.utsvirtual.edu.co\/sitio\/wp-content\/uploads\/2023\/09\/Estructura-organizacional-01-150x84.png 150w, https:\/\/www.utsvirtual.edu.co\/sitio\/wp-content\/uploads\/2023\/09\/Estructura-organizacional-01-768x432.png 768w, https:\/\/www.utsvirtual.edu.co\/sitio\/wp-content\/uploads\/2023\/09\/Estructura-organizacional-01-1536x864.png 1536w, https:\/\/www.utsvirtual.edu.co\/sitio\/wp-content\/uploads\/2023\/09\/Estructura-organizacional-01-2048x1152.png 2048w\" sizes=\"(max-width: 6644px) 100vw, 6644px\" \/><\/a>\n\t\t<\/figure>\n\t<\/div>\n\n\t<div class=\"wpb_text_column wpb_content_element\" >\n\t\t<div class=\"wpb_wrapper\">\n\t\t\t<h3 style=\"text-align: center;\"><span style=\"color: #008000;\"><strong><a style=\"color: #008000;\" href=\"https:\/\/www.utsvirtual.edu.co\/sitio\/directorio-institucional\/\" target=\"_blank\" rel=\"noopener noreferrer\">Conocer el directorio Institucional<\/a> <\/strong><\/span>(tel\u00e9fonos, e-Mail)<\/h3>\n\n\t\t<\/div>\n\t<\/div>\n<\/div><\/div><\/div><\/div>\n<\/div>","protected":false},"excerpt":{"rendered":"Instituci\u00f3n Misi\u00f3n, Visi\u00f3n y Principios Direcci\u00f3n Historia de las UTS Consejo Directivo y Acad\u00e9mico Estructura Organizacional Programas Conocer el directorio Institucional (tel\u00e9fonos, e-Mail)","protected":false},"author":1,"featured_media":0,"parent":0,"menu_order":0,"comment_status":"closed","ping_status":"closed","template":"","meta":{"_monsterinsights_skip_tracking":false,"_monsterinsights_sitenote_active":false,"_monsterinsights_sitenote_note":"","_monsterinsights_sitenote_category":0,"_uf_show_specific_survey":0,"_uf_disable_surveys":false,"footnotes":""},"class_list":["post-779","page","type-page","status-publish","hentry"],"aioseo_notices":[],"_links":{"self":[{"href":"https:\/\/www.utsvirtual.edu.co\/sitio\/wp-json\/wp\/v2\/pages\/779","targetHints":{"allow":["GET"]}}],"collection":[{"href":"https:\/\/www.utsvirtual.edu.co\/sitio\/wp-json\/wp\/v2\/pages"}],"about":[{"href":"https:\/\/www.utsvirtual.edu.co\/sitio\/wp-json\/wp\/v2\/types\/page"}],"author":[{"embeddable":true,"href":"https:\/\/www.utsvirtual.edu.co\/sitio\/wp-json\/wp\/v2\/users\/1"}],"replies":[{"embeddable":true,"href":"https:\/\/www.utsvirtual.edu.co\/sitio\/wp-json\/wp\/v2\/comments?post=779"}],"version-history":[{"count":6,"href":"https:\/\/www.utsvirtual.edu.co\/sitio\/wp-json\/wp\/v2\/pages\/779\/revisions"}],"predecessor-version":[{"id":16509,"href":"https:\/\/www.utsvirtual.edu.co\/sitio\/wp-json\/wp\/v2\/pages\/779\/revisions\/16509"}],"wp:attachment":[{"href":"https:\/\/www.utsvirtual.edu.co\/sitio\/wp-json\/wp\/v2\/media?parent=779"}],"curies":[{"name":"wp","href":"https:\/\/api.w.org\/{rel}","templated":true}]}}