{"id":9426,"date":"2019-10-22T16:53:17","date_gmt":"2019-10-22T16:53:17","guid":{"rendered":"https:\/\/www.utsvirtual.edu.co\/sitio\/?page_id=9426"},"modified":"2020-10-26T22:19:12","modified_gmt":"2020-10-26T22:19:12","slug":"calendario-academico-i-2020","status":"publish","type":"page","link":"https:\/\/www.utsvirtual.edu.co\/sitio\/calendario-academico-i-2020\/","title":{"rendered":"Calendario Acad\u00e9mico I-2020"},"content":{"rendered":"<p>Tambi\u00e9n puedes descargarte el PDF del Calendario I semestre 2020 <a href=\"https:\/\/www.utsvirtual.edu.co\/sitio\/wp-content\/uploads\/2019\/10\/Calendario-Virtual-I-2020.pdf\">Aqu\u00ed<\/a><br \/>\n<iframe id=\"pdf\" src=\"http:\/\/docs.google.com\/gview?url=https:\/\/www.utsvirtual.edu.co\/sitio\/wp-content\/uploads\/2019\/10\/Calendario-Virtual-I-2020.pdf&#038;embedded=true\" width=\"100%\" height=\"550\" frameborder=\"0\" marginwidth=\"0\" marginheight=\"0\"><\/iframe><\/p>\n<p>Tambi\u00e9n puedes descargarte el PDF del Calendario I semestre 2020 <a href=\"https:\/\/www.utsvirtual.edu.co\/sitio\/wp-content\/uploads\/2019\/10\/Calendario-Virtual-I-2020.pdf\">Aqu\u00ed<\/a><\/p>\n","protected":false},"excerpt":{"rendered":"<p>Tambi\u00e9n puedes descargarte el PDF del Calendario I semestre 2020 Aqu\u00ed Tambi\u00e9n puedes descargarte el PDF del Calendario I semestre 2020 Aqu\u00ed<\/p>\n","protected":false},"author":4,"featured_media":0,"parent":0,"menu_order":0,"comment_status":"closed","ping_status":"closed","template":"","meta":{"_monsterinsights_skip_tracking":false,"_monsterinsights_sitenote_active":false,"_monsterinsights_sitenote_note":"","_monsterinsights_sitenote_category":0,"_uf_show_specific_survey":0,"_uf_disable_surveys":false,"footnotes":""},"class_list":["post-9426","page","type-page","status-publish","hentry"],"aioseo_notices":[],"_links":{"self":[{"href":"https:\/\/www.utsvirtual.edu.co\/sitio\/wp-json\/wp\/v2\/pages\/9426","targetHints":{"allow":["GET"]}}],"collection":[{"href":"https:\/\/www.utsvirtual.edu.co\/sitio\/wp-json\/wp\/v2\/pages"}],"about":[{"href":"https:\/\/www.utsvirtual.edu.co\/sitio\/wp-json\/wp\/v2\/types\/page"}],"author":[{"embeddable":true,"href":"https:\/\/www.utsvirtual.edu.co\/sitio\/wp-json\/wp\/v2\/users\/4"}],"replies":[{"embeddable":true,"href":"https:\/\/www.utsvirtual.edu.co\/sitio\/wp-json\/wp\/v2\/comments?post=9426"}],"version-history":[{"count":0,"href":"https:\/\/www.utsvirtual.edu.co\/sitio\/wp-json\/wp\/v2\/pages\/9426\/revisions"}],"wp:attachment":[{"href":"https:\/\/www.utsvirtual.edu.co\/sitio\/wp-json\/wp\/v2\/media?parent=9426"}],"curies":[{"name":"wp","href":"https:\/\/api.w.org\/{rel}","templated":true}]}}