{"id":989,"date":"2018-10-18T19:43:18","date_gmt":"2018-10-18T19:43:18","guid":{"rendered":"https:\/\/www.utsvirtual.edu.co\/sitio\/?page_id=989"},"modified":"2026-04-12T01:27:22","modified_gmt":"2026-04-12T01:27:22","slug":"profesional-en-administracion-de-empresas","status":"publish","type":"page","link":"https:\/\/www.utsvirtual.edu.co\/sitio\/profesional-en-administracion-de-empresas\/","title":{"rendered":"Administraci\u00f3n de Empresas"},"content":{"rendered":"<div class=\"wpb-content-wrapper\"><div class=\"vc_row wpb_row vc_row-fluid\"><div class=\"wpb_animate_when_almost_visible wpb_fadeIn fadeIn wpb_column vc_column_container vc_col-sm-12\"><div class=\"vc_column-inner\"><div class=\"wpb_wrapper\">\n\t<div  class=\"wpb_single_image wpb_content_element vc_align_center wpb_content_element wpb_animate_when_almost_visible wpb_bounceIn bounceIn\">\n\t\t\n\t\t<figure class=\"wpb_wrapper vc_figure\">\n\t\t\t<div class=\"vc_single_image-wrapper   vc_box_border_grey\"><img fetchpriority=\"high\" decoding=\"async\" width=\"1600\" height=\"624\" src=\"https:\/\/www.utsvirtual.edu.co\/sitio\/wp-content\/uploads\/2026\/04\/ProfeAdmonEmpresas2026.jpeg\" class=\"vc_single_image-img attachment-full\" alt=\"\" title=\"ProfeAdmonEmpresas2026\" srcset=\"https:\/\/www.utsvirtual.edu.co\/sitio\/wp-content\/uploads\/2026\/04\/ProfeAdmonEmpresas2026.jpeg 1600w, https:\/\/www.utsvirtual.edu.co\/sitio\/wp-content\/uploads\/2026\/04\/ProfeAdmonEmpresas2026-300x117.jpeg 300w, https:\/\/www.utsvirtual.edu.co\/sitio\/wp-content\/uploads\/2026\/04\/ProfeAdmonEmpresas2026-1024x399.jpeg 1024w, https:\/\/www.utsvirtual.edu.co\/sitio\/wp-content\/uploads\/2026\/04\/ProfeAdmonEmpresas2026-150x59.jpeg 150w, https:\/\/www.utsvirtual.edu.co\/sitio\/wp-content\/uploads\/2026\/04\/ProfeAdmonEmpresas2026-768x300.jpeg 768w, https:\/\/www.utsvirtual.edu.co\/sitio\/wp-content\/uploads\/2026\/04\/ProfeAdmonEmpresas2026-1536x599.jpeg 1536w\" sizes=\"(max-width: 1600px) 100vw, 1600px\" \/><\/div>\n\t\t<\/figure>\n\t<\/div>\n<\/div><\/div><\/div><\/div><div class=\"vc_row wpb_row vc_row-fluid\"><div class=\"wpb_column vc_column_container vc_col-sm-8\"><div class=\"vc_column-inner\"><div class=\"wpb_wrapper\"><div class=\"vc_message_box vc_message_box-solid-icon vc_message_box-rounded vc_color-peacoc vc_do_message\" ><div class=\"vc_message_box-icon\"><i class=\"\"><\/i><\/div><p><span style=\"color: #008000;\"><strong>Datos generales del programa:<\/strong><\/span><\/p>\n<p style=\"text-align: justify;\"><span style=\"color: #000000;\"><span style=\"color: #008000;\"><strong>Denominaci\u00f3n del Programa<\/strong><strong>:<\/strong><\/span><span style=\"color: #000000;\"> Administraci\u00f3n de Empresas &#8211;\u00a0 <\/span><em><span style=\"color: #339966;\"><span style=\"color: #339966;\">Articulado en ciclos proped\u00e9uticos con el programa de Tecnolog\u00eda en Gesti\u00f3n Empresarial.\u00a0<\/span><\/span><\/em><\/span><br \/>\n<span style=\"color: #000000;\">Resoluci\u00f3n MEN No. <a href=\"https:\/\/www.utsvirtual.edu.co\/sitio\/wp-content\/uploads\/2022\/02\/RESOLUCION-ADMON-VIRTUAL.pdf\" target=\"_blank\" rel=\"noopener\">015865 21 de septiembre de 2018<\/a> y <a href=\"https:\/\/www.utsvirtual.edu.co\/sitio\/wp-content\/uploads\/2022\/02\/R_009347_02092019.pdf\" target=\"_blank\" rel=\"noopener\">009347 del 02 de Septiembre de 2019<\/a> &#8211; <span style=\"color: #339966;\"><em>Vigencia por el termino de siete (7) a\u00f1os &#8211;\u00a0 <\/em><\/span>Cod SNIES: 107432<\/span><br \/>\n<span style=\"color: #000000;\"><span style=\"color: #008000;\"><strong>T\u00edtulo Otorgado:<\/strong> <\/span> Profesional en Administraci\u00f3n de Empresas<\/span><br \/>\n<span style=\"color: #000000;\"><span style=\"color: #008000;\"><strong>Duraci\u00f3n del programa:<\/strong><\/span><span style=\"color: #000000;\"> 10 semestres <span style=\"color: #339966;\"><em>(6 semestres tecnolog\u00eda y 4 semestres nivel profesional)<\/em><\/span> \u2013 20 trimestres <span style=\"color: #339966;\"><em>(12 trimestres tecnolog\u00eda y 8 trimestres nivel profesional)<\/em><\/span> | N\u00famero de cr\u00e9ditos: 175<\/span><\/span><br \/>\n<span style=\"color: #339966;\"><span style=\"color: #008000;\"><strong>Valor Semestre<\/strong>:<\/span> <span style=\"color: #000000;\">2 Salarios m\u00ednimos legales mensuales vigentes.<\/span><\/span><br \/>\n<span style=\"color: #000000;\"><span style=\"color: #008000;\"><strong>Requisitos:<\/strong> <\/span>Haber obtenido el t\u00edtulo de Tecn\u00f3logo en Gesti\u00f3n Empresarial<\/span><br \/>\n<span style=\"color: #000000;\"><span style=\"color: #008000;\"><strong>Modalidad: <\/strong><\/span>Virtual<\/span><br \/>\n<span style=\"color: #000000;\"><em>*Pens\u00fam del 2015 hacia atr\u00e1s requieren curso Nivelatorio.<\/em><\/span><\/p>\n<\/div><div class=\"vc_message_box vc_message_box-solid-icon vc_message_box-rounded vc_color-peacoc vc_do_message\" ><div class=\"vc_message_box-icon\"><i class=\"\"><\/i><\/div><p><span style=\"color: #008000;\"><strong>Presentaci\u00f3n del programa:<\/strong><\/span><\/p>\n<p style=\"text-align: Justify;\"><span style=\"color: #000000;\">Es de gran importancia considerar la cooperaci\u00f3n del sector laboral y de la academia en proyectos que incluyan ciencia, tecnolog\u00eda e innovaci\u00f3n, con el prop\u00f3sito de lograr un impacto positivo y sostenible en los diferentes escenarios empresariales en los que se desarrollan los estudiantes y egresados.<\/span><\/p>\n<p style=\"text-align: left;\"><span style=\"color: #000000;\">Actualmente las empresas deben trabajar en contextos globalizados y ambientes competitivos, lo que hace imprescindible que el profesional en Administraci\u00f3n de Empresas virtual, est\u00e9 preparado para afrontar los desaf\u00edos gerenciales y perspectivas globales en las organizaciones, con un fuerte componente de innovaci\u00f3n prospectiva, basado fundamentalmente en la investigaci\u00f3n, que permita tener est\u00e1ndares internacionales que contribuyan a mejorar la calidad en la formaci\u00f3n y desempe\u00f1o de los egresados de nuestra Instituci\u00f3n.<\/span><\/p>\n<\/div><\/div><\/div><\/div><div class=\"wpb_column vc_column_container vc_col-sm-4\"><div class=\"vc_column-inner\"><div class=\"wpb_wrapper\"><div class=\"vc_btn3-container vc_btn3-center vc_do_btn\" ><a class=\"vc_general vc_btn3 vc_btn3-size-lg vc_btn3-shape-rounded vc_btn3-style-modern vc_btn3-icon-left vc_btn3-color-green\" href=\"https:\/\/www.utsvirtual.edu.co\/sitio\/admisiones-modalidad-virtual\/\" title=\"Admisiones\"><i class=\"vc_btn3-icon fa fa-address-card\"><\/i> \u00a1Inscr\u00edbete ya!<\/a><\/div><div class=\"vc_separator wpb_content_element vc_separator_align_center vc_sep_width_100 vc_sep_border_width_2 vc_sep_pos_align_center vc_separator_no_text vc_sep_color_green wpb_content_element  wpb_content_element\" ><span class=\"vc_sep_holder vc_sep_holder_l\"><span class=\"vc_sep_line\"><\/span><\/span><span class=\"vc_sep_holder vc_sep_holder_r\"><span class=\"vc_sep_line\"><\/span><\/span>\n<\/div>\n\t<div class=\"wpb_text_column wpb_content_element\" >\n\t\t<div class=\"wpb_wrapper\">\n\t\t\t<p style=\"text-align: center;\">\n<div class=\"wpcf7 no-js\" id=\"wpcf7-f11255-o1\" lang=\"es-CO\" dir=\"ltr\" data-wpcf7-id=\"11255\">\n<div class=\"screen-reader-response\"><p role=\"status\" aria-live=\"polite\" aria-atomic=\"true\"><\/p> <ul><\/ul><\/div>\n<form action=\"\/sitio\/wp-json\/wp\/v2\/pages\/989#wpcf7-f11255-o1\" method=\"post\" class=\"wpcf7-form init\" aria-label=\"Formulario de contacto\" novalidate=\"novalidate\" data-status=\"init\">\n<fieldset class=\"hidden-fields-container\"><input type=\"hidden\" name=\"_wpcf7\" value=\"11255\" \/><input type=\"hidden\" name=\"_wpcf7_version\" value=\"6.1.5\" \/><input type=\"hidden\" name=\"_wpcf7_locale\" value=\"es_CO\" \/><input type=\"hidden\" name=\"_wpcf7_unit_tag\" value=\"wpcf7-f11255-o1\" \/><input type=\"hidden\" name=\"_wpcf7_container_post\" value=\"0\" \/><input type=\"hidden\" name=\"_wpcf7_posted_data_hash\" value=\"\" \/><input type=\"hidden\" name=\"_wpcf7_recaptcha_response\" value=\"\" \/>\n<\/fieldset>\n<p><label> Nombre:<br \/>\n<span class=\"wpcf7-form-control-wrap\" data-name=\"your-name\"><input size=\"40\" maxlength=\"400\" class=\"wpcf7-form-control wpcf7-text wpcf7-validates-as-required\" aria-required=\"true\" aria-invalid=\"false\" value=\"\" type=\"text\" name=\"your-name\" \/><\/span> <\/label>\n<\/p>\n<p><label> Correo Electr\u00f3nico:<br \/>\n<span class=\"wpcf7-form-control-wrap\" data-name=\"your-email\"><input size=\"40\" maxlength=\"400\" class=\"wpcf7-form-control wpcf7-email wpcf7-validates-as-required wpcf7-text wpcf7-validates-as-email\" aria-required=\"true\" aria-invalid=\"false\" value=\"\" type=\"email\" name=\"your-email\" \/><\/span> <\/label>\n<\/p>\n<p><label>Tel\u00e9fono:<br \/>\n<span class=\"wpcf7-form-control-wrap\" data-name=\"tel-114\"><input size=\"40\" maxlength=\"400\" class=\"wpcf7-form-control wpcf7-tel wpcf7-text wpcf7-validates-as-tel\" aria-invalid=\"false\" value=\"\" type=\"tel\" name=\"tel-114\" \/><\/span> <\/label>\n<\/p>\n<p><label> Autorizo el tratamiento de mis datos personales: <span class=\"wpcf7-form-control-wrap\" data-name=\"acceptance\"><span class=\"wpcf7-form-control wpcf7-acceptance\"><span class=\"wpcf7-list-item\"><input type=\"checkbox\" name=\"acceptance\" value=\"1\" aria-invalid=\"false\" \/><\/span><\/span><\/span> <\/label><br \/>\n<a href=\"https:\/\/www.uts.edu.co\/sitio\/wp-content\/uploads\/normatividad\/acuerdos\/acu-65.pdf?_t=1621357271\" target=\"_blank\" style=\"color:#018BFF\";>Ver autorizaci\u00f3n para tratamiento de datos<\/a>\n<\/p>\n<p><input class=\"wpcf7-form-control wpcf7-submit has-spinner\" type=\"submit\" value=\"Enviar\" \/>\n<\/p><div class=\"wpcf7-response-output\" aria-hidden=\"true\"><\/div>\n<\/form>\n<\/div>\n\n\t\t<\/div>\n\t<\/div>\n<\/div><\/div><\/div><\/div><div class=\"vc_row wpb_row vc_row-fluid vc_custom_1588907439193 vc_row-has-fill\"><div class=\"wpb_column vc_column_container vc_col-sm-8\"><div class=\"vc_column-inner\"><div class=\"wpb_wrapper\">\n\t<div class=\"wpb_text_column wpb_content_element\" >\n\t\t<div class=\"wpb_wrapper\">\n\t\t\t<p style=\"text-align: center;\"><span style=\"color: #ffffff;\">El plan de estudios est\u00e1 dise\u00f1ado de forma modular para aprovechar el tiempo de autoestudio y el trabajo colaborativo.<\/span><\/p>\n\n\t\t<\/div>\n\t<\/div>\n<\/div><\/div><\/div><div class=\"wpb_column vc_column_container vc_col-sm-4\"><div class=\"vc_column-inner\"><div class=\"wpb_wrapper\">\n\t<div class=\"wpb_text_column wpb_content_element\" >\n\t\t<div class=\"wpb_wrapper\">\n\t\t\t<p style=\"text-align: center;\"><button class=\"\" type=\"button\"><\/button><button class=\"btn btn-info sg-popup-id-1241\" type=\"button\"><a href=\"https:\/\/www.utsvirtual.edu.co\/sitio\/wp-content\/uploads\/2026\/01\/Plan-de-estudios-AdmoEmpresas.pdf\" target=\"_blank\" rel=\"noopener\">Consultar Plan de estudios TGEV<\/a><\/button><\/p>\n\n\t\t<\/div>\n\t<\/div>\n<\/div><\/div><\/div><\/div><div class=\"vc_row wpb_row vc_row-fluid\"><div class=\"wpb_column vc_column_container vc_col-sm-12\"><div class=\"vc_column-inner\"><div class=\"wpb_wrapper\"><div class=\"vc_message_box vc_message_box-standard vc_message_box-rounded vc_color-pink vc_do_message\" ><div class=\"vc_message_box-icon\"><i class=\"fa fa-solid fa-circle-info\"><\/i><\/div><p><span style=\"color: #ffffff;\"><span style=\"color: #ff0000;\"><strong>Recuerde que debe cursar los dos niveles de Ingl\u00e9s III y IV del programa acad\u00e9mico, estos se cursan a trav\u00e9s de matriculaci\u00f3n desde la Coordinaci\u00f3n de idiomas. (No tiene costo)\u00a0<\/strong><\/span><\/span><\/p>\n<\/div>\n\t<div class=\"wpb_text_column wpb_content_element\" >\n\t\t<div class=\"wpb_wrapper\">\n\t\t\t<h3 style=\"text-align: left;\"><strong><span style=\"color: #008000;\">Perfil Profesional<\/span><\/strong><\/h3>\n<p>div class=&#8221;parrafo-siderbar&#8221;&gt;<\/p>\n<p class=\"parrafo-siderbar\" style=\"text-align: justify;\"><span style=\"color: #000000;\">El profesional de Administraci\u00f3n de Empresas, modalidad virtual, ser\u00e1 un profesional enfocado en generar soluciones empresariales basadas en la toma de decisiones, por medio de herramientas tecnol\u00f3gicas que integra el proceso administrativo y proporciona as\u00ed recursos anal\u00edticos y efectivos en la soluci\u00f3n del problema, sin descuidar su entorno y contorno organizacional, como su cliente interno, externo y todo los grupos de inter\u00e9s que interact\u00faan dentro y fuera de la organizaci\u00f3n para mantener una relaci\u00f3n adecuada en su responsabilidad social empresarial.<\/span><\/p>\n\n\t\t<\/div>\n\t<\/div>\n<div class=\"vc_separator wpb_content_element vc_separator_align_center vc_sep_width_100 vc_sep_border_width_2 vc_sep_pos_align_center vc_separator_no_text vc_sep_color_green wpb_content_element  wpb_content_element\" ><span class=\"vc_sep_holder vc_sep_holder_l\"><span class=\"vc_sep_line\"><\/span><\/span><span class=\"vc_sep_holder vc_sep_holder_r\"><span class=\"vc_sep_line\"><\/span><\/span>\n<\/div><\/div><\/div><\/div><\/div><div class=\"vc_row wpb_row vc_row-fluid\"><div class=\"wpb_column vc_column_container vc_col-sm-6\"><div class=\"vc_column-inner\"><div class=\"wpb_wrapper\">\n\t<div class=\"wpb_text_column wpb_content_element\" >\n\t\t<div class=\"wpb_wrapper\">\n\t\t\t<h3 class=\"titulo-siderbar\" style=\"text-align: justify;\"><strong><span style=\"color: #008000;\">Campos de Acci\u00f3n<\/span><\/strong><\/h3>\n<div class=\"parrafo-siderbar\">\n<p style=\"text-align: justify;\"><span style=\"color: #000000;\">Las funciones que un Administrador de Empresas puede desarrollar son:<\/span><\/p>\n<ul>\n<li style=\"text-align: justify;\"><span style=\"color: #000000;\">Liderar equipos de trabajo que generen efectividad en los recursos y optimizar los procesos de manufactura o de prestaci\u00f3n de servicios de una organizaci\u00f3n.<\/span><\/li>\n<li style=\"text-align: justify;\"><span style=\"color: #000000;\">Administrar procesos de integraci\u00f3n de talento humano e innovar con estrategias para el desarrollo de las funciones que formen un capital intelectual en la organizaci\u00f3n.<\/span><\/li>\n<li style=\"text-align: justify;\"><span style=\"color: #000000;\">Dise\u00f1ar el plan Estrat\u00e9gico integral de mercadeo de la organizaci\u00f3n con estrategias asertivas para obtener un mejor posicionamiento.<\/span><\/li>\n<li style=\"text-align: justify;\"><span style=\"color: #000000;\">Generar oportunidades y dise\u00f1ar el plan de nuevos negocios en situaciones de globalizaci\u00f3n.<\/span><\/li>\n<\/ul>\n<\/div>\n\n\t\t<\/div>\n\t<\/div>\n<\/div><\/div><\/div><div class=\"wpb_column vc_column_container vc_col-sm-6\"><div class=\"vc_column-inner\"><div class=\"wpb_wrapper\">\n\t<div class=\"wpb_text_column wpb_content_element\" >\n\t\t<div class=\"wpb_wrapper\">\n\t\t\t<div class=\"wpb_text_column wpb_content_element \">\n<div class=\"wpb_wrapper\">\n<div class=\"wpb_text_column wpb_content_element \">\n<div class=\"wpb_wrapper\">\n<div class=\"wpb_text_column wpb_content_element \">\n<div class=\"wpb_wrapper\">\n<h3 class=\"blanco\"><span style=\"color: #008000;\"><strong><span class=\"naranja\">\u00a1CONT\u00c1CTANOS<\/span>\u00a0<\/strong>YA!<\/span><\/h3>\n<\/div>\n<\/div>\n<div class=\"wpb_text_column wpb_content_element vc_custom_1509129306995\">\n<div class=\"wpb_wrapper\">\n<p><span style=\"color: #000000;\"><strong>Adriana Mart\u00ednez Cervele\u00f3n<\/strong><br \/>\nCoordinadora Administraci\u00f3n de Empresas Virtual<br \/>\nTel: (+ 57)+60+7 + 6917700 ext. 4308<br \/>\n<span style=\"color: #339966;\"><strong>Correo Direcci\u00f3n Educaci\u00f3n Virtual:<\/strong><\/span> <a style=\"color: #000000;\" href=\"mailto:direccionvirtual@correo.uts.edu.co\">direccionvirtual@correo.uts.edu.co <\/a><br \/>\n<span style=\"color: #008000;\"><strong><span style=\"color: #339966;\">Correo Coordinaci\u00f3n Administraci\u00f3n de Empresas Virtual<\/span><span style=\"color: #339966;\">: <\/span><\/strong><a href=\"mailto:virtualadmonempresas@correo.uts.edu.co\"><span style=\"color: #000000;\">virtualadmonempresas@correo.uts.edu.co<\/span><\/a><\/span><br \/>\n<\/span><\/div>\n<\/div>\n<\/div>\n<\/div>\n<div class=\"wpb_text_column wpb_content_element vc_custom_1509129306995\">\n<div class=\"wpb_wrapper\">\n<p>&nbsp;\n<\/p><\/div>\n<\/div>\n<\/div>\n<\/div>\n\n\t\t<\/div>\n\t<\/div>\n<\/div><\/div><\/div><\/div>\n<\/div>","protected":false},"excerpt":{"rendered":"Datos generales del programa: Denominaci\u00f3n del Programa: Administraci\u00f3n de Empresas -\u00a0 Articulado en ciclos proped\u00e9uticos con el programa de Tecnolog\u00eda en Gesti\u00f3n Empresarial.\u00a0 Resoluci\u00f3n MEN No. 015865 21 de septiembre&hellip;","protected":false},"author":4,"featured_media":0,"parent":0,"menu_order":0,"comment_status":"closed","ping_status":"closed","template":"","meta":{"_monsterinsights_skip_tracking":false,"_monsterinsights_sitenote_active":false,"_monsterinsights_sitenote_note":"","_monsterinsights_sitenote_category":0,"_uf_show_specific_survey":0,"_uf_disable_surveys":false,"footnotes":""},"class_list":["post-989","page","type-page","status-publish","hentry"],"aioseo_notices":[],"_links":{"self":[{"href":"https:\/\/www.utsvirtual.edu.co\/sitio\/wp-json\/wp\/v2\/pages\/989","targetHints":{"allow":["GET"]}}],"collection":[{"href":"https:\/\/www.utsvirtual.edu.co\/sitio\/wp-json\/wp\/v2\/pages"}],"about":[{"href":"https:\/\/www.utsvirtual.edu.co\/sitio\/wp-json\/wp\/v2\/types\/page"}],"author":[{"embeddable":true,"href":"https:\/\/www.utsvirtual.edu.co\/sitio\/wp-json\/wp\/v2\/users\/4"}],"replies":[{"embeddable":true,"href":"https:\/\/www.utsvirtual.edu.co\/sitio\/wp-json\/wp\/v2\/comments?post=989"}],"version-history":[{"count":37,"href":"https:\/\/www.utsvirtual.edu.co\/sitio\/wp-json\/wp\/v2\/pages\/989\/revisions"}],"predecessor-version":[{"id":17951,"href":"https:\/\/www.utsvirtual.edu.co\/sitio\/wp-json\/wp\/v2\/pages\/989\/revisions\/17951"}],"wp:attachment":[{"href":"https:\/\/www.utsvirtual.edu.co\/sitio\/wp-json\/wp\/v2\/media?parent=989"}],"curies":[{"name":"wp","href":"https:\/\/api.w.org\/{rel}","templated":true}]}}